{"id":90,"date":"2018-09-10T21:19:48","date_gmt":"2018-09-10T19:19:48","guid":{"rendered":"http:\/\/klaerwerk.querfeldeins.org\/?page_id=90"},"modified":"2019-09-15T15:39:36","modified_gmt":"2019-09-15T13:39:36","slug":"datenschutzerklaerung-2","status":"publish","type":"page","link":"https:\/\/www.klaerwerk-krefeld.org\/index.php\/datenschutzerklaerung-2\/","title":{"rendered":"Datenschutzerkl\u00e4rung"},"content":{"rendered":"<p>Die Adresse dieser Website ist: https:\/\/www.klaerwerk-krefeld.org.<\/p>\n<h2>Welche personenbezogenen Daten wir sammeln und warum wir sie sammeln<\/h2>\n<div class=\"n module-type-header diyfeLiveArea \">\n<h1><span class=\"diyfeDecoration\">Datenschutzordnung des Vereins zum Erhalt des historischen Kl\u00e4rwerks in Krefeld Uerdingen e.V.\u00a0<\/span><\/h1>\n<\/div>\n<div class=\"n module-type-text diyfeLiveArea \">\n<p><strong>Pr\u00e4ambel<\/strong><\/p>\n<p>Der Vereins zum Erhalt des historischen Kl\u00e4rwerks in Krefeld Uerdingen e.V.\u00a0 verarbeitet in vielfacher Weise automatisiert personenbezogene Daten (z.B. im Rahmen der Vereinsverwaltung, der Organisation des Vereins, der \u00d6ffentlichkeitsarbeit des Vereins). Um die Vorgaben der EU-Datenschutz-Grundverordnung und des Bundesdatenschutzgesetzes zu erf\u00fcllen, Datenschutzverst\u00f6\u00dfe zu vermeiden und einen einheitlichen Umgang mit personenbezogenen Daten innerhalb des Vereins zu gew\u00e4hrleisten, gibt sich der Verein die nachfolgende Datenschutzordnung.<\/p>\n<p><strong>\u00a7 1 Allgemeines<\/strong><\/p>\n<p>Der Verein verarbeitet personenbezogene Daten u.a. von Mitgliedern, Teilnehmerinnen und Teilnehmern am Vereinsbetrieb und Mitarbeiterinnen und Mitarbeitern sowohl automatisiert in EDV-Anlagen als auch nicht automatisiert in einem Dateisystem, z.B. in Form von ausgedruckten Listen. Dar\u00fcber hinaus werden personenbezogene Daten im Internet ver\u00f6ffentlicht und an Dritte weitergeleitet oder Dritten offengelegt. In all diesen F\u00e4llen ist die EU-Datenschutz-Grundverordnung, das Bundesdatenschutzgesetz und diese Datenschutzordnung durch alle Personen im Verein, die personenbezogene Daten verarbeiten, zu beachten.<\/p>\n<p><strong>\u00a7 2 Verarbeitung personenbezogener Daten der Mitglieder<\/strong><\/p>\n<p>1. Der Verein verarbeitet die Daten unterschiedlicher Kategorien von Personen. F\u00fcr jede Kategorie von betroffenen Personen wird im Verzeichnis der Verarbeitungst\u00e4tigkeiten ein Einzelblatt angelegt.<\/p>\n<p>2. Im Rahmen des Mitgliedschaftsverh\u00e4ltnisses verarbeitet der Verein insbesondere die folgenden Daten der Mitglieder: Geschlecht, Vorname, Nachname, Titel, Anschrift (Stra\u00dfe, Hausnummer, Postleitzahl, Ort), Geburtsdatum, Datum des Vereinsbeitritts, Bankverbindung, ggf. die Namen und Kontaktdaten der gesetzlichen Vertreter, Telefonnummern und E-Mail-Adressen, ggf. Funktion im Verein, ggf. Haushalts- und Familienzugeh\u00f6rigkeit bei Zuordnung zum Familienbeitrag.<\/p>\n<p><strong>\u00a7 3 Datenverarbeitung im Rahmen der \u00d6ffentlichkeitsarbeit<\/strong><\/p>\n<p>1. Im Rahmen der \u00d6ffentlichkeitsarbeit \u00fcber Vereinsaktivit\u00e4ten werden personenbezogene Daten in Aush\u00e4ngen, in vereinseigenen Ver\u00f6ffentlichungen (Flyer, Brosch\u00fcren usw.) und in Internetauftritten ver\u00f6ffentlicht und an die Presse weitergegeben.<\/p>\n<p>2. Hierzu z\u00e4hlen insbesondere die Daten, die aus allgemein zug\u00e4nglichen Quellen stammen: Teilnehmer an Veranstaltungen des Vereins, Alter oder Geburtsjahrgang.<\/p>\n<p>3. Die Ver\u00f6ffentlichung von Fotos und Videos bei \u00f6ffentlichen, sowie vom Verein organisierten Veranstaltungen und typischen Vereinst\u00e4tigkeiten dient der Dokumentation und damit der Au\u00dfendarstellung des Vereins. Einzelaufnahmen, die keinen Zusammenhang mit der ver\u00f6ffentlichten Veranstaltung bzw. T\u00e4tigkeit erkennen lassen, sowie ausserhalb der vorgenannten Gelegenheiten gemachten Fotos und Videos werden ausschlie\u00dflich auf Grundlage einer Einwilligung der abgebildeten Personen ver\u00f6ffentlicht.<\/p>\n<p>4. Auf der Internetseite des Vereins k\u00f6nnen die Daten der Mitglieder des Vorstands mit Vorname, Nachname, Funktion, E-Mail-Adresse und Telefonnummer ver\u00f6ffentlicht werden.<\/p>\n<p><strong>\u00a7 4 Zust\u00e4ndigkeiten f\u00fcr die Datenverarbeitung im Verein<\/strong><\/p>\n<p>Verantwortlich f\u00fcr die Einhaltung der datenschutzrechtlichen Vorgaben ist der Vorstand nach \u00a7 26 BGB. Funktional ist die Aufgabe dem Ressort \u201eGesch\u00e4ftsf\u00fchrung\u201c zugeordnet, soweit die Satzung oder diese Ordnung nicht etwas Abweichendes regelt.<\/p>\n<p>Die Gesch\u00e4ftsf\u00fchrung stellt sicher, dass Verzeichnisse der Verarbeitungst\u00e4tigkeiten nach Art. 30 DSGVO gef\u00fchrt und die Informationspflichten nach Art. 13 und 14 DSGVO erf\u00fcllt werden. Sie ist f\u00fcr die Beantwortung von Auskunftsverlangen von betroffenen Personen zust\u00e4ndig.<\/p>\n<p>Post: Vereins zum Erhalt des historischen Kl\u00e4rwerks in Krefeld Uerdingen e.V.\u00a0<br \/>Rundweg 20-22 in 47829 Krefeld, E-Mail: info@klaerwerk-krefeld.org<\/p>\n<p><strong>\u00a7 5 Verwendung und Herausgabe von Mitgliederdaten und -listen<\/strong><\/p>\n<p>1. Listen von Mitgliedern oder Teilnehmern werden den jeweiligen Mitarbeiterinnen und Mitarbeitern im Verein (z.B. Vorstandsmitgliedern) insofern zur Verf\u00fcgung gestellt, wie es die jeweilige Aufgabenstellung erfordert. Beim Umfang der dabei verwendeten personenbezogenen Daten ist das Gebot der Datensparsamkeit zu beachten.<\/p>\n<p>2. Personenbezogene Daten von Mitgliedern d\u00fcrfen an andere Vereinsmitglieder nur herausgegeben werden, wenn die Einwilligung der betroffenen Person vorliegt. Die Nutzung von Teilnehmerlisten, in die sich die Teilnehmer von Versammlungen und anderen Veranstaltungen zum Beispiel zum Nachweis der Anwesenheit eintragen, gilt nicht als eine solche Herausgabe.<\/p>\n<p>3. Macht ein Mitglied glaubhaft, dass es eine Mitgliederliste zur Wahrnehmung satzungsgem\u00e4\u00dfer oder gesetzlicher Rechte ben\u00f6tigt (z.B. um die Einberufung einer Mitgliederversammlung im Rahmen des Minderheitenbegehrens zu beantragen), stellt der Vorstand eine Kopie der Mitgliederliste mit Vornamen, Nachnamen und Anschrift als Ausdruck oder als Datei zur Verf\u00fcgung. Das Mitglied, welches das Minderheitenbegehren initiiert, hat vorher eine Versicherung abzugeben, dass diese Daten ausschlie\u00dflich f\u00fcr diesen Zweck verwendet und nach der Verwendung vernichtet werden.<\/p>\n<p><strong>\u00a7 6 Kommunikation per E-Mail<\/strong><\/p>\n<p>1. F\u00fcr die Kommunikation per E-Mail richtet der Verein einen vereinseigenen E-Mail-Account ein, der im Rahmen der vereinsinternen Kommunikation ausschlie\u00dflich zu nutzen ist.<\/p>\n<p>2. Beim Versand von E-Mails an eine Vielzahl von Personen, die nicht in einem st\u00e4ndigen Kontakt per E-Mail untereinander stehen und\/oder deren private E-Mail-Accounts verwendet werden, sind die E-Mail-Adressen als \u201ebcc\u201c zu versenden.<\/p>\n<p><strong>\u00a7 7 Verpflichtung auf die Vertraulichkeit<\/strong><\/p>\n<p>Alle Mitarbeiterinnen und Mitarbeiter im Verein, die Umgang mit personenbezogenen Daten haben (z.B. Mitglieder des Vorstands, \u00dcbungsleiterinnen und \u00dcbungsleiter), sind auf den vertraulichen Umgang mit personenbezogenen Daten zu verpflichten.<\/p>\n<p><strong>\u00a7 8 Datenschutzbeauftragter<\/strong><\/p>\n<p>Da im Vereins zum Erhalt des historischen Kl\u00e4rwerks in Krefeld Uerdingen e.V.\u00a0 weniger als 10 Personen st\u00e4ndig mit der automatisierten Verarbeitung personenbezogener Daten besch\u00e4ftigt sind, ist die Benennung eines Datenschutzbeauftragten nicht erforderlich.<\/p>\n<p><strong>\u00a7 9 Einrichtung und Unterhaltung von Internetauftritten<\/strong><\/p>\n<p>1. Die Einrichtung und Unterhaltung von Auftritten im Internet obliegt dem Ressort \u201eGesch\u00e4ftsf\u00fchrung\u201c. \u00c4nderungen d\u00fcrfen ausschlie\u00dflich von dort vorgenommen werden.<\/p>\n<p>2. Das Ressort \u201eGesch\u00e4ftsf\u00fchrung\u201c ist f\u00fcr die Einhaltung der Datenschutzbestimmungen im Zusammenhang mit Online-Auftritten verantwortlich.<\/p>\n<p>3. Abteilungen, Gruppen und Mannschaften bed\u00fcrfen f\u00fcr die Einrichtung eigener Internetauftritte (z.B. Homepage, Facebook, Twitter) der ausdr\u00fccklichen Genehmigung des gesch\u00e4ftsf\u00fchrenden Vorstands. F\u00fcr den Betrieb eines Internetauftritts haben die Abteilungen, Gruppen Verantwortliche zu benennen, denen gegen\u00fcber das Ressort \u201eGesch\u00e4ftsf\u00fchrung\u201c weisungsbefugt ist. Bei Verst\u00f6\u00dfen gegen datenschutzrechtliche Vorgaben und Missachtung von Weisungen der Gesch\u00e4ftsf\u00fchrung kann der Vorstand nach \u00a7 26 BGB die Genehmigung f\u00fcr den Betrieb eines Internetauftritts widerrufen. Die Entscheidung des Vorstands nach \u00a7 26 BGB ist unanfechtbar.<\/p>\n<p><strong>\u00a7 10 Verst\u00f6\u00dfe gegen datenschutzrechtliche Vorgaben und diese Ordnung<\/strong><\/p>\n<p>1. Alle Mitarbeiterinnen und Mitarbeiter des Vereins d\u00fcrfen nur im Rahmen ihrer jeweiligen Befugnisse Daten verarbeiten. Eine eigenm\u00e4chtige<a name=\"_GoBack\"><\/a> Datenerhebung, -nutzung oder \u2013weitergabe ist untersagt.<\/p>\n<p>2. Verst\u00f6\u00dfe gegen allgemeine datenschutzrechtliche Vorgaben und insbesondere gegen diese Datenschutzordnung k\u00f6nnen gem\u00e4\u00df den Sanktionsmitteln, wie sie in der Satzung vorgesehen sind, geahndet werden.<\/p>\n<p><strong>\u00a7 11 Inkrafttreten<\/strong><\/p>\n<p>Diese Datenschutzordnung tritt mit Ver\u00f6ffentlichung auf der Homepage des Vereins in Kraft.<\/p>\n<\/div>\n<div class=\"n module-type-header diyfeLiveArea \">\n<h1><span class=\"diyfeDecoration\">Datenschutzerkl\u00e4rung<\/span><\/h1>\n<\/div>\n<div class=\"n module-type-text diyfeLiveArea \">\n<p><strong>Allgemeine Datenschutzerkl\u00e4rung<\/strong><\/p>\n<p>Durch die Nutzung unserer Website erkl\u00e4ren Sie sich mit der Erhebung, Verarbeitung und Nutzung von Daten gem\u00e4\u00df der nachfolgenden Beschreibung einverstanden. Unsere Website kann grunds\u00e4tzlich ohne Registrierung besucht werden. Dabei werden Daten wie beispielsweise aufgerufene Seiten bzw. Namen der abgerufenen Datei, Datum und Uhrzeit zu statistischen Zwecken auf dem Server gespeichert, ohne dass diese Daten unmittelbar auf Ihre Person bezogen werden. Personenbezogene Daten, insbesondere Name, Adresse oder E-Mail-Adresse werden soweit m\u00f6glich auf freiwilliger Basis erhoben. Ohne Ihre Einwilligung erfolgt keine Weitergabe der Daten an Dritte.<\/p>\n<p><strong>Datenschutzerkl\u00e4rung f\u00fcr Cookies<\/strong><\/p>\n<p>Unsere Website verwendet Cookies. Das sind kleine Textdateien, die es m\u00f6glich machen, auf dem Endger\u00e4t des Nutzers spezifische, auf den Nutzer bezogene Informationen zu speichern, w\u00e4hrend er die Website nutzt. Cookies erm\u00f6glichen es, insbesondere Nutzungsh\u00e4ufigkeit und Nutzeranzahl der Seiten zu ermitteln, Verhaltensweisen der Seitennutzung zu analysieren, aber auch unser Angebot kundenfreundlicher zu gestalten. Cookies bleiben \u00fcber das Ende einer Browser-Sitzung gespeichert und k\u00f6nnen bei einem erneuten Seitenbesuch wieder aufgerufen werden. Wenn Sie das nicht w\u00fcnschen, sollten Sie Ihren Internetbrowser so einstellen, dass er die Annahme von Cookies verweigert.<\/p>\n<\/div>\n\n\n<p><\/p>\n","protected":false},"excerpt":{"rendered":"<p>Die Adresse dieser Website ist: https:\/\/www.klaerwerk-krefeld.org. Welche personenbezogenen Daten wir sammeln und warum wir sie sammeln Datenschutzordnung des Vereins zum Erhalt des historischen Kl\u00e4rwerks in Krefeld Uerdingen e.V.\u00a0 Pr\u00e4ambel Der Vereins zum Erhalt des historischen Kl\u00e4rwerks in Krefeld Uerdingen e.V.\u00a0 verarbeitet in vielfacher Weise automatisiert personenbezogene Daten (z.B. im Rahmen der Vereinsverwaltung, der Organisation des &hellip; <\/p>\n<p class=\"link-more\"><a href=\"https:\/\/www.klaerwerk-krefeld.org\/index.php\/datenschutzerklaerung-2\/\" class=\"more-link\"><span class=\"screen-reader-text\">\u201eDatenschutzerkl\u00e4rung\u201c <\/span>weiterlesen<\/a><\/p>\n","protected":false},"author":1,"featured_media":41,"parent":0,"menu_order":0,"comment_status":"closed","ping_status":"closed","template":"","meta":{"footnotes":""},"class_list":["post-90","page","type-page","status-publish","has-post-thumbnail","hentry"],"_links":{"self":[{"href":"https:\/\/www.klaerwerk-krefeld.org\/index.php\/wp-json\/wp\/v2\/pages\/90","targetHints":{"allow":["GET"]}}],"collection":[{"href":"https:\/\/www.klaerwerk-krefeld.org\/index.php\/wp-json\/wp\/v2\/pages"}],"about":[{"href":"https:\/\/www.klaerwerk-krefeld.org\/index.php\/wp-json\/wp\/v2\/types\/page"}],"author":[{"embeddable":true,"href":"https:\/\/www.klaerwerk-krefeld.org\/index.php\/wp-json\/wp\/v2\/users\/1"}],"replies":[{"embeddable":true,"href":"https:\/\/www.klaerwerk-krefeld.org\/index.php\/wp-json\/wp\/v2\/comments?post=90"}],"version-history":[{"count":3,"href":"https:\/\/www.klaerwerk-krefeld.org\/index.php\/wp-json\/wp\/v2\/pages\/90\/revisions"}],"predecessor-version":[{"id":2873,"href":"https:\/\/www.klaerwerk-krefeld.org\/index.php\/wp-json\/wp\/v2\/pages\/90\/revisions\/2873"}],"wp:featuredmedia":[{"embeddable":true,"href":"https:\/\/www.klaerwerk-krefeld.org\/index.php\/wp-json\/wp\/v2\/media\/41"}],"wp:attachment":[{"href":"https:\/\/www.klaerwerk-krefeld.org\/index.php\/wp-json\/wp\/v2\/media?parent=90"}],"curies":[{"name":"wp","href":"https:\/\/api.w.org\/{rel}","templated":true}]}}