{"id":7817,"date":"2025-06-10T08:06:06","date_gmt":"2025-06-10T06:06:06","guid":{"rendered":"https:\/\/www.klaerwerk-krefeld.org\/?page_id=7817"},"modified":"2025-06-10T08:27:13","modified_gmt":"2025-06-10T06:27:13","slug":"stara-cistirna","status":"publish","type":"page","link":"https:\/\/www.klaerwerk-krefeld.org\/index.php\/stara-cistirna\/","title":{"rendered":"Stara Cistirna"},"content":{"rendered":"\n<p>Das erste Kl\u00e4rwerk der Stadt Prag aus dem Jahr 1904 liegt einige Kilometer vom Stadtzentrum entfernt an der Moldau im Stadteil Bubenec. Die Anlage besteht aus einem oberirdischen Teil mit einem im Jugendstil geformten Geb\u00e4udekomplex, eingerahmt von zwei Schornsteinen. Einer der Schornsteine ist f\u00fcr den Rauch der Kesselanlage von zwei Dampfmaschinen zust\u00e4ndig, w\u00e4hrend der andere f\u00fcr die Bel\u00fcftung der unterirdischen Reinigungskammern dient.<\/p>\n\n\n\n<p>Das Abwasser in der in vielen Teilen mit der Kl\u00e4ranlage Niederrad der Stadt Frankfurt am Main und dem der Stadt Mannheim \u00e4hnlich geplanten Anlage, sie wurde ebenso von der Lindley Ingenieure- Familie (William Herlein Lindley) einige Jahre nach dem ersten Kl\u00e4rwerk in Niederrad (1887) geplant, ruhte in Sedimentationsbecken, in denen der Schlamm sich nach einigen Stunden auf dem Boden absetzte. <br><br>Die mechanische Abwasserreinigung durch einen Tag ruhen lassen des Abwassers bedurfte eines ausgedehnten Netzwerks von mehreren Becken, die noch heute die au\u00dferordentliche Baukunst der Ingenieure sichtbar macht. Viele Elemente im Untergrund erinnern an die norddeutsche Backstein-Gotik, kein Zufall, denn die Lindleys (Sir William Lindley) hatten in Hamburg die erste moderne Kanalisation auf dem europ\u00e4ischen Festland geplant und gebaut. Die Dampfmaschinen treiben mit Transmissionsriemen Schlamm- und Hochwasser-Pumpen an und sind bis heute in funktionsf\u00e4higem Zustand.<\/p>\n\n\n\n<p>Diese erste Generation der mechanisch durch Sedimentation in Absetzbecken arbeitenden Anlagen (Frankfurt 1887, Prag 1904, Mannheim 1905) kam rasch an ihre technischen Grenzen und wurde nach kurzer Zeit durch Kl\u00e4rwerke mit feinen Rechen und Sieben abgel\u00f6st, bereits um 1904 (Abfisch-Anlage Hamburg, nicht erhalten), Krefeld und Dresden  um 1909.<\/p>\n\n\n\n<figure class=\"wp-block-gallery has-nested-images columns-default is-cropped wp-block-gallery-1 is-layout-flex wp-block-gallery-is-layout-flex\">\n<figure data-wp-context=\"{&quot;imageId&quot;:&quot;69e176d449106&quot;}\" data-wp-interactive=\"core\/image\" data-wp-key=\"69e176d449106\" class=\"wp-block-image size-large wp-lightbox-container\"><img loading=\"lazy\" decoding=\"async\" width=\"1024\" height=\"768\" data-wp-class--hide=\"state.isContentHidden\" data-wp-class--show=\"state.isContentVisible\" data-wp-init=\"callbacks.setButtonStyles\" data-wp-on--click=\"actions.showLightbox\" data-wp-on--load=\"callbacks.setButtonStyles\" data-wp-on-window--resize=\"callbacks.setButtonStyles\" data-id=\"7837\" src=\"https:\/\/www.klaerwerk-krefeld.org\/wp-content\/uploads\/2025\/06\/IMG_5681-1024x768.jpeg\" alt=\"\" class=\"wp-image-7837\" srcset=\"https:\/\/www.klaerwerk-krefeld.org\/wp-content\/uploads\/2025\/06\/IMG_5681-1024x768.jpeg 1024w, https:\/\/www.klaerwerk-krefeld.org\/wp-content\/uploads\/2025\/06\/IMG_5681-300x225.jpeg 300w, https:\/\/www.klaerwerk-krefeld.org\/wp-content\/uploads\/2025\/06\/IMG_5681-768x576.jpeg 768w, https:\/\/www.klaerwerk-krefeld.org\/wp-content\/uploads\/2025\/06\/IMG_5681-1536x1152.jpeg 1536w, https:\/\/www.klaerwerk-krefeld.org\/wp-content\/uploads\/2025\/06\/IMG_5681-2048x1536.jpeg 2048w\" sizes=\"auto, (max-width: 767px) 89vw, (max-width: 1000px) 54vw, (max-width: 1071px) 543px, 580px\" \/><button\n\t\t\tclass=\"lightbox-trigger\"\n\t\t\ttype=\"button\"\n\t\t\taria-haspopup=\"dialog\"\n\t\t\taria-label=\"Vergr\u00f6\u00dfern\"\n\t\t\tdata-wp-init=\"callbacks.initTriggerButton\"\n\t\t\tdata-wp-on--click=\"actions.showLightbox\"\n\t\t\tdata-wp-style--right=\"state.imageButtonRight\"\n\t\t\tdata-wp-style--top=\"state.imageButtonTop\"\n\t\t>\n\t\t\t<svg xmlns=\"http:\/\/www.w3.org\/2000\/svg\" width=\"12\" height=\"12\" fill=\"none\" viewBox=\"0 0 12 12\">\n\t\t\t\t<path fill=\"#fff\" d=\"M2 0a2 2 0 0 0-2 2v2h1.5V2a.5.5 0 0 1 .5-.5h2V0H2Zm2 10.5H2a.5.5 0 0 1-.5-.5V8H0v2a2 2 0 0 0 2 2h2v-1.5ZM8 12v-1.5h2a.5.5 0 0 0 .5-.5V8H12v2a2 2 0 0 1-2 2H8Zm2-12a2 2 0 0 1 2 2v2h-1.5V2a.5.5 0 0 0-.5-.5H8V0h2Z\" \/>\n\t\t\t<\/svg>\n\t\t<\/button><\/figure>\n\n\n\n<figure data-wp-context=\"{&quot;imageId&quot;:&quot;69e176d4498fc&quot;}\" data-wp-interactive=\"core\/image\" data-wp-key=\"69e176d4498fc\" class=\"wp-block-image size-large wp-lightbox-container\"><img loading=\"lazy\" decoding=\"async\" width=\"1024\" height=\"768\" data-wp-class--hide=\"state.isContentHidden\" data-wp-class--show=\"state.isContentVisible\" data-wp-init=\"callbacks.setButtonStyles\" data-wp-on--click=\"actions.showLightbox\" data-wp-on--load=\"callbacks.setButtonStyles\" data-wp-on-window--resize=\"callbacks.setButtonStyles\" data-id=\"7835\" src=\"https:\/\/www.klaerwerk-krefeld.org\/wp-content\/uploads\/2025\/06\/IMG_5694-1024x768.jpeg\" alt=\"\" class=\"wp-image-7835\" srcset=\"https:\/\/www.klaerwerk-krefeld.org\/wp-content\/uploads\/2025\/06\/IMG_5694-1024x768.jpeg 1024w, https:\/\/www.klaerwerk-krefeld.org\/wp-content\/uploads\/2025\/06\/IMG_5694-300x225.jpeg 300w, https:\/\/www.klaerwerk-krefeld.org\/wp-content\/uploads\/2025\/06\/IMG_5694-768x576.jpeg 768w, https:\/\/www.klaerwerk-krefeld.org\/wp-content\/uploads\/2025\/06\/IMG_5694-1536x1152.jpeg 1536w, https:\/\/www.klaerwerk-krefeld.org\/wp-content\/uploads\/2025\/06\/IMG_5694-2048x1536.jpeg 2048w\" sizes=\"auto, (max-width: 767px) 89vw, (max-width: 1000px) 54vw, (max-width: 1071px) 543px, 580px\" \/><button\n\t\t\tclass=\"lightbox-trigger\"\n\t\t\ttype=\"button\"\n\t\t\taria-haspopup=\"dialog\"\n\t\t\taria-label=\"Vergr\u00f6\u00dfern\"\n\t\t\tdata-wp-init=\"callbacks.initTriggerButton\"\n\t\t\tdata-wp-on--click=\"actions.showLightbox\"\n\t\t\tdata-wp-style--right=\"state.imageButtonRight\"\n\t\t\tdata-wp-style--top=\"state.imageButtonTop\"\n\t\t>\n\t\t\t<svg xmlns=\"http:\/\/www.w3.org\/2000\/svg\" width=\"12\" height=\"12\" fill=\"none\" viewBox=\"0 0 12 12\">\n\t\t\t\t<path fill=\"#fff\" d=\"M2 0a2 2 0 0 0-2 2v2h1.5V2a.5.5 0 0 1 .5-.5h2V0H2Zm2 10.5H2a.5.5 0 0 1-.5-.5V8H0v2a2 2 0 0 0 2 2h2v-1.5ZM8 12v-1.5h2a.5.5 0 0 0 .5-.5V8H12v2a2 2 0 0 1-2 2H8Zm2-12a2 2 0 0 1 2 2v2h-1.5V2a.5.5 0 0 0-.5-.5H8V0h2Z\" \/>\n\t\t\t<\/svg>\n\t\t<\/button><\/figure>\n\n\n\n<figure data-wp-context=\"{&quot;imageId&quot;:&quot;69e176d449f7a&quot;}\" data-wp-interactive=\"core\/image\" data-wp-key=\"69e176d449f7a\" class=\"wp-block-image size-large wp-lightbox-container\"><img loading=\"lazy\" decoding=\"async\" width=\"1024\" height=\"768\" data-wp-class--hide=\"state.isContentHidden\" data-wp-class--show=\"state.isContentVisible\" data-wp-init=\"callbacks.setButtonStyles\" data-wp-on--click=\"actions.showLightbox\" data-wp-on--load=\"callbacks.setButtonStyles\" data-wp-on-window--resize=\"callbacks.setButtonStyles\" data-id=\"7836\" src=\"https:\/\/www.klaerwerk-krefeld.org\/wp-content\/uploads\/2025\/06\/IMG_5712-1024x768.jpeg\" alt=\"\" class=\"wp-image-7836\" srcset=\"https:\/\/www.klaerwerk-krefeld.org\/wp-content\/uploads\/2025\/06\/IMG_5712-1024x768.jpeg 1024w, https:\/\/www.klaerwerk-krefeld.org\/wp-content\/uploads\/2025\/06\/IMG_5712-300x225.jpeg 300w, https:\/\/www.klaerwerk-krefeld.org\/wp-content\/uploads\/2025\/06\/IMG_5712-768x576.jpeg 768w, https:\/\/www.klaerwerk-krefeld.org\/wp-content\/uploads\/2025\/06\/IMG_5712-1536x1152.jpeg 1536w, https:\/\/www.klaerwerk-krefeld.org\/wp-content\/uploads\/2025\/06\/IMG_5712-2048x1536.jpeg 2048w\" sizes=\"auto, (max-width: 767px) 89vw, (max-width: 1000px) 54vw, (max-width: 1071px) 543px, 580px\" \/><button\n\t\t\tclass=\"lightbox-trigger\"\n\t\t\ttype=\"button\"\n\t\t\taria-haspopup=\"dialog\"\n\t\t\taria-label=\"Vergr\u00f6\u00dfern\"\n\t\t\tdata-wp-init=\"callbacks.initTriggerButton\"\n\t\t\tdata-wp-on--click=\"actions.showLightbox\"\n\t\t\tdata-wp-style--right=\"state.imageButtonRight\"\n\t\t\tdata-wp-style--top=\"state.imageButtonTop\"\n\t\t>\n\t\t\t<svg xmlns=\"http:\/\/www.w3.org\/2000\/svg\" width=\"12\" height=\"12\" fill=\"none\" viewBox=\"0 0 12 12\">\n\t\t\t\t<path fill=\"#fff\" d=\"M2 0a2 2 0 0 0-2 2v2h1.5V2a.5.5 0 0 1 .5-.5h2V0H2Zm2 10.5H2a.5.5 0 0 1-.5-.5V8H0v2a2 2 0 0 0 2 2h2v-1.5ZM8 12v-1.5h2a.5.5 0 0 0 .5-.5V8H12v2a2 2 0 0 1-2 2H8Zm2-12a2 2 0 0 1 2 2v2h-1.5V2a.5.5 0 0 0-.5-.5H8V0h2Z\" \/>\n\t\t\t<\/svg>\n\t\t<\/button><\/figure>\n\n\n\n<figure data-wp-context=\"{&quot;imageId&quot;:&quot;69e176d44a780&quot;}\" data-wp-interactive=\"core\/image\" data-wp-key=\"69e176d44a780\" class=\"wp-block-image size-large wp-lightbox-container\"><img loading=\"lazy\" decoding=\"async\" width=\"1024\" height=\"768\" data-wp-class--hide=\"state.isContentHidden\" data-wp-class--show=\"state.isContentVisible\" data-wp-init=\"callbacks.setButtonStyles\" data-wp-on--click=\"actions.showLightbox\" data-wp-on--load=\"callbacks.setButtonStyles\" data-wp-on-window--resize=\"callbacks.setButtonStyles\" data-id=\"7834\" src=\"https:\/\/www.klaerwerk-krefeld.org\/wp-content\/uploads\/2025\/06\/IMG_5709-1024x768.jpeg\" alt=\"\" class=\"wp-image-7834\" srcset=\"https:\/\/www.klaerwerk-krefeld.org\/wp-content\/uploads\/2025\/06\/IMG_5709-1024x768.jpeg 1024w, https:\/\/www.klaerwerk-krefeld.org\/wp-content\/uploads\/2025\/06\/IMG_5709-300x225.jpeg 300w, https:\/\/www.klaerwerk-krefeld.org\/wp-content\/uploads\/2025\/06\/IMG_5709-768x576.jpeg 768w, https:\/\/www.klaerwerk-krefeld.org\/wp-content\/uploads\/2025\/06\/IMG_5709-1536x1152.jpeg 1536w, https:\/\/www.klaerwerk-krefeld.org\/wp-content\/uploads\/2025\/06\/IMG_5709-2048x1536.jpeg 2048w\" sizes=\"auto, (max-width: 767px) 89vw, (max-width: 1000px) 54vw, (max-width: 1071px) 543px, 580px\" \/><button\n\t\t\tclass=\"lightbox-trigger\"\n\t\t\ttype=\"button\"\n\t\t\taria-haspopup=\"dialog\"\n\t\t\taria-label=\"Vergr\u00f6\u00dfern\"\n\t\t\tdata-wp-init=\"callbacks.initTriggerButton\"\n\t\t\tdata-wp-on--click=\"actions.showLightbox\"\n\t\t\tdata-wp-style--right=\"state.imageButtonRight\"\n\t\t\tdata-wp-style--top=\"state.imageButtonTop\"\n\t\t>\n\t\t\t<svg xmlns=\"http:\/\/www.w3.org\/2000\/svg\" width=\"12\" height=\"12\" fill=\"none\" viewBox=\"0 0 12 12\">\n\t\t\t\t<path fill=\"#fff\" d=\"M2 0a2 2 0 0 0-2 2v2h1.5V2a.5.5 0 0 1 .5-.5h2V0H2Zm2 10.5H2a.5.5 0 0 1-.5-.5V8H0v2a2 2 0 0 0 2 2h2v-1.5ZM8 12v-1.5h2a.5.5 0 0 0 .5-.5V8H12v2a2 2 0 0 1-2 2H8Zm2-12a2 2 0 0 1 2 2v2h-1.5V2a.5.5 0 0 0-.5-.5H8V0h2Z\" \/>\n\t\t\t<\/svg>\n\t\t<\/button><\/figure>\n\n\n\n<figure data-wp-context=\"{&quot;imageId&quot;:&quot;69e176d44b059&quot;}\" data-wp-interactive=\"core\/image\" data-wp-key=\"69e176d44b059\" class=\"wp-block-image size-large wp-lightbox-container\"><img loading=\"lazy\" decoding=\"async\" width=\"1024\" height=\"768\" data-wp-class--hide=\"state.isContentHidden\" data-wp-class--show=\"state.isContentVisible\" data-wp-init=\"callbacks.setButtonStyles\" data-wp-on--click=\"actions.showLightbox\" data-wp-on--load=\"callbacks.setButtonStyles\" data-wp-on-window--resize=\"callbacks.setButtonStyles\" data-id=\"7833\" src=\"https:\/\/www.klaerwerk-krefeld.org\/wp-content\/uploads\/2025\/06\/IMG_5697-1024x768.jpeg\" alt=\"\" class=\"wp-image-7833\" srcset=\"https:\/\/www.klaerwerk-krefeld.org\/wp-content\/uploads\/2025\/06\/IMG_5697-1024x768.jpeg 1024w, https:\/\/www.klaerwerk-krefeld.org\/wp-content\/uploads\/2025\/06\/IMG_5697-300x225.jpeg 300w, https:\/\/www.klaerwerk-krefeld.org\/wp-content\/uploads\/2025\/06\/IMG_5697-768x576.jpeg 768w, https:\/\/www.klaerwerk-krefeld.org\/wp-content\/uploads\/2025\/06\/IMG_5697-1536x1152.jpeg 1536w, https:\/\/www.klaerwerk-krefeld.org\/wp-content\/uploads\/2025\/06\/IMG_5697-2048x1536.jpeg 2048w\" sizes=\"auto, (max-width: 767px) 89vw, (max-width: 1000px) 54vw, (max-width: 1071px) 543px, 580px\" \/><button\n\t\t\tclass=\"lightbox-trigger\"\n\t\t\ttype=\"button\"\n\t\t\taria-haspopup=\"dialog\"\n\t\t\taria-label=\"Vergr\u00f6\u00dfern\"\n\t\t\tdata-wp-init=\"callbacks.initTriggerButton\"\n\t\t\tdata-wp-on--click=\"actions.showLightbox\"\n\t\t\tdata-wp-style--right=\"state.imageButtonRight\"\n\t\t\tdata-wp-style--top=\"state.imageButtonTop\"\n\t\t>\n\t\t\t<svg xmlns=\"http:\/\/www.w3.org\/2000\/svg\" width=\"12\" height=\"12\" fill=\"none\" viewBox=\"0 0 12 12\">\n\t\t\t\t<path fill=\"#fff\" d=\"M2 0a2 2 0 0 0-2 2v2h1.5V2a.5.5 0 0 1 .5-.5h2V0H2Zm2 10.5H2a.5.5 0 0 1-.5-.5V8H0v2a2 2 0 0 0 2 2h2v-1.5ZM8 12v-1.5h2a.5.5 0 0 0 .5-.5V8H12v2a2 2 0 0 1-2 2H8Zm2-12a2 2 0 0 1 2 2v2h-1.5V2a.5.5 0 0 0-.5-.5H8V0h2Z\" \/>\n\t\t\t<\/svg>\n\t\t<\/button><\/figure>\n\n\n\n<figure data-wp-context=\"{&quot;imageId&quot;:&quot;69e176d44b8d2&quot;}\" data-wp-interactive=\"core\/image\" data-wp-key=\"69e176d44b8d2\" class=\"wp-block-image size-large wp-lightbox-container\"><img loading=\"lazy\" decoding=\"async\" width=\"1024\" height=\"768\" data-wp-class--hide=\"state.isContentHidden\" data-wp-class--show=\"state.isContentVisible\" data-wp-init=\"callbacks.setButtonStyles\" data-wp-on--click=\"actions.showLightbox\" data-wp-on--load=\"callbacks.setButtonStyles\" data-wp-on-window--resize=\"callbacks.setButtonStyles\" data-id=\"7832\" src=\"https:\/\/www.klaerwerk-krefeld.org\/wp-content\/uploads\/2025\/06\/IMG_5703-1024x768.jpeg\" alt=\"\" class=\"wp-image-7832\" srcset=\"https:\/\/www.klaerwerk-krefeld.org\/wp-content\/uploads\/2025\/06\/IMG_5703-1024x768.jpeg 1024w, https:\/\/www.klaerwerk-krefeld.org\/wp-content\/uploads\/2025\/06\/IMG_5703-300x225.jpeg 300w, https:\/\/www.klaerwerk-krefeld.org\/wp-content\/uploads\/2025\/06\/IMG_5703-768x576.jpeg 768w, https:\/\/www.klaerwerk-krefeld.org\/wp-content\/uploads\/2025\/06\/IMG_5703-1536x1152.jpeg 1536w, https:\/\/www.klaerwerk-krefeld.org\/wp-content\/uploads\/2025\/06\/IMG_5703-2048x1536.jpeg 2048w\" sizes=\"auto, (max-width: 767px) 89vw, (max-width: 1000px) 54vw, (max-width: 1071px) 543px, 580px\" \/><button\n\t\t\tclass=\"lightbox-trigger\"\n\t\t\ttype=\"button\"\n\t\t\taria-haspopup=\"dialog\"\n\t\t\taria-label=\"Vergr\u00f6\u00dfern\"\n\t\t\tdata-wp-init=\"callbacks.initTriggerButton\"\n\t\t\tdata-wp-on--click=\"actions.showLightbox\"\n\t\t\tdata-wp-style--right=\"state.imageButtonRight\"\n\t\t\tdata-wp-style--top=\"state.imageButtonTop\"\n\t\t>\n\t\t\t<svg xmlns=\"http:\/\/www.w3.org\/2000\/svg\" width=\"12\" height=\"12\" fill=\"none\" viewBox=\"0 0 12 12\">\n\t\t\t\t<path fill=\"#fff\" d=\"M2 0a2 2 0 0 0-2 2v2h1.5V2a.5.5 0 0 1 .5-.5h2V0H2Zm2 10.5H2a.5.5 0 0 1-.5-.5V8H0v2a2 2 0 0 0 2 2h2v-1.5ZM8 12v-1.5h2a.5.5 0 0 0 .5-.5V8H12v2a2 2 0 0 1-2 2H8Zm2-12a2 2 0 0 1 2 2v2h-1.5V2a.5.5 0 0 0-.5-.5H8V0h2Z\" \/>\n\t\t\t<\/svg>\n\t\t<\/button><\/figure>\n\n\n\n<figure data-wp-context=\"{&quot;imageId&quot;:&quot;69e176d44c1d8&quot;}\" data-wp-interactive=\"core\/image\" data-wp-key=\"69e176d44c1d8\" class=\"wp-block-image size-large wp-lightbox-container\"><img loading=\"lazy\" decoding=\"async\" width=\"1024\" height=\"768\" data-wp-class--hide=\"state.isContentHidden\" data-wp-class--show=\"state.isContentVisible\" data-wp-init=\"callbacks.setButtonStyles\" data-wp-on--click=\"actions.showLightbox\" data-wp-on--load=\"callbacks.setButtonStyles\" data-wp-on-window--resize=\"callbacks.setButtonStyles\" data-id=\"7839\" src=\"https:\/\/www.klaerwerk-krefeld.org\/wp-content\/uploads\/2025\/06\/IMG_5699-1024x768.jpeg\" alt=\"\" class=\"wp-image-7839\" srcset=\"https:\/\/www.klaerwerk-krefeld.org\/wp-content\/uploads\/2025\/06\/IMG_5699-1024x768.jpeg 1024w, https:\/\/www.klaerwerk-krefeld.org\/wp-content\/uploads\/2025\/06\/IMG_5699-300x225.jpeg 300w, https:\/\/www.klaerwerk-krefeld.org\/wp-content\/uploads\/2025\/06\/IMG_5699-768x576.jpeg 768w, https:\/\/www.klaerwerk-krefeld.org\/wp-content\/uploads\/2025\/06\/IMG_5699-1536x1152.jpeg 1536w, https:\/\/www.klaerwerk-krefeld.org\/wp-content\/uploads\/2025\/06\/IMG_5699-2048x1536.jpeg 2048w\" sizes=\"auto, (max-width: 767px) 89vw, (max-width: 1000px) 54vw, (max-width: 1071px) 543px, 580px\" \/><button\n\t\t\tclass=\"lightbox-trigger\"\n\t\t\ttype=\"button\"\n\t\t\taria-haspopup=\"dialog\"\n\t\t\taria-label=\"Vergr\u00f6\u00dfern\"\n\t\t\tdata-wp-init=\"callbacks.initTriggerButton\"\n\t\t\tdata-wp-on--click=\"actions.showLightbox\"\n\t\t\tdata-wp-style--right=\"state.imageButtonRight\"\n\t\t\tdata-wp-style--top=\"state.imageButtonTop\"\n\t\t>\n\t\t\t<svg xmlns=\"http:\/\/www.w3.org\/2000\/svg\" width=\"12\" height=\"12\" fill=\"none\" viewBox=\"0 0 12 12\">\n\t\t\t\t<path fill=\"#fff\" d=\"M2 0a2 2 0 0 0-2 2v2h1.5V2a.5.5 0 0 1 .5-.5h2V0H2Zm2 10.5H2a.5.5 0 0 1-.5-.5V8H0v2a2 2 0 0 0 2 2h2v-1.5ZM8 12v-1.5h2a.5.5 0 0 0 .5-.5V8H12v2a2 2 0 0 1-2 2H8Zm2-12a2 2 0 0 1 2 2v2h-1.5V2a.5.5 0 0 0-.5-.5H8V0h2Z\" \/>\n\t\t\t<\/svg>\n\t\t<\/button><\/figure>\n\n\n\n<figure data-wp-context=\"{&quot;imageId&quot;:&quot;69e176d44ca39&quot;}\" data-wp-interactive=\"core\/image\" data-wp-key=\"69e176d44ca39\" class=\"wp-block-image size-large wp-lightbox-container\"><img loading=\"lazy\" decoding=\"async\" width=\"1024\" height=\"768\" data-wp-class--hide=\"state.isContentHidden\" data-wp-class--show=\"state.isContentVisible\" data-wp-init=\"callbacks.setButtonStyles\" data-wp-on--click=\"actions.showLightbox\" data-wp-on--load=\"callbacks.setButtonStyles\" data-wp-on-window--resize=\"callbacks.setButtonStyles\" data-id=\"7838\" src=\"https:\/\/www.klaerwerk-krefeld.org\/wp-content\/uploads\/2025\/06\/IMG_3267-1024x768.jpeg\" alt=\"\" class=\"wp-image-7838\" srcset=\"https:\/\/www.klaerwerk-krefeld.org\/wp-content\/uploads\/2025\/06\/IMG_3267-1024x768.jpeg 1024w, https:\/\/www.klaerwerk-krefeld.org\/wp-content\/uploads\/2025\/06\/IMG_3267-300x225.jpeg 300w, https:\/\/www.klaerwerk-krefeld.org\/wp-content\/uploads\/2025\/06\/IMG_3267-768x576.jpeg 768w, https:\/\/www.klaerwerk-krefeld.org\/wp-content\/uploads\/2025\/06\/IMG_3267-1536x1152.jpeg 1536w, https:\/\/www.klaerwerk-krefeld.org\/wp-content\/uploads\/2025\/06\/IMG_3267-2048x1536.jpeg 2048w\" sizes=\"auto, (max-width: 767px) 89vw, (max-width: 1000px) 54vw, (max-width: 1071px) 543px, 580px\" \/><button\n\t\t\tclass=\"lightbox-trigger\"\n\t\t\ttype=\"button\"\n\t\t\taria-haspopup=\"dialog\"\n\t\t\taria-label=\"Vergr\u00f6\u00dfern\"\n\t\t\tdata-wp-init=\"callbacks.initTriggerButton\"\n\t\t\tdata-wp-on--click=\"actions.showLightbox\"\n\t\t\tdata-wp-style--right=\"state.imageButtonRight\"\n\t\t\tdata-wp-style--top=\"state.imageButtonTop\"\n\t\t>\n\t\t\t<svg xmlns=\"http:\/\/www.w3.org\/2000\/svg\" width=\"12\" height=\"12\" fill=\"none\" viewBox=\"0 0 12 12\">\n\t\t\t\t<path fill=\"#fff\" d=\"M2 0a2 2 0 0 0-2 2v2h1.5V2a.5.5 0 0 1 .5-.5h2V0H2Zm2 10.5H2a.5.5 0 0 1-.5-.5V8H0v2a2 2 0 0 0 2 2h2v-1.5ZM8 12v-1.5h2a.5.5 0 0 0 .5-.5V8H12v2a2 2 0 0 1-2 2H8Zm2-12a2 2 0 0 1 2 2v2h-1.5V2a.5.5 0 0 0-.5-.5H8V0h2Z\" \/>\n\t\t\t<\/svg>\n\t\t<\/button><\/figure>\n\n\n\n<figure data-wp-context=\"{&quot;imageId&quot;:&quot;69e176d44d2d6&quot;}\" data-wp-interactive=\"core\/image\" data-wp-key=\"69e176d44d2d6\" class=\"wp-block-image size-large wp-lightbox-container\"><img loading=\"lazy\" decoding=\"async\" width=\"1024\" height=\"768\" data-wp-class--hide=\"state.isContentHidden\" data-wp-class--show=\"state.isContentVisible\" data-wp-init=\"callbacks.setButtonStyles\" data-wp-on--click=\"actions.showLightbox\" data-wp-on--load=\"callbacks.setButtonStyles\" data-wp-on-window--resize=\"callbacks.setButtonStyles\" data-id=\"7840\" src=\"https:\/\/www.klaerwerk-krefeld.org\/wp-content\/uploads\/2025\/06\/IMG_5684-1024x768.jpeg\" alt=\"\" class=\"wp-image-7840\" srcset=\"https:\/\/www.klaerwerk-krefeld.org\/wp-content\/uploads\/2025\/06\/IMG_5684-1024x768.jpeg 1024w, https:\/\/www.klaerwerk-krefeld.org\/wp-content\/uploads\/2025\/06\/IMG_5684-300x225.jpeg 300w, https:\/\/www.klaerwerk-krefeld.org\/wp-content\/uploads\/2025\/06\/IMG_5684-768x576.jpeg 768w, https:\/\/www.klaerwerk-krefeld.org\/wp-content\/uploads\/2025\/06\/IMG_5684-1536x1152.jpeg 1536w, https:\/\/www.klaerwerk-krefeld.org\/wp-content\/uploads\/2025\/06\/IMG_5684-2048x1536.jpeg 2048w\" sizes=\"auto, (max-width: 767px) 89vw, (max-width: 1000px) 54vw, (max-width: 1071px) 543px, 580px\" \/><button\n\t\t\tclass=\"lightbox-trigger\"\n\t\t\ttype=\"button\"\n\t\t\taria-haspopup=\"dialog\"\n\t\t\taria-label=\"Vergr\u00f6\u00dfern\"\n\t\t\tdata-wp-init=\"callbacks.initTriggerButton\"\n\t\t\tdata-wp-on--click=\"actions.showLightbox\"\n\t\t\tdata-wp-style--right=\"state.imageButtonRight\"\n\t\t\tdata-wp-style--top=\"state.imageButtonTop\"\n\t\t>\n\t\t\t<svg xmlns=\"http:\/\/www.w3.org\/2000\/svg\" width=\"12\" height=\"12\" fill=\"none\" viewBox=\"0 0 12 12\">\n\t\t\t\t<path fill=\"#fff\" d=\"M2 0a2 2 0 0 0-2 2v2h1.5V2a.5.5 0 0 1 .5-.5h2V0H2Zm2 10.5H2a.5.5 0 0 1-.5-.5V8H0v2a2 2 0 0 0 2 2h2v-1.5ZM8 12v-1.5h2a.5.5 0 0 0 .5-.5V8H12v2a2 2 0 0 1-2 2H8Zm2-12a2 2 0 0 1 2 2v2h-1.5V2a.5.5 0 0 0-.5-.5H8V0h2Z\" \/>\n\t\t\t<\/svg>\n\t\t<\/button><\/figure>\n<\/figure>\n\n\n\n<p><\/p>\n\n\n\n<p><br><\/p>\n","protected":false},"excerpt":{"rendered":"<p>Das erste Kl\u00e4rwerk der Stadt Prag aus dem Jahr 1904 liegt einige Kilometer vom Stadtzentrum entfernt an der Moldau im Stadteil Bubenec. Die Anlage besteht aus einem oberirdischen Teil mit einem im Jugendstil geformten Geb\u00e4udekomplex, eingerahmt von zwei Schornsteinen. Einer der Schornsteine ist f\u00fcr den Rauch der Kesselanlage von zwei Dampfmaschinen zust\u00e4ndig, w\u00e4hrend der andere &hellip; <\/p>\n<p class=\"link-more\"><a href=\"https:\/\/www.klaerwerk-krefeld.org\/index.php\/stara-cistirna\/\" class=\"more-link\"><span class=\"screen-reader-text\">\u201eStara Cistirna\u201c <\/span>weiterlesen<\/a><\/p>\n","protected":false},"author":1,"featured_media":0,"parent":0,"menu_order":0,"comment_status":"closed","ping_status":"closed","template":"","meta":{"footnotes":""},"class_list":["post-7817","page","type-page","status-publish","hentry"],"_links":{"self":[{"href":"https:\/\/www.klaerwerk-krefeld.org\/index.php\/wp-json\/wp\/v2\/pages\/7817","targetHints":{"allow":["GET"]}}],"collection":[{"href":"https:\/\/www.klaerwerk-krefeld.org\/index.php\/wp-json\/wp\/v2\/pages"}],"about":[{"href":"https:\/\/www.klaerwerk-krefeld.org\/index.php\/wp-json\/wp\/v2\/types\/page"}],"author":[{"embeddable":true,"href":"https:\/\/www.klaerwerk-krefeld.org\/index.php\/wp-json\/wp\/v2\/users\/1"}],"replies":[{"embeddable":true,"href":"https:\/\/www.klaerwerk-krefeld.org\/index.php\/wp-json\/wp\/v2\/comments?post=7817"}],"version-history":[{"count":4,"href":"https:\/\/www.klaerwerk-krefeld.org\/index.php\/wp-json\/wp\/v2\/pages\/7817\/revisions"}],"predecessor-version":[{"id":7841,"href":"https:\/\/www.klaerwerk-krefeld.org\/index.php\/wp-json\/wp\/v2\/pages\/7817\/revisions\/7841"}],"wp:attachment":[{"href":"https:\/\/www.klaerwerk-krefeld.org\/index.php\/wp-json\/wp\/v2\/media?parent=7817"}],"curies":[{"name":"wp","href":"https:\/\/api.w.org\/{rel}","templated":true}]}}