{"id":7815,"date":"2025-06-09T14:23:18","date_gmt":"2025-06-09T12:23:18","guid":{"rendered":"https:\/\/www.klaerwerk-krefeld.org\/?page_id=7815"},"modified":"2025-06-09T14:23:21","modified_gmt":"2025-06-09T12:23:21","slug":"ueber-die-aeltesten-klaerwerke","status":"publish","type":"page","link":"https:\/\/www.klaerwerk-krefeld.org\/index.php\/ueber-die-aeltesten-klaerwerke\/","title":{"rendered":"\u00dcber die \u00e4ltesten Kl\u00e4rwerke"},"content":{"rendered":"\n<p><a href=\"https:\/\/www.klaerwerk-krefeld.org\/index.php\/klaeranlage-niederrad-frankfurt-am-main-1887\/\" data-type=\"page\" data-id=\"7537\">Kl\u00e4rwerk Niederrad, Frankfurt am Main, 1887<\/a><\/p>\n\n\n\n<p><a href=\"https:\/\/www.klaerwerk-krefeld.org\/?page_id=7817\" data-type=\"page\" data-id=\"7817\">Kl\u00e4rwerk Stara Cistirna, Prag, 1904<\/a><\/p>\n\n\n\n<p>Kl\u00e4rwerk Krefeld, 1909<\/p>\n\n\n\n<p><a href=\"https:\/\/www.klaerwerk-krefeld.org\/index.php\/north-side-water-reclamation-plant-chicago-1928\/\" data-type=\"page\" data-id=\"7541\">Kl\u00e4rwerk North Side Reclamation Plant, Chicago, 1928<\/a><\/p>\n\n\n\n<p><a href=\"https:\/\/www.klaerwerk-krefeld.org\/?page_id=7816\" data-type=\"page\" data-id=\"7816\">Kl\u00e4rwerk Stahnsdorf, Berlin, 1930<\/a><\/p>\n\n\n\n<p><\/p>\n","protected":false},"excerpt":{"rendered":"<p>Kl\u00e4rwerk Niederrad, Frankfurt am Main, 1887 Kl\u00e4rwerk Stara Cistirna, Prag, 1904 Kl\u00e4rwerk Krefeld, 1909 Kl\u00e4rwerk North Side Reclamation Plant, Chicago, 1928 Kl\u00e4rwerk Stahnsdorf, Berlin, 1930<\/p>\n","protected":false},"author":1,"featured_media":0,"parent":0,"menu_order":0,"comment_status":"closed","ping_status":"closed","template":"","meta":{"footnotes":""},"class_list":["post-7815","page","type-page","status-publish","hentry"],"_links":{"self":[{"href":"https:\/\/www.klaerwerk-krefeld.org\/index.php\/wp-json\/wp\/v2\/pages\/7815","targetHints":{"allow":["GET"]}}],"collection":[{"href":"https:\/\/www.klaerwerk-krefeld.org\/index.php\/wp-json\/wp\/v2\/pages"}],"about":[{"href":"https:\/\/www.klaerwerk-krefeld.org\/index.php\/wp-json\/wp\/v2\/types\/page"}],"author":[{"embeddable":true,"href":"https:\/\/www.klaerwerk-krefeld.org\/index.php\/wp-json\/wp\/v2\/users\/1"}],"replies":[{"embeddable":true,"href":"https:\/\/www.klaerwerk-krefeld.org\/index.php\/wp-json\/wp\/v2\/comments?post=7815"}],"version-history":[{"count":1,"href":"https:\/\/www.klaerwerk-krefeld.org\/index.php\/wp-json\/wp\/v2\/pages\/7815\/revisions"}],"predecessor-version":[{"id":7818,"href":"https:\/\/www.klaerwerk-krefeld.org\/index.php\/wp-json\/wp\/v2\/pages\/7815\/revisions\/7818"}],"wp:attachment":[{"href":"https:\/\/www.klaerwerk-krefeld.org\/index.php\/wp-json\/wp\/v2\/media?parent=7815"}],"curies":[{"name":"wp","href":"https:\/\/api.w.org\/{rel}","templated":true}]}}