{"id":7549,"date":"2024-03-13T15:01:08","date_gmt":"2024-03-13T14:01:08","guid":{"rendered":"https:\/\/www.klaerwerk-krefeld.org\/?page_id=7549"},"modified":"2024-03-13T15:24:43","modified_gmt":"2024-03-13T14:24:43","slug":"kanalisation-von-paris","status":"publish","type":"page","link":"https:\/\/www.klaerwerk-krefeld.org\/index.php\/kanalisation-von-paris\/","title":{"rendered":"Kanalisation von Paris"},"content":{"rendered":"\n<p>Les travaux souterrains de Paris Belgrand Eug\u00e8ne<\/p>\n\n\n\n<p>Nach seiner Arbeit zur Trinkwasserversorgung macht sich 1867 der Ingenieur Eug\u00e8ne Belgrand, unter der Leitung von Georges-Eug\u00e8ne Haussmann, Pr\u00e4fekt des franz\u00f6sischen D\u00e9partements Seine der als der einflussreiche Stadtplaner von Paris gilt, als Planer an die Rationalisierung und Neugestaltung der Pariser Abwasserkan\u00e4le. <\/p>\n\n\n\n<p>Der Plan zeigt einige der von Belgrad eingef\u00fchrten Kanalprofile<\/p>\n\n\n\n<p><a href=\"https:\/\/gallica.bnf.fr\/services\/engine\/search\/sru?operation=searchRetrieve&amp;version=1.2&amp;query=%28gallica%20all%20%22Les%20travaux%20souterrains%20de%20Paris%20Belgrand%20Eug\u00e8ne%22%29&amp;lang=de&amp;suggest=0\">https:\/\/gallica.bnf.fr\/services\/engine\/search\/sru?operation=searchRetrieve&amp;version=1.2&amp;query=%28gallica%20all%20%22Les%20travaux%20souterrains%20de%20Paris%20Belgrand%20Eug\u00e8ne%22%29&amp;lang=de&amp;suggest=0<\/a><\/p>\n","protected":false},"excerpt":{"rendered":"<p>Les travaux souterrains de Paris Belgrand Eug\u00e8ne Nach seiner Arbeit zur Trinkwasserversorgung macht sich 1867 der Ingenieur Eug\u00e8ne Belgrand, unter der Leitung von Georges-Eug\u00e8ne Haussmann, Pr\u00e4fekt des franz\u00f6sischen D\u00e9partements Seine der als der einflussreiche Stadtplaner von Paris gilt, als Planer an die Rationalisierung und Neugestaltung der Pariser Abwasserkan\u00e4le. Der Plan zeigt einige der von Belgrad &hellip; <\/p>\n<p class=\"link-more\"><a href=\"https:\/\/www.klaerwerk-krefeld.org\/index.php\/kanalisation-von-paris\/\" class=\"more-link\"><span class=\"screen-reader-text\">\u201eKanalisation von Paris\u201c <\/span>weiterlesen<\/a><\/p>\n","protected":false},"author":1,"featured_media":0,"parent":0,"menu_order":0,"comment_status":"closed","ping_status":"closed","template":"","meta":{"footnotes":""},"class_list":["post-7549","page","type-page","status-publish","hentry"],"_links":{"self":[{"href":"https:\/\/www.klaerwerk-krefeld.org\/index.php\/wp-json\/wp\/v2\/pages\/7549","targetHints":{"allow":["GET"]}}],"collection":[{"href":"https:\/\/www.klaerwerk-krefeld.org\/index.php\/wp-json\/wp\/v2\/pages"}],"about":[{"href":"https:\/\/www.klaerwerk-krefeld.org\/index.php\/wp-json\/wp\/v2\/types\/page"}],"author":[{"embeddable":true,"href":"https:\/\/www.klaerwerk-krefeld.org\/index.php\/wp-json\/wp\/v2\/users\/1"}],"replies":[{"embeddable":true,"href":"https:\/\/www.klaerwerk-krefeld.org\/index.php\/wp-json\/wp\/v2\/comments?post=7549"}],"version-history":[{"count":2,"href":"https:\/\/www.klaerwerk-krefeld.org\/index.php\/wp-json\/wp\/v2\/pages\/7549\/revisions"}],"predecessor-version":[{"id":7552,"href":"https:\/\/www.klaerwerk-krefeld.org\/index.php\/wp-json\/wp\/v2\/pages\/7549\/revisions\/7552"}],"wp:attachment":[{"href":"https:\/\/www.klaerwerk-krefeld.org\/index.php\/wp-json\/wp\/v2\/media?parent=7549"}],"curies":[{"name":"wp","href":"https:\/\/api.w.org\/{rel}","templated":true}]}}