{"id":7547,"date":"2024-03-13T14:43:48","date_gmt":"2024-03-13T13:43:48","guid":{"rendered":"https:\/\/www.klaerwerk-krefeld.org\/?page_id=7547"},"modified":"2024-03-13T14:43:50","modified_gmt":"2024-03-13T13:43:50","slug":"canalisation-von-duesseldorf-canal-profile","status":"publish","type":"page","link":"https:\/\/www.klaerwerk-krefeld.org\/index.php\/canalisation-von-duesseldorf-canal-profile\/","title":{"rendered":"Canalisation von D\u00fcsseldorf, Canal Profile"},"content":{"rendered":"\n<p>Archivaliensignatur: Stadtarchiv D\u00fcsseldorf, 5-1-0 Plankammer, 5-1-0-188.0000<br>Ma\u00dfe: 1035 x 705<br>Material: Papier<br>Formalbeschreibung: Kanalprofile im Querschnitt von 1,05 x 0,70m bis 2,00 x 2,00m<\/p>\n\n\n\n<p>Ma\u00dfstab: 1:20<\/p>\n\n\n\n<p><a href=\"https:\/\/www.deutsche-digitale-bibliothek.de\/item\/X64DKL5ZLAQA65425WRTWCFFB4PVUCWO?isThumbnailFiltered=true&amp;query=Kanalprofile+d\u00fcsseldorf&amp;rows=20&amp;offset=0&amp;viewType=list&amp;hitNumber=1\">https:\/\/www.deutsche-digitale-bibliothek.de\/item\/X64DKL5ZLAQA65425WRTWCFFB4PVUCWO?isThumbnailFiltered=true&amp;query=Kanalprofile+d\u00fcsseldorf&amp;rows=20&amp;offset=0&amp;viewType=list&amp;hitNumber=1<\/a><\/p>\n","protected":false},"excerpt":{"rendered":"<p>Archivaliensignatur: Stadtarchiv D\u00fcsseldorf, 5-1-0 Plankammer, 5-1-0-188.0000Ma\u00dfe: 1035 x 705Material: PapierFormalbeschreibung: Kanalprofile im Querschnitt von 1,05 x 0,70m bis 2,00 x 2,00m Ma\u00dfstab: 1:20 https:\/\/www.deutsche-digitale-bibliothek.de\/item\/X64DKL5ZLAQA65425WRTWCFFB4PVUCWO?isThumbnailFiltered=true&amp;query=Kanalprofile+d\u00fcsseldorf&amp;rows=20&amp;offset=0&amp;viewType=list&amp;hitNumber=1<\/p>\n","protected":false},"author":1,"featured_media":0,"parent":0,"menu_order":0,"comment_status":"closed","ping_status":"closed","template":"","meta":{"footnotes":""},"class_list":["post-7547","page","type-page","status-publish","hentry"],"_links":{"self":[{"href":"https:\/\/www.klaerwerk-krefeld.org\/index.php\/wp-json\/wp\/v2\/pages\/7547","targetHints":{"allow":["GET"]}}],"collection":[{"href":"https:\/\/www.klaerwerk-krefeld.org\/index.php\/wp-json\/wp\/v2\/pages"}],"about":[{"href":"https:\/\/www.klaerwerk-krefeld.org\/index.php\/wp-json\/wp\/v2\/types\/page"}],"author":[{"embeddable":true,"href":"https:\/\/www.klaerwerk-krefeld.org\/index.php\/wp-json\/wp\/v2\/users\/1"}],"replies":[{"embeddable":true,"href":"https:\/\/www.klaerwerk-krefeld.org\/index.php\/wp-json\/wp\/v2\/comments?post=7547"}],"version-history":[{"count":1,"href":"https:\/\/www.klaerwerk-krefeld.org\/index.php\/wp-json\/wp\/v2\/pages\/7547\/revisions"}],"predecessor-version":[{"id":7548,"href":"https:\/\/www.klaerwerk-krefeld.org\/index.php\/wp-json\/wp\/v2\/pages\/7547\/revisions\/7548"}],"wp:attachment":[{"href":"https:\/\/www.klaerwerk-krefeld.org\/index.php\/wp-json\/wp\/v2\/media?parent=7547"}],"curies":[{"name":"wp","href":"https:\/\/api.w.org\/{rel}","templated":true}]}}