{"id":7541,"date":"2024-03-13T12:37:52","date_gmt":"2024-03-13T11:37:52","guid":{"rendered":"https:\/\/www.klaerwerk-krefeld.org\/?page_id=7541"},"modified":"2025-06-10T08:40:36","modified_gmt":"2025-06-10T06:40:36","slug":"north-side-water-reclamation-plant-chicago-1928","status":"publish","type":"page","link":"https:\/\/www.klaerwerk-krefeld.org\/index.php\/north-side-water-reclamation-plant-chicago-1928\/","title":{"rendered":"North Side Water Reclamation Plant, Chicago, 1928"},"content":{"rendered":"\n<p>Kommunale Kl\u00e4ranlage des damaligen Sanitary District of Chicago, zust\u00e4ndig f\u00fcr das Einzugsgebiet des Nordens der Stadt Chicago,&nbsp;mit Grobrechen, Sandfang, Belebungsbecken f\u00fcr die biologische Abwasserreinigung.<\/p>\n\n\n\n<p>Das \u201eBlower Building\u201c Hauptgeb\u00e4ude der Kl\u00e4ranlage beinhaltete neben Abwasserpumpen auch die Luftpumpen f\u00fcr die Belebungsbecken.<\/p>\n\n\n\n<p>Es ist bis heute in Betrieb unter dem ge\u00e4ndertem Namen &#8220;<strong>Terrence J. O&#8217;Brien Water Reclamation Plant<\/strong>&#8220;.\u00a0 \u00a0<\/p>\n\n\n\n<figure data-wp-context=\"{&quot;imageId&quot;:&quot;69e19bdb806f3&quot;}\" data-wp-interactive=\"core\/image\" data-wp-key=\"69e19bdb806f3\" class=\"wp-block-image size-large wp-lightbox-container\"><img loading=\"lazy\" decoding=\"async\" width=\"1024\" height=\"644\" data-wp-class--hide=\"state.isContentHidden\" data-wp-class--show=\"state.isContentVisible\" data-wp-init=\"callbacks.setButtonStyles\" data-wp-on--click=\"actions.showLightbox\" data-wp-on--load=\"callbacks.setButtonStyles\" data-wp-on-window--resize=\"callbacks.setButtonStyles\" src=\"https:\/\/www.klaerwerk-krefeld.org\/wp-content\/uploads\/2025\/06\/image-1024x644.png\" alt=\"\" class=\"wp-image-7847\" srcset=\"https:\/\/www.klaerwerk-krefeld.org\/wp-content\/uploads\/2025\/06\/image-1024x644.png 1024w, https:\/\/www.klaerwerk-krefeld.org\/wp-content\/uploads\/2025\/06\/image-300x189.png 300w, https:\/\/www.klaerwerk-krefeld.org\/wp-content\/uploads\/2025\/06\/image-768x483.png 768w, https:\/\/www.klaerwerk-krefeld.org\/wp-content\/uploads\/2025\/06\/image.png 1500w\" sizes=\"auto, (max-width: 767px) 89vw, (max-width: 1000px) 54vw, (max-width: 1071px) 543px, 580px\" \/><button\n\t\t\tclass=\"lightbox-trigger\"\n\t\t\ttype=\"button\"\n\t\t\taria-haspopup=\"dialog\"\n\t\t\taria-label=\"Vergr\u00f6\u00dfern\"\n\t\t\tdata-wp-init=\"callbacks.initTriggerButton\"\n\t\t\tdata-wp-on--click=\"actions.showLightbox\"\n\t\t\tdata-wp-style--right=\"state.imageButtonRight\"\n\t\t\tdata-wp-style--top=\"state.imageButtonTop\"\n\t\t>\n\t\t\t<svg xmlns=\"http:\/\/www.w3.org\/2000\/svg\" width=\"12\" height=\"12\" fill=\"none\" viewBox=\"0 0 12 12\">\n\t\t\t\t<path fill=\"#fff\" d=\"M2 0a2 2 0 0 0-2 2v2h1.5V2a.5.5 0 0 1 .5-.5h2V0H2Zm2 10.5H2a.5.5 0 0 1-.5-.5V8H0v2a2 2 0 0 0 2 2h2v-1.5ZM8 12v-1.5h2a.5.5 0 0 0 .5-.5V8H12v2a2 2 0 0 1-2 2H8Zm2-12a2 2 0 0 1 2 2v2h-1.5V2a.5.5 0 0 0-.5-.5H8V0h2Z\" \/>\n\t\t\t<\/svg>\n\t\t<\/button><figcaption class=\"wp-element-caption\">Hauptgeb\u00e4ude links, rechts die Becken<\/figcaption><\/figure>\n\n\n\n<figure data-wp-context=\"{&quot;imageId&quot;:&quot;69e19bdb811ed&quot;}\" data-wp-interactive=\"core\/image\" data-wp-key=\"69e19bdb811ed\" class=\"wp-block-image size-large wp-lightbox-container\"><img loading=\"lazy\" decoding=\"async\" width=\"1024\" height=\"643\" data-wp-class--hide=\"state.isContentHidden\" data-wp-class--show=\"state.isContentVisible\" data-wp-init=\"callbacks.setButtonStyles\" data-wp-on--click=\"actions.showLightbox\" data-wp-on--load=\"callbacks.setButtonStyles\" data-wp-on-window--resize=\"callbacks.setButtonStyles\" src=\"https:\/\/www.klaerwerk-krefeld.org\/wp-content\/uploads\/2025\/06\/image-2-1024x643.png\" alt=\"\" class=\"wp-image-7849\" srcset=\"https:\/\/www.klaerwerk-krefeld.org\/wp-content\/uploads\/2025\/06\/image-2-1024x643.png 1024w, https:\/\/www.klaerwerk-krefeld.org\/wp-content\/uploads\/2025\/06\/image-2-300x188.png 300w, https:\/\/www.klaerwerk-krefeld.org\/wp-content\/uploads\/2025\/06\/image-2-768x482.png 768w, https:\/\/www.klaerwerk-krefeld.org\/wp-content\/uploads\/2025\/06\/image-2-1536x964.png 1536w, https:\/\/www.klaerwerk-krefeld.org\/wp-content\/uploads\/2025\/06\/image-2-2048x1285.png 2048w\" sizes=\"auto, (max-width: 767px) 89vw, (max-width: 1000px) 54vw, (max-width: 1071px) 543px, 580px\" \/><button\n\t\t\tclass=\"lightbox-trigger\"\n\t\t\ttype=\"button\"\n\t\t\taria-haspopup=\"dialog\"\n\t\t\taria-label=\"Vergr\u00f6\u00dfern\"\n\t\t\tdata-wp-init=\"callbacks.initTriggerButton\"\n\t\t\tdata-wp-on--click=\"actions.showLightbox\"\n\t\t\tdata-wp-style--right=\"state.imageButtonRight\"\n\t\t\tdata-wp-style--top=\"state.imageButtonTop\"\n\t\t>\n\t\t\t<svg xmlns=\"http:\/\/www.w3.org\/2000\/svg\" width=\"12\" height=\"12\" fill=\"none\" viewBox=\"0 0 12 12\">\n\t\t\t\t<path fill=\"#fff\" d=\"M2 0a2 2 0 0 0-2 2v2h1.5V2a.5.5 0 0 1 .5-.5h2V0H2Zm2 10.5H2a.5.5 0 0 1-.5-.5V8H0v2a2 2 0 0 0 2 2h2v-1.5ZM8 12v-1.5h2a.5.5 0 0 0 .5-.5V8H12v2a2 2 0 0 1-2 2H8Zm2-12a2 2 0 0 1 2 2v2h-1.5V2a.5.5 0 0 0-.5-.5H8V0h2Z\" \/>\n\t\t\t<\/svg>\n\t\t<\/button><figcaption class=\"wp-element-caption\">Pumpensaal<\/figcaption><\/figure>\n\n\n\n<p><br><br>Fotos: Metropolitan Water Reclamation District of Greater Chicago<\/p>\n\n\n\n<p><a href=\"https:\/\/en.wikipedia.org\/wiki\/Metropolitan_Water_Reclamation_District_of_Greater_Chicago\">https:\/\/en.wikipedia.org\/wiki\/Metropolitan_Water_Reclamation_District_of_Greater_Chicago<\/a><\/p>\n\n\n\n<p><\/p>\n","protected":false},"excerpt":{"rendered":"<p>Kommunale Kl\u00e4ranlage des damaligen Sanitary District of Chicago, zust\u00e4ndig f\u00fcr das Einzugsgebiet des Nordens der Stadt Chicago,&nbsp;mit Grobrechen, Sandfang, Belebungsbecken f\u00fcr die biologische Abwasserreinigung. Das \u201eBlower Building\u201c Hauptgeb\u00e4ude der Kl\u00e4ranlage beinhaltete neben Abwasserpumpen auch die Luftpumpen f\u00fcr die Belebungsbecken. Es ist bis heute in Betrieb unter dem ge\u00e4ndertem Namen &#8220;Terrence J. O&#8217;Brien Water Reclamation Plant&#8220;.\u00a0 &hellip; <\/p>\n<p class=\"link-more\"><a href=\"https:\/\/www.klaerwerk-krefeld.org\/index.php\/north-side-water-reclamation-plant-chicago-1928\/\" class=\"more-link\"><span class=\"screen-reader-text\">\u201eNorth Side Water Reclamation Plant, Chicago, 1928\u201c <\/span>weiterlesen<\/a><\/p>\n","protected":false},"author":1,"featured_media":7820,"parent":0,"menu_order":0,"comment_status":"closed","ping_status":"closed","template":"","meta":{"footnotes":""},"class_list":["post-7541","page","type-page","status-publish","has-post-thumbnail","hentry"],"_links":{"self":[{"href":"https:\/\/www.klaerwerk-krefeld.org\/index.php\/wp-json\/wp\/v2\/pages\/7541","targetHints":{"allow":["GET"]}}],"collection":[{"href":"https:\/\/www.klaerwerk-krefeld.org\/index.php\/wp-json\/wp\/v2\/pages"}],"about":[{"href":"https:\/\/www.klaerwerk-krefeld.org\/index.php\/wp-json\/wp\/v2\/types\/page"}],"author":[{"embeddable":true,"href":"https:\/\/www.klaerwerk-krefeld.org\/index.php\/wp-json\/wp\/v2\/users\/1"}],"replies":[{"embeddable":true,"href":"https:\/\/www.klaerwerk-krefeld.org\/index.php\/wp-json\/wp\/v2\/comments?post=7541"}],"version-history":[{"count":7,"href":"https:\/\/www.klaerwerk-krefeld.org\/index.php\/wp-json\/wp\/v2\/pages\/7541\/revisions"}],"predecessor-version":[{"id":7850,"href":"https:\/\/www.klaerwerk-krefeld.org\/index.php\/wp-json\/wp\/v2\/pages\/7541\/revisions\/7850"}],"wp:featuredmedia":[{"embeddable":true,"href":"https:\/\/www.klaerwerk-krefeld.org\/index.php\/wp-json\/wp\/v2\/media\/7820"}],"wp:attachment":[{"href":"https:\/\/www.klaerwerk-krefeld.org\/index.php\/wp-json\/wp\/v2\/media?parent=7541"}],"curies":[{"name":"wp","href":"https:\/\/api.w.org\/{rel}","templated":true}]}}