{"id":7495,"date":"2024-02-19T20:25:59","date_gmt":"2024-02-19T19:25:59","guid":{"rendered":"https:\/\/www.klaerwerk-krefeld.org\/?page_id=7495"},"modified":"2024-02-21T12:24:49","modified_gmt":"2024-02-21T11:24:49","slug":"uerdinger-bruecke","status":"publish","type":"page","link":"https:\/\/www.klaerwerk-krefeld.org\/index.php\/uerdinger-bruecke\/","title":{"rendered":"Foto Aktion zur Uerdinger Br\u00fccke"},"content":{"rendered":"\n<h2 class=\"wp-block-heading\"><\/h2>\n\n\n\n<p>Hier werden <strong>Fotos<\/strong> von der <strong>Uerdinger Br\u00fccke<\/strong> f\u00fcr eine Ausstellung im Sommer\/Herbst im historischen Kl\u00e4rwerk gesammelt. Die Ausstellung wird digital, (Beamer und Monitore), aber auch mit durch eine Jury ausgew\u00e4hlten spannendsten, sch\u00f6nsten, aussagekr\u00e4ftigsten Fotos als grossformatige Plakate erfolgen. <\/p>\n\n\n\n<h2 class=\"wp-block-heading\">Hintergrund<\/h2>\n\n\n\n<p>Die Rheinbr\u00fccke ist heute sicherlich eines der meistfotografierten Objekte in Krefeld und tief im Herzen der ganzen Region verankert. Sie ist nicht nur &#8220;Verkehrstr\u00e4ger&#8221; sondern ein Monument,  ein Symbol der lokalen Identit\u00e4t. <\/p>\n\n\n\n<p><strong>Aber Ihr Erhalt ist fraglich. <br><\/strong><br>Denn 2023 wurde \u00fcberraschend erkl\u00e4rt, die Br\u00fccke soll durch einen Autobahn-Neubau ersetzt werden. Materialproben h\u00e4tten ergeben, dass die Qualit\u00e4t der Br\u00fccke zu gering ist. Eine <a href=\"https:\/\/www.change.org\/p\/die-rheinbr\u00fccke-uerdingen-muss-als-wahrzeichen-erhalten-bleiben\">Petition f\u00fcr den Erhalt<\/a> wurde gestaltet. <\/p>\n\n\n\n<h2 class=\"wp-block-heading\">Was jetzt?<\/h2>\n\n\n\n<p><strong>Wir m\u00f6chten mit dieser Foto Aktion uns Uerdingen, Krefeldern, Duisburgern die Gelegenheit geben, ihren Respekt und die vielleicht auch tiefe Zuneigung zur Br\u00fccke darzustellen. <\/strong><\/p>\n\n\n\n<h2 class=\"wp-block-heading has-white-color has-vivid-red-background-color has-text-color has-background has-link-color has-large-font-size wp-elements-edbc55d9b5030cec8921d06624f32f2a\">Aufruf<\/h2>\n\n\n\n<p>Aufgerufen sind nun alle, die historische Aufnahmen, k\u00fcnstlerische Fotos, Begebenheit und Erlebnisse rund um die Br\u00fccke, in ihren Fotosammlungen und Alben zu suchen und hier einzureichen. <\/p>\n\n\n\n<p>Egal ob im Schwarzwei\u00df oder in Farbe, ob mit Profi-Equipment, oder mit dem Handy gemacht, oder ein Foto von einer Zeichnung, eines Logos, Deiner Kreativit\u00e4t sind keine Grenzen gesetzt.<\/p>\n\n\n\n<p><\/p>\n\n\n\n<div class=\"wp-block-cover alignfull wp-duotone-094850-f9644e-2\" style=\"margin-top:0;padding-top:48px;padding-right:48px;padding-bottom:48px;padding-left:48px;min-height:66vh;aspect-ratio:unset;\"><span aria-hidden=\"true\" class=\"wp-block-cover__background has-background-dim-30 has-background-dim\"><\/span><img loading=\"lazy\" decoding=\"async\" width=\"500\" height=\"786\" class=\"wp-block-cover__image-background wp-image-7501\" alt=\"\" src=\"https:\/\/www.klaerwerk-krefeld.org\/wp-content\/uploads\/2024\/02\/strudel.jpg\" data-object-fit=\"cover\" srcset=\"https:\/\/www.klaerwerk-krefeld.org\/wp-content\/uploads\/2024\/02\/strudel.jpg 500w, https:\/\/www.klaerwerk-krefeld.org\/wp-content\/uploads\/2024\/02\/strudel-191x300.jpg 191w, https:\/\/www.klaerwerk-krefeld.org\/wp-content\/uploads\/2024\/02\/strudel-150x236.jpg 150w\" sizes=\"auto, (max-width: 500px) 100vw, 500px\" \/><div class=\"wp-block-cover__inner-container is-layout-flow wp-block-cover-is-layout-flow\">\n<div class=\"wp-block-group is-content-justification-left\"><div class=\"wp-block-group__inner-container is-layout-constrained wp-container-core-group-is-layout-7206f975 wp-block-group-is-layout-constrained\">\n<h2 class=\"wp-block-heading has-text-align-left has-white-color has-text-color\" style=\"font-size:100px;font-style:normal;font-weight:700;letter-spacing:0px;line-height:1;text-transform:uppercase\">Meine Br\u00fcck<\/h2>\n<\/div><\/div>\n\n\n\n<div style=\"height:72px\" aria-hidden=\"true\" class=\"wp-block-spacer\"><\/div>\n\n\n\n<div class=\"wp-block-buttons is-content-justification-left is-nowrap is-layout-flex wp-container-core-buttons-is-layout-6447b855 wp-block-buttons-is-layout-flex\">\n<div class=\"wp-block-button has-custom-font-size is-style-outline is-style-outline--1\" style=\"font-size:16px;font-style:normal;font-weight:600;letter-spacing:0px;text-transform:uppercase\"><a class=\"wp-block-button__link has-white-color has-text-color wp-element-button\" href=\"https:\/\/www.dropbox.com\/request\/eCIC3qrWAy9eCMU5AKZt\" style=\"padding-top:24px;padding-right:48px;padding-bottom:24px;padding-left:48px\">Foto Einreichen<\/a><\/div>\n<\/div>\n<\/div><\/div>\n","protected":false},"excerpt":{"rendered":"<p>Hier werden Fotos von der Uerdinger Br\u00fccke f\u00fcr eine Ausstellung im Sommer\/Herbst im historischen Kl\u00e4rwerk gesammelt. Die Ausstellung wird digital, (Beamer und Monitore), aber auch mit durch eine Jury ausgew\u00e4hlten spannendsten, sch\u00f6nsten, aussagekr\u00e4ftigsten Fotos als grossformatige Plakate erfolgen. Hintergrund Die Rheinbr\u00fccke ist heute sicherlich eines der meistfotografierten Objekte in Krefeld und tief im Herzen der &hellip; <\/p>\n<p class=\"link-more\"><a href=\"https:\/\/www.klaerwerk-krefeld.org\/index.php\/uerdinger-bruecke\/\" class=\"more-link\"><span class=\"screen-reader-text\">\u201eFoto Aktion zur Uerdinger Br\u00fccke\u201c <\/span>weiterlesen<\/a><\/p>\n","protected":false},"author":1,"featured_media":7497,"parent":0,"menu_order":0,"comment_status":"closed","ping_status":"closed","template":"","meta":{"footnotes":""},"class_list":["post-7495","page","type-page","status-publish","has-post-thumbnail","hentry"],"_links":{"self":[{"href":"https:\/\/www.klaerwerk-krefeld.org\/index.php\/wp-json\/wp\/v2\/pages\/7495","targetHints":{"allow":["GET"]}}],"collection":[{"href":"https:\/\/www.klaerwerk-krefeld.org\/index.php\/wp-json\/wp\/v2\/pages"}],"about":[{"href":"https:\/\/www.klaerwerk-krefeld.org\/index.php\/wp-json\/wp\/v2\/types\/page"}],"author":[{"embeddable":true,"href":"https:\/\/www.klaerwerk-krefeld.org\/index.php\/wp-json\/wp\/v2\/users\/1"}],"replies":[{"embeddable":true,"href":"https:\/\/www.klaerwerk-krefeld.org\/index.php\/wp-json\/wp\/v2\/comments?post=7495"}],"version-history":[{"count":4,"href":"https:\/\/www.klaerwerk-krefeld.org\/index.php\/wp-json\/wp\/v2\/pages\/7495\/revisions"}],"predecessor-version":[{"id":7507,"href":"https:\/\/www.klaerwerk-krefeld.org\/index.php\/wp-json\/wp\/v2\/pages\/7495\/revisions\/7507"}],"wp:featuredmedia":[{"embeddable":true,"href":"https:\/\/www.klaerwerk-krefeld.org\/index.php\/wp-json\/wp\/v2\/media\/7497"}],"wp:attachment":[{"href":"https:\/\/www.klaerwerk-krefeld.org\/index.php\/wp-json\/wp\/v2\/media?parent=7495"}],"curies":[{"name":"wp","href":"https:\/\/api.w.org\/{rel}","templated":true}]}}