{"id":7439,"date":"2023-11-08T18:50:33","date_gmt":"2023-11-08T17:50:33","guid":{"rendered":"https:\/\/www.klaerwerk-krefeld.org\/?page_id=7439"},"modified":"2024-11-23T11:06:30","modified_gmt":"2024-11-23T10:06:30","slug":"themen","status":"publish","type":"page","link":"https:\/\/www.klaerwerk-krefeld.org\/index.php\/themen\/","title":{"rendered":"Themen"},"content":{"rendered":"\n<p><a href=\"https:\/\/www.klaerwerk-krefeld.org\/index.php\/wasser\/\" data-type=\"page\" data-id=\"5171\">Wasser Kultur Erbe<\/a><\/p>\n\n\n<ul class=\"wp-block-page-list\"><li class=\"wp-block-pages-list__item\"><a class=\"wp-block-pages-list__item__link\" href=\"https:\/\/www.klaerwerk-krefeld.org\/index.php\/cholera-ausbreitung-pandemie\/\">1. Das Zeitalter der Cholera Pandemien<\/a><\/li><li class=\"wp-block-pages-list__item\"><a class=\"wp-block-pages-list__item__link\" href=\"https:\/\/www.klaerwerk-krefeld.org\/index.php\/die-erforschung-der-cholera\/\">2. Die Erforschung der Cholera<\/a><\/li><li class=\"wp-block-pages-list__item\"><a class=\"wp-block-pages-list__item__link\" href=\"https:\/\/www.klaerwerk-krefeld.org\/index.php\/die-entdeckung-des-cholera-erregers\/\">3. Die Entdeckung des Cholera- Erregers<\/a><\/li><li class=\"wp-block-pages-list__item\"><a class=\"wp-block-pages-list__item__link\" href=\"https:\/\/www.klaerwerk-krefeld.org\/index.php\/die-hygiene-der-staedte\/\">4. Die Hygiene der St\u00e4dte im Kampf gegen die Cholera<\/a><\/li><li class=\"wp-block-pages-list__item\"><a class=\"wp-block-pages-list__item__link\" href=\"https:\/\/www.klaerwerk-krefeld.org\/index.php\/der-ausbruch-der-cholera-in-hamburg\/\">5. Der Ausbruch der Cholera in Hamburg<\/a><\/li><li class=\"wp-block-pages-list__item\"><a class=\"wp-block-pages-list__item__link\" href=\"https:\/\/www.klaerwerk-krefeld.org\/index.php\/fuehrungen\/\">Besuch des Kl\u00e4rwerks \/ F\u00fchrungen<\/a><\/li><li class=\"wp-block-pages-list__item\"><a class=\"wp-block-pages-list__item__link\" href=\"https:\/\/www.klaerwerk-krefeld.org\/index.php\/blogs\/\">Blog<\/a><\/li><li class=\"wp-block-pages-list__item\"><a class=\"wp-block-pages-list__item__link\" href=\"https:\/\/www.klaerwerk-krefeld.org\/index.php\/blog\/\">Blog<\/a><\/li><li class=\"wp-block-pages-list__item\"><a class=\"wp-block-pages-list__item__link\" href=\"https:\/\/www.klaerwerk-krefeld.org\/index.php\/booking-details\/\">Booking Details<\/a><\/li><li class=\"wp-block-pages-list__item\"><a class=\"wp-block-pages-list__item__link\" href=\"https:\/\/www.klaerwerk-krefeld.org\/index.php\/canalisation-von-duesseldorf-canal-profile\/\">Canalisation von D\u00fcsseldorf, Canal Profile<\/a><\/li><li class=\"wp-block-pages-list__item\"><a class=\"wp-block-pages-list__item__link\" href=\"https:\/\/www.klaerwerk-krefeld.org\/index.php\/datenschutzerklaerung-2\/\">Datenschutzerkl\u00e4rung<\/a><\/li><li class=\"wp-block-pages-list__item\"><a class=\"wp-block-pages-list__item__link\" href=\"https:\/\/www.klaerwerk-krefeld.org\/index.php\/detaillierte-beschreibung-des-gebaeudebestandes\/\">Detaillierte Beschreibung des Geb\u00e4udebestandes<\/a><\/li><li class=\"wp-block-pages-list__item\"><a class=\"wp-block-pages-list__item__link\" href=\"https:\/\/www.klaerwerk-krefeld.org\/index.php\/cholera\/\">Die Geschichte der Pandemien: Cholera<\/a><\/li><li class=\"wp-block-pages-list__item\"><a class=\"wp-block-pages-list__item__link\" href=\"https:\/\/www.klaerwerk-krefeld.org\/index.php\/die-geschichte-eines-klaerwerks-ist-immer-auch-die-geschichte-seiner-stadt-2\/\">Die Geschichte eines Kl\u00e4rwerks<\/a><\/li><li class=\"wp-block-pages-list__item has-child\"><a class=\"wp-block-pages-list__item__link\" href=\"https:\/\/www.klaerwerk-krefeld.org\/index.php\/agenda-2030\/\">Die UN-Agenda 2030<\/a><ul class=\"wp-block-navigation__submenu-container\"><li class=\"wp-block-pages-list__item \"><a class=\"wp-block-pages-list__item__link\" href=\"https:\/\/www.klaerwerk-krefeld.org\/index.php\/agenda-2030\/17-ziele-fuer-nachhaltige-entwicklung\/\">17 Ziele f\u00fcr nachhaltige Entwicklung<\/a><\/li><\/ul><\/li><li class=\"wp-block-pages-list__item\"><a class=\"wp-block-pages-list__item__link\" href=\"https:\/\/www.klaerwerk-krefeld.org\/index.php\/digitale-raumplaene\/\">Digitale Raumpl\u00e4ne<\/a><\/li><li class=\"wp-block-pages-list__item\"><a class=\"wp-block-pages-list__item__link\" href=\"https:\/\/www.klaerwerk-krefeld.org\/index.php\/event-organizers\/\">Event Organizers<\/a><\/li><li class=\"wp-block-pages-list__item\"><a class=\"wp-block-pages-list__item__link\" href=\"https:\/\/www.klaerwerk-krefeld.org\/index.php\/event-sites-locations\/\">Event Sites &amp; Locations<\/a><\/li><li class=\"wp-block-pages-list__item\"><a class=\"wp-block-pages-list__item__link\" href=\"https:\/\/www.klaerwerk-krefeld.org\/index.php\/event-types\/\">Event Types<\/a><\/li><li class=\"wp-block-pages-list__item\"><a class=\"wp-block-pages-list__item__link\" href=\"https:\/\/www.klaerwerk-krefeld.org\/index.php\/events\/\">Events<\/a><\/li><li class=\"wp-block-pages-list__item\"><a class=\"wp-block-pages-list__item__link\" href=\"https:\/\/www.klaerwerk-krefeld.org\/index.php\/film-ab\/\">Film ab:<\/a><\/li><li class=\"wp-block-pages-list__item\"><a class=\"wp-block-pages-list__item__link\" href=\"https:\/\/www.klaerwerk-krefeld.org\/index.php\/uerdinger-bruecke\/\">Foto Aktion zur Uerdinger Br\u00fccke<\/a><\/li><li class=\"wp-block-pages-list__item\"><a class=\"wp-block-pages-list__item__link\" href=\"https:\/\/www.klaerwerk-krefeld.org\/index.php\/foto-und-film\/\">Foto und Film<\/a><\/li><li class=\"wp-block-pages-list__item\"><a class=\"wp-block-pages-list__item__link\" href=\"https:\/\/www.klaerwerk-krefeld.org\/index.php\/fotonachweis\/\">Fotonachweis<\/a><\/li><li class=\"wp-block-pages-list__item\"><a class=\"wp-block-pages-list__item__link\" href=\"https:\/\/www.klaerwerk-krefeld.org\/index.php\/hausordnung\/\">Hausordnung<\/a><\/li><li class=\"wp-block-pages-list__item\"><a class=\"wp-block-pages-list__item__link\" href=\"https:\/\/www.klaerwerk-krefeld.org\/index.php\/impressum\/\">Impressum<\/a><\/li><li class=\"wp-block-pages-list__item\"><a class=\"wp-block-pages-list__item__link\" href=\"https:\/\/www.klaerwerk-krefeld.org\/index.php\/bauarbeiten\/\">Industriedenkmal: Erhalt und Instandsetzung<\/a><\/li><li class=\"wp-block-pages-list__item\"><a class=\"wp-block-pages-list__item__link\" href=\"https:\/\/www.klaerwerk-krefeld.org\/index.php\/industriekultur\/\">Industriekultur<\/a><\/li><li class=\"wp-block-pages-list__item\"><a class=\"wp-block-pages-list__item__link\" href=\"https:\/\/www.klaerwerk-krefeld.org\/index.php\/kanalisation-von-paris\/\">Kanalisation von Paris<\/a><\/li><li class=\"wp-block-pages-list__item\"><a class=\"wp-block-pages-list__item__link\" href=\"https:\/\/www.klaerwerk-krefeld.org\/index.php\/klaeranlage-niederrad-frankfurt-am-main-1887\/\">Kl\u00e4ranlage Niederrad, Frankfurt am Main, 1887<\/a><\/li><li class=\"wp-block-pages-list__item\"><a class=\"wp-block-pages-list__item__link\" href=\"https:\/\/www.klaerwerk-krefeld.org\/index.php\/klaerbar\/\">Kl\u00e4rbar<\/a><\/li><li class=\"wp-block-pages-list__item\"><a class=\"wp-block-pages-list__item__link\" href=\"https:\/\/www.klaerwerk-krefeld.org\/index.php\/klaerwerke-in-stahnsdorf\/\">Kl\u00e4rwerke in Stahnsdorf<\/a><\/li><li class=\"wp-block-pages-list__item\"><a class=\"wp-block-pages-list__item__link\" href=\"https:\/\/www.klaerwerk-krefeld.org\/index.php\/klimawandel\/\">Klimawandel? Klimakatastrophe<\/a><\/li><li class=\"wp-block-pages-list__item\"><a class=\"wp-block-pages-list__item__link\" href=\"https:\/\/www.klaerwerk-krefeld.org\/index.php\/kontakt\/\">Kontakt<\/a><\/li><li class=\"wp-block-pages-list__item\"><a class=\"wp-block-pages-list__item__link\" href=\"https:\/\/www.klaerwerk-krefeld.org\/index.php\/mikroplastik\/\">Mikroplastik<\/a><\/li><li class=\"wp-block-pages-list__item\"><a class=\"wp-block-pages-list__item__link\" href=\"https:\/\/www.klaerwerk-krefeld.org\/index.php\/north-side-water-reclamation-plant-chicago-1928\/\">North Side Water Reclamation Plant, Chicago, 1928<\/a><\/li><li class=\"wp-block-pages-list__item\"><a class=\"wp-block-pages-list__item__link\" href=\"https:\/\/www.klaerwerk-krefeld.org\/index.php\/pfas\/\">Pfas<\/a><\/li><li class=\"wp-block-pages-list__item\"><a class=\"wp-block-pages-list__item__link\" href=\"https:\/\/www.klaerwerk-krefeld.org\/index.php\/rheinpegeluhr-im-klaerwerk-krefeld-ca-2012-gestohlen\/\">Rheinpegel im Kl\u00e4rwerk Krefeld, Zifferblatt ca. 2012 gestohlen\u00a0<\/a><\/li><li class=\"wp-block-pages-list__item\"><a class=\"wp-block-pages-list__item__link\" href=\"https:\/\/www.klaerwerk-krefeld.org\/index.php\/sauberes-wasser-und-sanitaere-einrichtungen\/\">Sauberes Wasser, sanit\u00e4re Einrichtungen<\/a><\/li><li class=\"wp-block-pages-list__item\"><a class=\"wp-block-pages-list__item__link\" href=\"https:\/\/www.klaerwerk-krefeld.org\/index.php\/sein-und-schein-das-quiz\/\">Sein und Schein, das Quiz<\/a><\/li><li class=\"wp-block-pages-list__item\"><a class=\"wp-block-pages-list__item__link\" href=\"https:\/\/www.klaerwerk-krefeld.org\/index.php\/sitemap\/\">sitemap<\/a><\/li><li class=\"wp-block-pages-list__item\"><a class=\"wp-block-pages-list__item__link\" href=\"https:\/\/www.klaerwerk-krefeld.org\/index.php\/stara-cistirna\/\">Stara Cistirna<\/a><\/li><li class=\"wp-block-pages-list__item\"><a class=\"wp-block-pages-list__item__link\" href=\"https:\/\/www.klaerwerk-krefeld.org\/index.php\/tag-des-offenen-denkmals-2020\/\">Tag des offenen Denkmals<\/a><\/li><li class=\"wp-block-pages-list__item\"><a class=\"wp-block-pages-list__item__link\" href=\"https:\/\/www.klaerwerk-krefeld.org\/index.php\/teilnehmen-the-water-we-want\/\">TEILNEHMEN: THE WATER WE WANT<\/a><\/li><li class=\"wp-block-pages-list__item\"><a class=\"wp-block-pages-list__item__link\" href=\"https:\/\/www.klaerwerk-krefeld.org\/index.php\/the-water-we-want\/\">THE WATER WE WANT<\/a><\/li><li class=\"wp-block-pages-list__item\"><a class=\"wp-block-pages-list__item__link\" href=\"https:\/\/www.klaerwerk-krefeld.org\/index.php\/nutzung-des-denkmals\/\">Themen<\/a><\/li><li class=\"wp-block-pages-list__item\"><a class=\"wp-block-pages-list__item__link\" href=\"https:\/\/www.klaerwerk-krefeld.org\/index.php\/themen\/\">Themen<\/a><\/li><li class=\"wp-block-pages-list__item\"><a class=\"wp-block-pages-list__item__link\" href=\"https:\/\/www.klaerwerk-krefeld.org\/index.php\/ueber-die-aeltesten-klaerwerke\/\">\u00dcber die \u00e4ltesten Kl\u00e4rwerke<\/a><\/li><li class=\"wp-block-pages-list__item\"><a class=\"wp-block-pages-list__item__link\" href=\"https:\/\/www.klaerwerk-krefeld.org\/index.php\/spenden\/\">\u00dcber uns und ihre Hilfe beim Erhalt des Kl\u00e4rwerks<\/a><\/li><li class=\"wp-block-pages-list__item\"><a class=\"wp-block-pages-list__item__link\" href=\"https:\/\/www.klaerwerk-krefeld.org\/index.php\/uebersicht-der-entstehungsgeschichte-der-mechanischen-reinigungsapparate-von-klaeranlagen-1903-1912\/\">\u00dcbersicht der Entstehungsgeschichte der  mechanischen Reinigungsapparate von Kl\u00e4ranlagen 1903-1912<\/a><\/li><li class=\"wp-block-pages-list__item\"><a class=\"wp-block-pages-list__item__link\" href=\"https:\/\/www.klaerwerk-krefeld.org\/index.php\/urbex\/\">Urbex<\/a><\/li><li class=\"wp-block-pages-list__item\"><a class=\"wp-block-pages-list__item__link\" href=\"https:\/\/www.klaerwerk-krefeld.org\/index.php\/user-profile\/\">User Profile<\/a><\/li><li class=\"wp-block-pages-list__item\"><a class=\"wp-block-pages-list__item__link\" href=\"https:\/\/www.klaerwerk-krefeld.org\/index.php\/veranstaltungsstaette\/\">Veranstaltungsst\u00e4tte<\/a><\/li><li class=\"wp-block-pages-list__item\"><a class=\"wp-block-pages-list__item__link\" href=\"https:\/\/www.klaerwerk-krefeld.org\/index.php\/was-ist-klimawandel\/\">Was ist Klimawandel?<\/a><\/li><li class=\"wp-block-pages-list__item\"><a class=\"wp-block-pages-list__item__link\" href=\"https:\/\/www.klaerwerk-krefeld.org\/index.php\/wasser\/\">Wasser<\/a><\/li><li class=\"wp-block-pages-list__item\"><a class=\"wp-block-pages-list__item__link\" href=\"https:\/\/www.klaerwerk-krefeld.org\/index.php\/ort-vieler-geschichten\/\">Wasser Kulturerbe, das Kl\u00e4rwerk<\/a><\/li><li class=\"wp-block-pages-list__item\"><a class=\"wp-block-pages-list__item__link\" href=\"https:\/\/www.klaerwerk-krefeld.org\/index.php\/wassermuseum_erklaerwerk\/\">Wassermuseum ErKl\u00e4rwerk<\/a><\/li><li class=\"wp-block-pages-list__item menu-item-home\"><a class=\"wp-block-pages-list__item__link\" href=\"https:\/\/www.klaerwerk-krefeld.org\/\">Willkommen<\/a><\/li><li class=\"wp-block-pages-list__item\"><a class=\"wp-block-pages-list__item__link\" href=\"https:\/\/www.klaerwerk-krefeld.org\/index.php\/wird-alles-abwasser-geklaert-nein\/\">Wird alles Abwasser gekl\u00e4rt? Nein!<\/a><\/li><li class=\"wp-block-pages-list__item\"><a class=\"wp-block-pages-list__item__link\" href=\"https:\/\/www.klaerwerk-krefeld.org\/index.php\/wissenschaft\/\">Wissenschaft<\/a><\/li><li class=\"wp-block-pages-list__item\"><a class=\"wp-block-pages-list__item__link\" href=\"https:\/\/www.klaerwerk-krefeld.org\/index.php\/timeline\/\">Zeitleiste des historischen Kl\u00e4rwerks in Krefeld:<\/a><\/li><li class=\"wp-block-pages-list__item\"><a class=\"wp-block-pages-list__item__link\" href=\"https:\/\/www.klaerwerk-krefeld.org\/index.php\/ziele\/\">Ziele<\/a><\/li><li class=\"wp-block-pages-list__item\"><a class=\"wp-block-pages-list__item__link\" href=\"https:\/\/www.klaerwerk-krefeld.org\/index.php\/neues-leben-fuer-rothers-und-buddenberg\/\">\u201eNEUES LEBEN F\u00dcR ROTHERS UND BUDDENBERG\u201c<\/a><\/li><\/ul>\n\n\n<p><a href=\"https:\/\/www.klaerwerk-krefeld.org\/index.php\/industriekultur\/\" data-type=\"page\" data-id=\"3206\">Industriekultur<\/a> <\/p>\n","protected":false},"excerpt":{"rendered":"<p>Wasser Kultur Erbe Industriekultur<\/p>\n","protected":false},"author":1,"featured_media":0,"parent":0,"menu_order":0,"comment_status":"closed","ping_status":"closed","template":"","meta":{"footnotes":""},"class_list":["post-7439","page","type-page","status-publish","hentry"],"_links":{"self":[{"href":"https:\/\/www.klaerwerk-krefeld.org\/index.php\/wp-json\/wp\/v2\/pages\/7439","targetHints":{"allow":["GET"]}}],"collection":[{"href":"https:\/\/www.klaerwerk-krefeld.org\/index.php\/wp-json\/wp\/v2\/pages"}],"about":[{"href":"https:\/\/www.klaerwerk-krefeld.org\/index.php\/wp-json\/wp\/v2\/types\/page"}],"author":[{"embeddable":true,"href":"https:\/\/www.klaerwerk-krefeld.org\/index.php\/wp-json\/wp\/v2\/users\/1"}],"replies":[{"embeddable":true,"href":"https:\/\/www.klaerwerk-krefeld.org\/index.php\/wp-json\/wp\/v2\/comments?post=7439"}],"version-history":[{"count":3,"href":"https:\/\/www.klaerwerk-krefeld.org\/index.php\/wp-json\/wp\/v2\/pages\/7439\/revisions"}],"predecessor-version":[{"id":7665,"href":"https:\/\/www.klaerwerk-krefeld.org\/index.php\/wp-json\/wp\/v2\/pages\/7439\/revisions\/7665"}],"wp:attachment":[{"href":"https:\/\/www.klaerwerk-krefeld.org\/index.php\/wp-json\/wp\/v2\/media?parent=7439"}],"curies":[{"name":"wp","href":"https:\/\/api.w.org\/{rel}","templated":true}]}}