{"id":6701,"date":"2022-08-03T07:25:23","date_gmt":"2022-08-03T05:25:23","guid":{"rendered":"https:\/\/www.klaerwerk-krefeld.org\/?page_id=6701"},"modified":"2025-06-11T07:47:19","modified_gmt":"2025-06-11T05:47:19","slug":"hausordnung","status":"publish","type":"page","link":"https:\/\/www.klaerwerk-krefeld.org\/index.php\/hausordnung\/","title":{"rendered":"Hausordnung"},"content":{"rendered":"\n<p>Herzlich willkommen im Industriedenkmal historisches Kl\u00e4rwerk.<\/p>\n\n\n\n<p>Das historische Kl\u00e4rwerk ist ein Ort demokratischer Grundwerte und setzt sich f\u00fcr Vielstimmigkeit, Teilhabe, Diversit\u00e4t und gegenseitigen Respekt als Basis einer freiheitlich offenen Gesellschaft ein. In diesem Sinne positioniert sich das historische Kl\u00e4rwerk deutlich gegen Rassismus, Antisemitismus, Sexismus, Ableismus, Gewalt und Diskriminierung aufgrund von Alter, religi\u00f6ser \u00dcberzeugung, sexueller Orientierung sowie weitere und auch intersektionale Diskriminierungsformen.<\/p>\n\n\n\n<p>Das historische Kl\u00e4rwerk m\u00f6chte eine Atmosph\u00e4re des Respekts, der Offenheit und der Empathie schaffen und daf\u00fcr Sorge tragen, dass Sie sich wohl und sicher f\u00fchlen. Daher gelten f\u00fcr alle Personen, die das Industriedenkmal betreten, folgende Regeln und Bestimmungen:<\/p>\n\n\n\n<p>1. Das Miteinander im Industriedenkmal<\/p>\n\n\n\n<p>Wir bitten Sie, sich so zu verhalten, dass keine anderen Personen im Industriedenkmal historisches Kl\u00e4rwerk behindert oder bel\u00e4stigt werden. Es ist untersagt, in Wort, Schrift oder Gesten die Freiheit und W\u00fcrde des Menschen (Art. 1 GG) anzutasten. Insbesondere sind diskriminierende \u00c4u\u00dferungen \u00fcber Herkunft, Aussehen, Geschlecht, sexuelle Orientierung, Alter oder religi\u00f6se Weltanschauung untersagt. Nicht zul\u00e4ssig sind ebenfalls \u00c4u\u00dferungen in Wort, Schrift oder Gesten, die einem undemokratischen und\/oder menschenverachtenden Weltbild zuzuordnen sind. Diskriminierende Kleidung oder Kost\u00fcmierung wird nicht geduldet.&nbsp;<\/p>\n\n\n\n<p>Etwaige Vorf\u00e4lle, die die Arbeit und den Betrieb des Industriedenkmals im Sinne des Leitbilds st\u00f6ren, werden durch die Direktion des historischen Kl\u00e4rwerks sofort zur Anzeige gebracht.&nbsp;<\/p>\n\n\n\n<p>Personen, die extremistischen Organisationen angeh\u00f6ren, extremistischen Szenen zuzuordnen sind oder bereits in der Vergangenheit durch menschenverachtende (z.B. rassistische, sexistische, antisemitische, homofeindliche oder national-autorit\u00e4re) \u00c4u\u00dferungen in Erscheinung getreten sind, k\u00f6nnen vom Personal sowie den jeweiligen Veranstalter*innen des Hauses verwiesen werden, wenn ihre Anwesenheit den Betrieb des Industriedenkmals im Sinne des Leitbildes st\u00f6rt oder das Wohlbefinden der Besucher*innen und Mitarbeiter*innen beeintr\u00e4chtigt.&nbsp;<\/p>\n\n\n\n<p>Wenn Sie Diskriminierungserfahrungen w\u00e4hrend Ihres Industriedenkmal-&nbsp;<\/p>\n\n\n\n<p>Besuchs erleben, steht Ihnen das Personal hilfsbereit zur Seite. Wir nehmen Ihre Erfahrung ernst. Daher bitten wir Sie, diese auch an das Team des Industriedenkmals Kl\u00e4rwerk weiterzugeben: info@klaerwerk-krefeld.org<\/p>\n\n\n\n<p>2. Verhalten im Industriedenkmal<\/p>\n\n\n\n<p>2.1. Das Team im historischen Kl\u00e4rwerk hat die Aufgabe, das Haus zu sch\u00fctzen und f\u00fcr kommende Generationen zu bewahren. Daher haften alle Personen bei Verunreinigung und Besch\u00e4digung von Geb\u00e4udebestandteilen, Inventarien und Einrichtungsgegenst\u00e4nden nach Ma\u00dfgabe der allgemeinen Vorschriften des B\u00fcrgerlichen Gesetzbuches.<\/p>\n\n\n\n<p>2.2. Menschen mit Gehbeeintr\u00e4chtigung k\u00f6nnen selbstverst\u00e4ndlich Gehhilfen mitf\u00fchren. Menschen, die einen Rollstuhl nutzen, k\u00f6nnen unser Personal jederzeit vorab und vor Ort ansprechen und es wird gerne Hilfe gegeben. Wir verf\u00fcgen \u00fcber einen Barrierefrei Aufzug, der allerdings leider nur von unserem Personal bedient werden kann, auch Kinderwagen k\u00f6nnen Sie gerne mit in die R\u00e4ume nehmen.<\/p>\n\n\n\n<p>2.3. Bitte halten Sie von den Gel\u00e4ndern der Kl\u00e4rkan\u00e4le einen Sicherheitsabstand ein. Verzichten Sie, zu Ihrer eigenen und der Sicherheit aller G\u00e4ste, auf das Rennen in den R\u00e4umen. Auch vom Telefonieren in den R\u00e4umen bitten wir Sie abzusehen. Treppen, Durchg\u00e4nge und Fluchtwege sind aus Sicherheitsgr\u00fcnden stets freizuhalten. Bei Unwohlsein oder in Notf\u00e4llen steht Ihnen das Industriedenkmal- Personal hilfsbereit zur Seite.<\/p>\n\n\n\n<p>2.4. Aufsichtspflichtige Personen<\/p>\n\n\n\n<p>Kinder unter 12 Jahren haben nur unter Aufsicht einer erwachsenen Begleitperson Zutritt zu den R\u00e4umen. Erziehungsberechtigte, erwachsene Begleitpersonen und Lehrkr\u00e4fte sind f\u00fcr das Verhalten (siehe Punkt 2) ihrer Kinder und Schulgruppen verantwortlich.<\/p>\n\n\n\n<p>3. Ihre Sicherheit<\/p>\n\n\n\n<p>Beim historischen Kl\u00e4rwerk handelt es sich um eine ehemalige technische Anlage zur Abwasserreinigung, mit Gleisanlagen, Stufen, Treppen und Kanalsch\u00e4chten. Trotz Schutzvorkehrungen und regelm\u00e4\u00dfiger Kontrollen k\u00f6nnen wir, auch aufgrund stetig notwendiger Instandsetzungsarbeiten sowie Bauma\u00dfnahmen, keine vollkommene Sicherheit auf den Wegen, Pl\u00e4tzen und in den Geb\u00e4uden erreichen.&nbsp;<\/p>\n\n\n\n<p>Bitte achten Sie deshalb selbst auf Schlagl\u00f6cher, m\u00f6gliche Unebenheiten und Stolperkanten. Vor diesem Hintergrund bitten wir Sie um Verst\u00e4ndnis daf\u00fcr, dass f\u00fcr Sach- und Personensch\u00e4den, die durch einfache Fahrl\u00e4ssigkeit verursacht werden, keine Haftung \u00fcbernommen wird.&nbsp;<\/p>\n\n\n\n<p>Das Betreten und Befahren des Gel\u00e4ndes geschieht auf eigene Gefahr. Besonders beim Verlassen der befestigten Wege, auf Treppen und in Durchg\u00e4ngen bitten wir um erh\u00f6hte Aufmerksamkeit.&nbsp;<\/p>\n\n\n\n<p>Eingez\u00e4unte oder abgetrennte Bereiche d\u00fcrfen nicht betreten werden, da Lebensgefahr besteht. Zuwiderhandlungen m\u00fcssen wir zur Anzeige bringen. Auf einigen Fl\u00e4chen und Wegen erfolgt kein oder nur ein eingeschr\u00e4nkter Winterdienst.<\/p>\n\n\n\n<p>Sie m\u00fcssen auf dem gesamten Gel\u00e4nde festes Schuhwerk tragen.<\/p>\n\n\n\n<p>4. Stra\u00dfen und Stra\u00dfenverkehrsordnung (StVO), Parkpl\u00e4tze<\/p>\n\n\n\n<p>Das Befahren des Gel\u00e4ndes mit Kraftfahrzeugen ist ausschlie\u00dflich auf den ausgebauten Wegen erlaubt. Es gilt die Schrittgeschwindigkeit. Bitte fahren Sie vorsichtig. Es gelten die Bestimmungen der StVO. Bitte nutzen Sie ausschlie\u00dflich die ausgewiesenen Parkpl\u00e4tze im Eingangsbereich und halten alle Wege vollst\u00e4ndig frei. Falsch parkende Autos m\u00fcssen wir kostenpflichtig entfernen, um die Zufahrten f\u00fcr die Feuerwehr und Rettungskr\u00e4fte jederzeit zu gew\u00e4hrleisten.<\/p>\n\n\n\n<p>Fahrr\u00e4der d\u00fcrfen gerne in den Innenhof mitgenommen werden.<\/p>\n\n\n\n<p>5. Foto-, Ton- und Filmaufnahmen<\/p>\n\n\n\n<p>Fotoaufnahmen d\u00fcrfen ausschlie\u00dflich privat genutzt werden. Alle anderen Nutzungen von Fotoaufnahmen, darunter auch jede Ver\u00f6ffentlichung von Aufnahmen, alle Film- und Tonaufnahmen, ben\u00f6tigen eine schriftliche Genehmigung durch die Eigent\u00fcmer. Anfragen richten Sie bitte an info@klaerwerk-krefeld.org<\/p>\n\n\n\n<p>6. Haftung<\/p>\n\n\n\n<p>Sie stellen w\u00e4hrend ihres Besuches auf dem Gel\u00e4nde und in den R\u00e4umlichkeiten des Historischen Kl\u00e4rwerks die Eigent\u00fcmer, &nbsp;den Verein zum Erhalt des historischen Kl\u00e4rwerks e.V. und unsere Mitarbeiter von der Haftung frei.<\/p>\n\n\n\n<p>Wir danken Ihnen f\u00fcr Ihr Verst\u00e4ndnis und w\u00fcnschen allen unseren G\u00e4sten einen angenehmen Aufenthalt.<\/p>\n","protected":false},"excerpt":{"rendered":"<p>Herzlich willkommen im Industriedenkmal historisches Kl\u00e4rwerk. Das historische Kl\u00e4rwerk ist ein Ort demokratischer Grundwerte und setzt sich f\u00fcr Vielstimmigkeit, Teilhabe, Diversit\u00e4t und gegenseitigen Respekt als Basis einer freiheitlich offenen Gesellschaft ein. In diesem Sinne positioniert sich das historische Kl\u00e4rwerk deutlich gegen Rassismus, Antisemitismus, Sexismus, Ableismus, Gewalt und Diskriminierung aufgrund von Alter, religi\u00f6ser \u00dcberzeugung, sexueller Orientierung &hellip; <\/p>\n<p class=\"link-more\"><a href=\"https:\/\/www.klaerwerk-krefeld.org\/index.php\/hausordnung\/\" class=\"more-link\"><span class=\"screen-reader-text\">\u201eHausordnung\u201c <\/span>weiterlesen<\/a><\/p>\n","protected":false},"author":1,"featured_media":0,"parent":0,"menu_order":0,"comment_status":"closed","ping_status":"closed","template":"","meta":{"footnotes":""},"class_list":["post-6701","page","type-page","status-publish","hentry"],"_links":{"self":[{"href":"https:\/\/www.klaerwerk-krefeld.org\/index.php\/wp-json\/wp\/v2\/pages\/6701","targetHints":{"allow":["GET"]}}],"collection":[{"href":"https:\/\/www.klaerwerk-krefeld.org\/index.php\/wp-json\/wp\/v2\/pages"}],"about":[{"href":"https:\/\/www.klaerwerk-krefeld.org\/index.php\/wp-json\/wp\/v2\/types\/page"}],"author":[{"embeddable":true,"href":"https:\/\/www.klaerwerk-krefeld.org\/index.php\/wp-json\/wp\/v2\/users\/1"}],"replies":[{"embeddable":true,"href":"https:\/\/www.klaerwerk-krefeld.org\/index.php\/wp-json\/wp\/v2\/comments?post=6701"}],"version-history":[{"count":2,"href":"https:\/\/www.klaerwerk-krefeld.org\/index.php\/wp-json\/wp\/v2\/pages\/6701\/revisions"}],"predecessor-version":[{"id":7857,"href":"https:\/\/www.klaerwerk-krefeld.org\/index.php\/wp-json\/wp\/v2\/pages\/6701\/revisions\/7857"}],"wp:attachment":[{"href":"https:\/\/www.klaerwerk-krefeld.org\/index.php\/wp-json\/wp\/v2\/media?parent=6701"}],"curies":[{"name":"wp","href":"https:\/\/api.w.org\/{rel}","templated":true}]}}