{"id":5551,"date":"2021-01-27T13:26:35","date_gmt":"2021-01-27T12:26:35","guid":{"rendered":"https:\/\/www.klaerwerk-krefeld.org\/?page_id=5551"},"modified":"2021-01-28T12:28:53","modified_gmt":"2021-01-28T11:28:53","slug":"uebersicht-der-entstehungsgeschichte-der-mechanischen-reinigungsapparate-von-klaeranlagen-1903-1912","status":"publish","type":"page","link":"https:\/\/www.klaerwerk-krefeld.org\/index.php\/uebersicht-der-entstehungsgeschichte-der-mechanischen-reinigungsapparate-von-klaeranlagen-1903-1912\/","title":{"rendered":"\u00dcbersicht der Entstehungsgeschichte der  mechanischen Reinigungsapparate von Kl\u00e4ranlagen 1903-1912"},"content":{"rendered":"\n<figure class=\"wp-block-table is-style-stripes\"><table><tbody><tr><td>Baujahr<\/td><td>Art<\/td><td>Ort<\/td><td>Typ<\/td><td>Detail<\/td><td>Einwohner der Stadt<\/td><\/tr><tr><td>1903<\/td><td>Fl\u00fcgelrechen<\/td><td>Frankfurt Main<\/td><td>4. Frankfurter Fl\u00fcgelrechen (beweglicher Rechen, bewegliche Abstreicher&nbsp;<\/td><td>Frankfurt a. Main, <br>1 Fl\u00fcgelrechen.<\/td><td>306.000<\/td><\/tr><tr><td>1904<\/td><td>Feststehender Rechen<\/td><td>D\u00fcsseldorf<\/td><td>3. Feststehender Rechen, bewegliche Abstreicher, altes Patent Riensch.&nbsp;<\/td><td>D\u00fcsseldorf<\/td><td>241.000<\/td><\/tr><tr><td>1906<\/td><td>Hamburger Rechen<\/td><td>Hamburg<\/td><td>5. Hamburger Rechen (bewegliches Rechenband).<\/td><td>Hamburg, <br>4 Rechen<br> 10 mm Durchflussweite.\u00a0<\/td><td>830.578<\/td><\/tr><tr><td>1906<\/td><td>Separatorscheibe<\/td><td>Dresden<\/td><td>7. Separatorscheibe \u201ePatente Riensch-Wurl&nbsp;<\/td><td>Dresden (Versuchsanlage), <br>1 Separatorscheibe <br>2 m Durchmesser,\u00a0Schlitzweite 2 mm<br><\/td><td>450.000<\/td><\/tr><tr><td>1906<\/td><td>Feststehender Rechen<\/td><td>K\u00f6ln<\/td><td>1. Feststehende Rechen mit beweglichen Abstreichern<\/td><td>C\u00f6ln am Rhein, 4 <br>feststehende Rechen <br>mit bewegl. Abstreichern.\u00a0<\/td><td>440.000<\/td><\/tr><tr><td>1906<\/td><td>Fl\u00fcgelrechen<\/td><td>Wuppertal Elberfeld<\/td><td>4. Frankfurter Fl\u00fcgelrechen (beweglicher Rechen, bewegliche Abstreicher&nbsp;<\/td><td>Elberfeld, <br>1 Fl\u00fcgelrechen.\u00a0<\/td><td>160.000<\/td><\/tr><tr><td>1907<\/td><td>Hamburger Rechen<\/td><td>Berlin Sch\u00f6neberg<\/td><td>5. Hamburger Rechen (bewegliches Rechenband).<\/td><td>Sch\u00f6neberg, <br>2 Rechen, <br>15 mm Stababstand.\u00a0<\/td><td>120.000<\/td><\/tr><tr><td>1908<\/td><td>Separatorscheibe<\/td><td>Bremen<\/td><td>7. Separatorscheibe \u201ePatente Riensch-Wurl&nbsp;<\/td><td>Bremen, <br>1 Sep.scheibe <br>2 m Durchm.,<br> Schlitzw. 1 1\/2 mm.<\/td><td>233.826<\/td><\/tr><tr><td>1908<\/td><td>Siebschaufelrad<\/td><td>Stra\u00dfburg (F)<\/td><td>2. Siebschaufelrad \u201ePatente Geiger&#8221; (beweglicher Rechen, bewegliche Abstreicher)<\/td><td>Strassburg i. Els., <br>1 Siebschaufelrad <br>2 mm Schlitzweite.\u00a0<\/td><td>165.000<\/td><\/tr><tr><td>1909<\/td><td>Separatorscheibe<\/td><td>Stra\u00dfburg (F)<\/td><td>7. Separatorscheibe \u201ePatente Riensch-Wurl&nbsp;<\/td><td>Strassburg i. Westpr. <br>1 Sep.scheibe <br>1,3 m Durchm., <br>Schlitzweite 4 mm.\u00a0<\/td><td>170.000<\/td><\/tr><tr><td>1909<\/td><td>Hamburger Rechen<\/td><td>Krefeld<\/td><td>5. Hamburger Rechen (bewegliches Rechenband).<\/td><td>Crefeld, <br>2 Rechen 5 mm.\u00a0<\/td><td>110.344<\/td><\/tr><tr><td>1909<\/td><td>Separatorscheibe<\/td><td>Bydgoszcz (PL)<\/td><td>6. Druckluft-Siebbandanlage, Drucklufttrommel.&nbsp;<\/td><td>Bromberg, <br>1 Drucklufttrommel.<\/td><td>55.000<\/td><\/tr><tr><td>1910<\/td><td>Separatorscheibe<\/td><td>Dresden<\/td><td>7. Separatorscheibe \u201ePatente Riensch-Wurl&nbsp;<\/td><td>Dresden <br>(Stadt)<br>4 Sep.scheiben <br>je 8m Durchm.<br>Schlitzw. 2mm.\u00a0<\/td><td>548.308<\/td><\/tr><tr><td>1910<\/td><td>Separatorscheibe<\/td><td>Dresden<\/td><td>7. Separatorscheibe \u201ePatente Riensch-Wurl&nbsp;<\/td><td>Dresden (Schlachthofanlage), <br>1 Sep.scheibe <br>4m Durchm.,<br>Schlitzw. 2mm.\u00a0<\/td><td>548.308<\/td><\/tr><tr><td>1910<\/td><td>Separatorscheibe<\/td><td>Oslo (N)<\/td><td>7. Separatorscheibe \u201ePatente Riensch-Wurl&nbsp;<\/td><td>Kristiania (Norwegen) (Reinigungsanlage), <br>1 Sep.scheibe <br>4m Durchm.,\u00a0<br>Schlitzw. 1 1\/2 mm.<\/td><td>243.000<\/td><\/tr><tr><td>1911<\/td><td>Separatorscheibe<\/td><td>Oslo (N)<\/td><td>7. Separatorscheibe \u201ePatente Riensch-Wurl&nbsp;<\/td><td>Kristiania (Schlachthofanl.),<br>1 Sep.scheibe<br>Durchm.,Schlitzw. 1,5 mm.\u00a0<\/td><td>250.000<\/td><\/tr><tr><td>1911<\/td><td>Siebbandanlage<\/td><td>Mainz<\/td><td>6. Druckluft-Siebbandanlage, Drucklufttrommel.&nbsp;<\/td><td>Mainz, <br>1 Drucklufttrommel.\u00a0<\/td><td>112.167<\/td><\/tr><tr><td>1911<\/td><td>Separatorscheibe<\/td><td>Mainz<\/td><td>7. Separatorscheibe \u201ePatente Riensch-Wurl&nbsp;<\/td><td>Mainz (Versuchsanlage), <br>1 Sep.scheibe <br>4 1\/2m Durchm., Schlitzw. 20 mm. <br>F\u00fcr die endg\u00fcltige Anlage ist nunmehr eine Sep.scheibe von 6 m Durchm. und 2 X 30 mm Schlitzw. gew\u00e4hlt worden.<\/td><td>112.167<\/td><\/tr><tr><td>1911<\/td><td>Separatorscheibe<\/td><td>G\u00f6rlitz<\/td><td>7. Separatorscheibe \u201ePatente Riensch-Wurl&nbsp;<\/td><td>G\u00f6rlitz i. Schles., <br>1 Sep.scheibe <br>1,3 m Durchm., Schlitzw. 3 mm.\u00a0<\/td><td>87.000<\/td><\/tr><tr><td>1911<\/td><td>Siebschaufelrad<\/td><td>Timi\u0219oara (RO)<\/td><td>2. Siebschaufelrad \u201ePatente Geiger&#8221; (beweglicher Rechen, bewegliche Abstreicher)<\/td><td>Temesvar <br>([Alt-]Ungarn), <br>2 Siebschaufelr\u00e4der.\u00a0<\/td><td>65.000<\/td><\/tr><tr><td>1912<\/td><td>Separatorscheibe<\/td><td>St. Petersburg (RUS)<\/td><td>7. Separatorscheibe \u201ePatente Riensch-Wurl&nbsp;<\/td><td>St. Petersburg, <br>2 Sep.scheiben,<br> je 3 m Durchm., Schlitzw. 5 x 20 mm.\u00a0<\/td><td>2.000.000<\/td><\/tr><tr><td>1912<\/td><td>Separatorscheibe<\/td><td>Karlsruhe<\/td><td>7. Separatorscheibe \u201ePatente Riensch-Wurl&nbsp;<\/td><td>Karlsruhe i. B., <br>1 Sep scheibe <br>6 m Durchm., <br>Schlitzw. 2&#215;30 mm.\u00a0<\/td><td>138.000<\/td><\/tr><\/tbody><\/table><\/figure>\n","protected":false},"excerpt":{"rendered":"<p>Baujahr Art Ort Typ Detail Einwohner der Stadt 1903 Fl\u00fcgelrechen Frankfurt Main 4. Frankfurter Fl\u00fcgelrechen (beweglicher Rechen, bewegliche Abstreicher&nbsp; Frankfurt a. Main, 1 Fl\u00fcgelrechen. 306.000 1904 Feststehender Rechen D\u00fcsseldorf 3. Feststehender Rechen, bewegliche Abstreicher, altes Patent Riensch.&nbsp; D\u00fcsseldorf 241.000 1906 Hamburger Rechen Hamburg 5. Hamburger Rechen (bewegliches Rechenband). Hamburg, 4 Rechen 10 mm Durchflussweite.\u00a0 830.578 &hellip; <\/p>\n<p class=\"link-more\"><a href=\"https:\/\/www.klaerwerk-krefeld.org\/index.php\/uebersicht-der-entstehungsgeschichte-der-mechanischen-reinigungsapparate-von-klaeranlagen-1903-1912\/\" class=\"more-link\"><span class=\"screen-reader-text\">\u201e\u00dcbersicht der Entstehungsgeschichte der  mechanischen Reinigungsapparate von Kl\u00e4ranlagen 1903-1912\u201c <\/span>weiterlesen<\/a><\/p>\n","protected":false},"author":1,"featured_media":0,"parent":0,"menu_order":0,"comment_status":"closed","ping_status":"closed","template":"","meta":{"footnotes":""},"class_list":["post-5551","page","type-page","status-publish","hentry"],"_links":{"self":[{"href":"https:\/\/www.klaerwerk-krefeld.org\/index.php\/wp-json\/wp\/v2\/pages\/5551","targetHints":{"allow":["GET"]}}],"collection":[{"href":"https:\/\/www.klaerwerk-krefeld.org\/index.php\/wp-json\/wp\/v2\/pages"}],"about":[{"href":"https:\/\/www.klaerwerk-krefeld.org\/index.php\/wp-json\/wp\/v2\/types\/page"}],"author":[{"embeddable":true,"href":"https:\/\/www.klaerwerk-krefeld.org\/index.php\/wp-json\/wp\/v2\/users\/1"}],"replies":[{"embeddable":true,"href":"https:\/\/www.klaerwerk-krefeld.org\/index.php\/wp-json\/wp\/v2\/comments?post=5551"}],"version-history":[{"count":2,"href":"https:\/\/www.klaerwerk-krefeld.org\/index.php\/wp-json\/wp\/v2\/pages\/5551\/revisions"}],"predecessor-version":[{"id":5555,"href":"https:\/\/www.klaerwerk-krefeld.org\/index.php\/wp-json\/wp\/v2\/pages\/5551\/revisions\/5555"}],"wp:attachment":[{"href":"https:\/\/www.klaerwerk-krefeld.org\/index.php\/wp-json\/wp\/v2\/media?parent=5551"}],"curies":[{"name":"wp","href":"https:\/\/api.w.org\/{rel}","templated":true}]}}