{"id":5171,"date":"2020-12-12T20:24:37","date_gmt":"2020-12-12T19:24:37","guid":{"rendered":"https:\/\/www.klaerwerk-krefeld.org\/?page_id=5171"},"modified":"2025-06-07T16:50:21","modified_gmt":"2025-06-07T14:50:21","slug":"wasser","status":"publish","type":"page","link":"https:\/\/www.klaerwerk-krefeld.org\/index.php\/wasser\/","title":{"rendered":"Wasser"},"content":{"rendered":"\n<hr class=\"wp-block-separator has-css-opacity\"\/>\n\n\n\n<p>Wasser ist unsere einzigartige aber auch begrenzte Ressource. Es ist die Grundlage des Lebens, von Gesellschaften und Volkswirtschaften. <\/p>\n\n\n\n<h2 class=\"wp-block-heading has-vivid-cyan-blue-color has-text-color\">Zustand der Wasserressourcen <\/h2>\n\n\n\n<p>Der derzeitige Zustand der Wasserressourcen ist weltweit bekannterma\u00dfen sehr angespannt. Der Umgang mit der Resource Wasser muss also besser werden. Dazu muss der Wert von Wasser erforscht, gemessen und bekannt gemacht werden. Denn nur so k\u00f6nnen gute politische Entscheidungen getroffen werden, und die Wasserressourcen nachhaltig und gerecht bewirtschaftet werden.<\/p>\n\n\n\n<h2 class=\"wp-block-heading has-vivid-cyan-blue-color has-text-color\">Die Werte von Wasser <\/h2>\n\n\n\n<p>Im Gegensatz zu den meisten anderen wertvollen Ressourcen hat es sich aber als \u00e4u\u00dferst schwierig erwiesen, den wahren &#8220;Wert&#8221; von Wasser zu bestimmen. <\/p>\n\n\n\n<p>Aber ohne eine Bewertung k\u00f6nnen wir Wasser gar nicht genug wertsch\u00e4tzen.<\/p>\n\n\n\n<p>Die Bewertung und der Wert unterscheiden sich stark, je nach  Nutzer- und Interessengruppen, aber auch zwischen den einzelnen Verwendungen von Wasser. <\/p>\n\n\n\n<h2 class=\"wp-block-heading has-vivid-cyan-blue-color has-text-color\">Wof\u00fcr verwenden wir Wasser?<\/h2>\n\n\n\n<p>als Trinkwasser <br>f\u00fcr die Hygiene<br>f\u00fcr die Wirtschaft<br>f\u00fcr die Umwelt<br>als kulturellen Wert<br>f\u00fcr religi\u00f6se Handlungen<br>als regenerative Energie<\/p>\n\n\n\n<h2 class=\"wp-block-heading has-vivid-cyan-blue-color has-text-color has-link-color wp-elements-aa7601aa11d181cf4d4a24652b1c3ce5\">Wie viel Wasser darf verbraucht werden?<\/h2>\n\n\n\n<p>F\u00fcr den BUND haben wir die genehmigten Wasserentnahmen in Teilen von NRW im Jahr 2024 visualisiert:  &#8220;<a href=\"https:\/\/www.klaerwerk-krefeld.org\/wasserbuch\/\">Das Wasserbuch<\/a>&#8220;<\/p>\n\n\n\n<figure class=\"wp-block-image size-large\"><a href=\"https:\/\/www.klaerwerk-krefeld.org\/wasserbuch\/\"><img loading=\"lazy\" decoding=\"async\" width=\"1024\" height=\"554\" src=\"https:\/\/www.klaerwerk-krefeld.org\/wp-content\/uploads\/2025\/06\/image-1-1024x554.png\" alt=\"\" class=\"wp-image-7762\" srcset=\"https:\/\/www.klaerwerk-krefeld.org\/wp-content\/uploads\/2025\/06\/image-1-1024x554.png 1024w, https:\/\/www.klaerwerk-krefeld.org\/wp-content\/uploads\/2025\/06\/image-1-300x162.png 300w, https:\/\/www.klaerwerk-krefeld.org\/wp-content\/uploads\/2025\/06\/image-1-768x415.png 768w, https:\/\/www.klaerwerk-krefeld.org\/wp-content\/uploads\/2025\/06\/image-1-1536x831.png 1536w, https:\/\/www.klaerwerk-krefeld.org\/wp-content\/uploads\/2025\/06\/image-1-2048x1107.png 2048w\" sizes=\"auto, (max-width: 767px) 89vw, (max-width: 1000px) 54vw, (max-width: 1071px) 543px, 580px\" \/><\/a><\/figure>\n\n\n\n<h2 class=\"wp-block-heading has-vivid-cyan-blue-color has-text-color has-link-color wp-elements-70c1b1b0f3861594ed850a260d9c060f\">Und global gesehen: wie steht es denn da um das Wasser? <\/h2>\n\n\n\n<p>20% des Abwassers wird gereinigt.<br>80% wird ohne Kl\u00e4rung in die Fl\u00fcsse oder das Meer eingeleitet.<br>2,4 Milliarden Menschen haben keinen Zugang zu Toiletten.<\/p>\n\n\n\n<h2 class=\"wp-block-heading\">Mehr lesen:<\/h2>\n\n\n\n<div class=\"wp-block-columns is-layout-flex wp-container-core-columns-is-layout-9d6595d7 wp-block-columns-is-layout-flex\">\n<div class=\"wp-block-column is-layout-flow wp-block-column-is-layout-flow\" style=\"flex-basis:100%\">\n<figure class=\"wp-block-image size-large is-resized\"><a href=\"https:\/\/www.klaerwerk-krefeld.org\/index.php\/sauberes-wasser-und-sanitaere-einrichtungen\/\"><img loading=\"lazy\" decoding=\"async\" width=\"1024\" height=\"1024\" src=\"https:\/\/www.klaerwerk-krefeld.org\/wp-content\/uploads\/2020\/09\/SDG_icons_DE-06-1024x1024.png\" alt=\"\" class=\"wp-image-4411\" style=\"width:200px\" srcset=\"https:\/\/www.klaerwerk-krefeld.org\/wp-content\/uploads\/2020\/09\/SDG_icons_DE-06-1024x1024.png 1024w, https:\/\/www.klaerwerk-krefeld.org\/wp-content\/uploads\/2020\/09\/SDG_icons_DE-06-300x300.png 300w, https:\/\/www.klaerwerk-krefeld.org\/wp-content\/uploads\/2020\/09\/SDG_icons_DE-06-150x150.png 150w, https:\/\/www.klaerwerk-krefeld.org\/wp-content\/uploads\/2020\/09\/SDG_icons_DE-06-768x768.png 768w, https:\/\/www.klaerwerk-krefeld.org\/wp-content\/uploads\/2020\/09\/SDG_icons_DE-06.png 1536w, https:\/\/www.klaerwerk-krefeld.org\/wp-content\/uploads\/2020\/09\/SDG_icons_DE-06-100x100.png 100w, https:\/\/www.klaerwerk-krefeld.org\/wp-content\/uploads\/2020\/09\/SDG_icons_DE-06-640x640.png 640w, https:\/\/www.klaerwerk-krefeld.org\/wp-content\/uploads\/2020\/09\/SDG_icons_DE-06-96x96.png 96w\" sizes=\"auto, (max-width: 767px) 89vw, (max-width: 1000px) 54vw, (max-width: 1071px) 543px, 580px\" \/><\/a><\/figure>\n<\/div>\n<\/div>\n\n\n<nav class=\"is-responsive wp-block-navigation is-layout-flex wp-block-navigation-is-layout-flex\" aria-label=\"rechtes_menue\" \n\t\t data-wp-interactive=\"core\/navigation\" data-wp-context='{\"overlayOpenedBy\":{\"click\":false,\"hover\":false,\"focus\":false},\"type\":\"overlay\",\"roleAttribute\":\"\",\"ariaLabel\":\"Men\\u00fc\"}'><button aria-haspopup=\"dialog\" aria-label=\"Men\u00fc \u00f6ffnen\" class=\"wp-block-navigation__responsive-container-open\" \n\t\t\t\tdata-wp-on--click=\"actions.openMenuOnClick\"\n\t\t\t\tdata-wp-on--keydown=\"actions.handleMenuKeydown\"\n\t\t\t><svg width=\"24\" height=\"24\" xmlns=\"http:\/\/www.w3.org\/2000\/svg\" viewBox=\"0 0 24 24\" aria-hidden=\"true\" focusable=\"false\"><path d=\"M4 7.5h16v1.5H4z\"><\/path><path d=\"M4 15h16v1.5H4z\"><\/path><\/svg><\/button>\n\t\t\t\t<div class=\"wp-block-navigation__responsive-container\"  id=\"modal-1\" \n\t\t\t\tdata-wp-class--has-modal-open=\"state.isMenuOpen\"\n\t\t\t\tdata-wp-class--is-menu-open=\"state.isMenuOpen\"\n\t\t\t\tdata-wp-watch=\"callbacks.initMenu\"\n\t\t\t\tdata-wp-on--keydown=\"actions.handleMenuKeydown\"\n\t\t\t\tdata-wp-on--focusout=\"actions.handleMenuFocusout\"\n\t\t\t\ttabindex=\"-1\"\n\t\t\t>\n\t\t\t\t\t<div class=\"wp-block-navigation__responsive-close\" tabindex=\"-1\">\n\t\t\t\t\t\t<div class=\"wp-block-navigation__responsive-dialog\" \n\t\t\t\tdata-wp-bind--aria-modal=\"state.ariaModal\"\n\t\t\t\tdata-wp-bind--aria-label=\"state.ariaLabel\"\n\t\t\t\tdata-wp-bind--role=\"state.roleAttribute\"\n\t\t\t>\n\t\t\t\t\t\t\t<button aria-label=\"Men\u00fc schlie\u00dfen\" class=\"wp-block-navigation__responsive-container-close\" \n\t\t\t\tdata-wp-on--click=\"actions.closeMenuOnClick\"\n\t\t\t><svg xmlns=\"http:\/\/www.w3.org\/2000\/svg\" viewBox=\"0 0 24 24\" width=\"24\" height=\"24\" aria-hidden=\"true\" focusable=\"false\"><path d=\"m13.06 12 6.47-6.47-1.06-1.06L12 10.94 5.53 4.47 4.47 5.53 10.94 12l-6.47 6.47 1.06 1.06L12 13.06l6.47 6.47 1.06-1.06L13.06 12Z\"><\/path><\/svg><\/button>\n\t\t\t\t\t\t\t<div class=\"wp-block-navigation__responsive-container-content\" \n\t\t\t\tdata-wp-watch=\"callbacks.focusFirstElement\"\n\t\t\t id=\"modal-1-content\">\n\t\t\t\t\t\t\t\t<ul class=\"wp-block-navigation__container is-responsive wp-block-navigation\"><li class=\" wp-block-navigation-item  menu-item menu-item-type-post_type menu-item-object-page wp-block-navigation-link\"><a class=\"wp-block-navigation-item__content\"  href=\"https:\/\/www.klaerwerk-krefeld.org\/index.php\/sauberes-wasser-und-sanitaere-einrichtungen\/\" title=\"\"><span class=\"wp-block-navigation-item__label\">Sauberes Wasser, sanit\u00e4re Einrichtungen<\/span><\/a><\/li><li class=\" wp-block-navigation-item  menu-item menu-item-type-post_type menu-item-object-page wp-block-navigation-link\"><a class=\"wp-block-navigation-item__content\"  href=\"https:\/\/www.klaerwerk-krefeld.org\/index.php\/film-ab\/\" title=\"\"><span class=\"wp-block-navigation-item__label\">Dokumentarfilme ansehen<\/span><\/a><\/li><li data-wp-context=\"{ &quot;submenuOpenedBy&quot;: { &quot;click&quot;: false, &quot;hover&quot;: false, &quot;focus&quot;: false }, &quot;type&quot;: &quot;submenu&quot;, &quot;modal&quot;: null, &quot;previousFocus&quot;: null }\" data-wp-interactive=\"core\/navigation\" data-wp-on--focusout=\"actions.handleMenuFocusout\" data-wp-on--keydown=\"actions.handleMenuKeydown\" data-wp-on--mouseenter=\"actions.openMenuOnHover\" data-wp-on--mouseleave=\"actions.closeMenuOnHover\" data-wp-watch=\"callbacks.initMenu\" tabindex=\"-1\" class=\"wp-block-navigation-item has-child open-on-hover-click  menu-item menu-item-type-post_type menu-item-object-page wp-block-navigation-submenu\"><a class=\"wp-block-navigation-item__content\" href=\"https:\/\/www.klaerwerk-krefeld.org\/index.php\/wassermuseum_erklaerwerk\/\" title=\"\"><span class=\"wp-block-navigation-item__label\">Wassermuseum ErKl\u00e4rwerk<\/span><\/a><button data-wp-bind--aria-expanded=\"state.isMenuOpen\" data-wp-on--click=\"actions.toggleMenuOnClick\" aria-label=\"Untermen\u00fc von Wassermuseum ErKl\u00e4rwerk\" class=\"wp-block-navigation__submenu-icon wp-block-navigation-submenu__toggle\" ><svg xmlns=\"http:\/\/www.w3.org\/2000\/svg\" width=\"12\" height=\"12\" viewBox=\"0 0 12 12\" fill=\"none\" aria-hidden=\"true\" focusable=\"false\"><path d=\"M1.50002 4L6.00002 8L10.5 4\" stroke-width=\"1.5\"><\/path><\/svg><\/button><ul data-wp-on--focus=\"actions.openMenuOnFocus\" class=\"wp-block-navigation__submenu-container  menu-item menu-item-type-post_type menu-item-object-page wp-block-navigation-submenu\"><li class=\" wp-block-navigation-item  menu-item menu-item-type-post_type menu-item-object-page wp-block-navigation-link\"><a class=\"wp-block-navigation-item__content\"  href=\"https:\/\/www.klaerwerk-krefeld.org\/index.php\/agenda-2030\/\" title=\"\"><span class=\"wp-block-navigation-item__label\">Die UN-Agenda 2030<\/span><\/a><\/li><li class=\" wp-block-navigation-item  menu-item menu-item-type-post_type menu-item-object-page wp-block-navigation-link\"><a class=\"wp-block-navigation-item__content\"  href=\"https:\/\/www.klaerwerk-krefeld.org\/index.php\/klimawandel\/\" title=\"\"><span class=\"wp-block-navigation-item__label\">Klimawandel? Klimakatastrophe<\/span><\/a><\/li><li class=\" wp-block-navigation-item  menu-item menu-item-type-post_type menu-item-object-page wp-block-navigation-link\"><a class=\"wp-block-navigation-item__content\"  href=\"https:\/\/www.klaerwerk-krefeld.org\/index.php\/ort-vieler-geschichten\/\" title=\"\"><span class=\"wp-block-navigation-item__label\">Wasser Kulturerbe, das Kl\u00e4rwerk<\/span><\/a><\/li><li class=\" wp-block-navigation-item  menu-item menu-item-type-post_type menu-item-object-page wp-block-navigation-link\"><a class=\"wp-block-navigation-item__content\"  href=\"https:\/\/www.klaerwerk-krefeld.org\/index.php\/cholera\/\" title=\"\"><span class=\"wp-block-navigation-item__label\">Die Geschichte der Pandemien: Cholera<\/span><\/a><\/li><li data-wp-context=\"{ &quot;submenuOpenedBy&quot;: { &quot;click&quot;: false, &quot;hover&quot;: false, &quot;focus&quot;: false }, &quot;type&quot;: &quot;submenu&quot;, &quot;modal&quot;: null, &quot;previousFocus&quot;: null }\" data-wp-interactive=\"core\/navigation\" data-wp-on--focusout=\"actions.handleMenuFocusout\" data-wp-on--keydown=\"actions.handleMenuKeydown\" data-wp-on--mouseenter=\"actions.openMenuOnHover\" data-wp-on--mouseleave=\"actions.closeMenuOnHover\" data-wp-watch=\"callbacks.initMenu\" tabindex=\"-1\" class=\"wp-block-navigation-item has-child open-on-hover-click  menu-item menu-item-type-post_type menu-item-object-page wp-block-navigation-submenu\"><a class=\"wp-block-navigation-item__content\" href=\"https:\/\/www.klaerwerk-krefeld.org\/index.php\/wird-alles-abwasser-geklaert-nein\/\" title=\"\"><span class=\"wp-block-navigation-item__label\">Wird alles Abwasser gekl\u00e4rt? Nein!<\/span><\/a><button data-wp-bind--aria-expanded=\"state.isMenuOpen\" data-wp-on--click=\"actions.toggleMenuOnClick\" aria-label=\"Untermen\u00fc von Wird alles Abwasser gekl\u00e4rt? Nein!\" class=\"wp-block-navigation__submenu-icon wp-block-navigation-submenu__toggle\" ><svg xmlns=\"http:\/\/www.w3.org\/2000\/svg\" width=\"12\" height=\"12\" viewBox=\"0 0 12 12\" fill=\"none\" aria-hidden=\"true\" focusable=\"false\"><path d=\"M1.50002 4L6.00002 8L10.5 4\" stroke-width=\"1.5\"><\/path><\/svg><\/button><ul data-wp-on--focus=\"actions.openMenuOnFocus\" class=\"wp-block-navigation__submenu-container  menu-item menu-item-type-post_type menu-item-object-page wp-block-navigation-submenu\"><li class=\" wp-block-navigation-item  menu-item menu-item-type-post_type menu-item-object-page wp-block-navigation-link\"><a class=\"wp-block-navigation-item__content\"  href=\"https:\/\/www.klaerwerk-krefeld.org\/index.php\/mikroplastik\/\" title=\"\"><span class=\"wp-block-navigation-item__label\">Mikroplastik<\/span><\/a><\/li><\/ul><\/li><\/ul><\/li><li data-wp-context=\"{ &quot;submenuOpenedBy&quot;: { &quot;click&quot;: false, &quot;hover&quot;: false, &quot;focus&quot;: false }, &quot;type&quot;: &quot;submenu&quot;, &quot;modal&quot;: null, &quot;previousFocus&quot;: null }\" data-wp-interactive=\"core\/navigation\" data-wp-on--focusout=\"actions.handleMenuFocusout\" data-wp-on--keydown=\"actions.handleMenuKeydown\" data-wp-on--mouseenter=\"actions.openMenuOnHover\" data-wp-on--mouseleave=\"actions.closeMenuOnHover\" data-wp-watch=\"callbacks.initMenu\" tabindex=\"-1\" class=\"wp-block-navigation-item has-child open-on-hover-click  menu-item menu-item-type-post_type menu-item-object-page wp-block-navigation-submenu\"><a class=\"wp-block-navigation-item__content\" href=\"https:\/\/www.klaerwerk-krefeld.org\/index.php\/bauarbeiten\/\" title=\"\"><span class=\"wp-block-navigation-item__label\">Bauarbeiten<\/span><\/a><button data-wp-bind--aria-expanded=\"state.isMenuOpen\" data-wp-on--click=\"actions.toggleMenuOnClick\" aria-label=\"Untermen\u00fc von Bauarbeiten\" class=\"wp-block-navigation__submenu-icon wp-block-navigation-submenu__toggle\" ><svg xmlns=\"http:\/\/www.w3.org\/2000\/svg\" width=\"12\" height=\"12\" viewBox=\"0 0 12 12\" fill=\"none\" aria-hidden=\"true\" focusable=\"false\"><path d=\"M1.50002 4L6.00002 8L10.5 4\" stroke-width=\"1.5\"><\/path><\/svg><\/button><ul data-wp-on--focus=\"actions.openMenuOnFocus\" class=\"wp-block-navigation__submenu-container  menu-item menu-item-type-post_type menu-item-object-page wp-block-navigation-submenu\"><li class=\" wp-block-navigation-item  menu-item menu-item-type-post_type menu-item-object-page wp-block-navigation-link\"><a class=\"wp-block-navigation-item__content\"  href=\"https:\/\/www.klaerwerk-krefeld.org\/index.php\/sonderfuehrungen\/\" title=\"\"><span class=\"wp-block-navigation-item__label\">Besuch des Kl\u00e4rwerks und F\u00fchrungen<\/span><\/a><\/li><\/ul><\/li><li data-wp-context=\"{ &quot;submenuOpenedBy&quot;: { &quot;click&quot;: false, &quot;hover&quot;: false, &quot;focus&quot;: false }, &quot;type&quot;: &quot;submenu&quot;, &quot;modal&quot;: null, &quot;previousFocus&quot;: null }\" data-wp-interactive=\"core\/navigation\" data-wp-on--focusout=\"actions.handleMenuFocusout\" data-wp-on--keydown=\"actions.handleMenuKeydown\" data-wp-on--mouseenter=\"actions.openMenuOnHover\" data-wp-on--mouseleave=\"actions.closeMenuOnHover\" data-wp-watch=\"callbacks.initMenu\" tabindex=\"-1\" class=\"wp-block-navigation-item has-child open-on-hover-click  menu-item menu-item-type-post_type menu-item-object-page wp-block-navigation-submenu\"><a class=\"wp-block-navigation-item__content\" href=\"https:\/\/www.klaerwerk-krefeld.org\/index.php\/industriekultur\/\" title=\"\"><span class=\"wp-block-navigation-item__label\">Industriekultur<\/span><\/a><button data-wp-bind--aria-expanded=\"state.isMenuOpen\" data-wp-on--click=\"actions.toggleMenuOnClick\" aria-label=\"Untermen\u00fc von Industriekultur\" class=\"wp-block-navigation__submenu-icon wp-block-navigation-submenu__toggle\" ><svg xmlns=\"http:\/\/www.w3.org\/2000\/svg\" width=\"12\" height=\"12\" viewBox=\"0 0 12 12\" fill=\"none\" aria-hidden=\"true\" focusable=\"false\"><path d=\"M1.50002 4L6.00002 8L10.5 4\" stroke-width=\"1.5\"><\/path><\/svg><\/button><ul data-wp-on--focus=\"actions.openMenuOnFocus\" class=\"wp-block-navigation__submenu-container  menu-item menu-item-type-post_type menu-item-object-page wp-block-navigation-submenu\"><li class=\" wp-block-navigation-item  menu-item menu-item-type-post_type menu-item-object-page wp-block-navigation-link\"><a class=\"wp-block-navigation-item__content\"  href=\"https:\/\/www.klaerwerk-krefeld.org\/index.php\/timeline\/\" title=\"\"><span class=\"wp-block-navigation-item__label\">Zeitleiste des historischen Kl\u00e4rwerks in Krefeld:<\/span><\/a><\/li><\/ul><\/li><li class=\" wp-block-navigation-item  menu-item menu-item-type-post_type menu-item-object-page wp-block-navigation-link\"><a class=\"wp-block-navigation-item__content\"  href=\"https:\/\/www.klaerwerk-krefeld.org\/index.php\/ziele\/\" title=\"\"><span class=\"wp-block-navigation-item__label\">Ziele<\/span><\/a><\/li><li class=\" wp-block-navigation-item  menu-item menu-item-type-post_type menu-item-object-page wp-block-navigation-link\"><a class=\"wp-block-navigation-item__content\"  href=\"https:\/\/www.klaerwerk-krefeld.org\/index.php\/spenden\/\" title=\"\"><span class=\"wp-block-navigation-item__label\">Spenden<\/span><\/a><\/li><\/ul>\n\t\t\t\t\t\t\t<\/div>\n\t\t\t\t\t\t<\/div>\n\t\t\t\t\t<\/div>\n\t\t\t\t<\/div><\/nav>","protected":false},"excerpt":{"rendered":"<p>Wasser ist unsere einzigartige aber auch begrenzte Ressource. Es ist die Grundlage des Lebens, von Gesellschaften und Volkswirtschaften. Zustand der Wasserressourcen Der derzeitige Zustand der Wasserressourcen ist weltweit bekannterma\u00dfen sehr angespannt. Der Umgang mit der Resource Wasser muss also besser werden. Dazu muss der Wert von Wasser erforscht, gemessen und bekannt gemacht werden. Denn nur &hellip; <\/p>\n<p class=\"link-more\"><a href=\"https:\/\/www.klaerwerk-krefeld.org\/index.php\/wasser\/\" class=\"more-link\"><span class=\"screen-reader-text\">\u201eWasser\u201c <\/span>weiterlesen<\/a><\/p>\n","protected":false},"author":1,"featured_media":4650,"parent":0,"menu_order":0,"comment_status":"closed","ping_status":"closed","template":"","meta":{"footnotes":""},"class_list":["post-5171","page","type-page","status-publish","has-post-thumbnail","hentry"],"_links":{"self":[{"href":"https:\/\/www.klaerwerk-krefeld.org\/index.php\/wp-json\/wp\/v2\/pages\/5171","targetHints":{"allow":["GET"]}}],"collection":[{"href":"https:\/\/www.klaerwerk-krefeld.org\/index.php\/wp-json\/wp\/v2\/pages"}],"about":[{"href":"https:\/\/www.klaerwerk-krefeld.org\/index.php\/wp-json\/wp\/v2\/types\/page"}],"author":[{"embeddable":true,"href":"https:\/\/www.klaerwerk-krefeld.org\/index.php\/wp-json\/wp\/v2\/users\/1"}],"replies":[{"embeddable":true,"href":"https:\/\/www.klaerwerk-krefeld.org\/index.php\/wp-json\/wp\/v2\/comments?post=5171"}],"version-history":[{"count":25,"href":"https:\/\/www.klaerwerk-krefeld.org\/index.php\/wp-json\/wp\/v2\/pages\/5171\/revisions"}],"predecessor-version":[{"id":7774,"href":"https:\/\/www.klaerwerk-krefeld.org\/index.php\/wp-json\/wp\/v2\/pages\/5171\/revisions\/7774"}],"wp:featuredmedia":[{"embeddable":true,"href":"https:\/\/www.klaerwerk-krefeld.org\/index.php\/wp-json\/wp\/v2\/media\/4650"}],"wp:attachment":[{"href":"https:\/\/www.klaerwerk-krefeld.org\/index.php\/wp-json\/wp\/v2\/media?parent=5171"}],"curies":[{"name":"wp","href":"https:\/\/api.w.org\/{rel}","templated":true}]}}