{"id":4929,"date":"2020-10-26T06:51:05","date_gmt":"2020-10-26T05:51:05","guid":{"rendered":"https:\/\/www.klaerwerk-krefeld.org\/?page_id=4929"},"modified":"2024-11-02T13:35:20","modified_gmt":"2024-11-02T12:35:20","slug":"wird-alles-abwasser-geklaert-nein","status":"publish","type":"page","link":"https:\/\/www.klaerwerk-krefeld.org\/index.php\/wird-alles-abwasser-geklaert-nein\/","title":{"rendered":"Wird alles Abwasser gekl\u00e4rt? Nein!"},"content":{"rendered":"\n<p>Eine der Folgen der Industrialisierung ist das anwachsen von kleinen Ortschaften zu gr\u00f6\u00dferen St\u00e4dten, immer mehr Menschen leben seit dem auf engem Raum zusammen. Der Bau von Kanalisationen (auf dem europ\u00e4ischen Festland um 1850 beginnend) und von Kl\u00e4rwerken (seit 1880 beginnend) erm\u00f6glichte erst ein gesundes und nicht durch bakteriell \u00fcbertragene Krankheiten wie <a href=\"https:\/\/www.klaerwerk-krefeld.org\/index.php\/cholera\/\" data-type=\"page\" data-id=\"3546\">Cholera und Typhus<\/a> bedrohtes Leben in der Stadt, also der  Verbesserung der hygienischen Situation im engen Zusammenleben.<\/p>\n\n\n\n<p>Seit dem verschwindet das Wasser als Sauberkeit bringendes Medium in unterirdischen hydraulischen Systemen. Man kann davon sprechen, dass seit diesem Zeitpunkt eine Moderne einsetzte, denn genauso wie mit neuen Transportmitteln, Massenproduktion in Fabriken, dem Beginn des Massenkonsums, wurde das &#8220;zur Toilette gehen&#8221; und die &#8220;Sehnsucht nach Reinlichkeit&#8221;, sich und alles jederzeit waschen zu k\u00f6nnen, automatisiert.  <\/p>\n\n\n\n<h2 class=\"wp-block-heading\">Sie denken, Abwasser landet immer in der Kl\u00e4ranlage? Falsch.<\/h2>\n\n\n\n<p>Dann auch heute noch wird es weitgehend ungefiltert in Gew\u00e4sser geleitet, manchmal auch samt dem Toilettenpapier. Mehr als 80% des Abwassers der Menschheit wird ungereinigt in Fl\u00fcsse, Seen und das Meer abgegeben. <\/p>\n\n\n\n<p>Auch in Deutschland wird das Abwasser nicht zu 100% gereinigt.  <\/p>\n\n\n\n<p>Die ersten Kl\u00e4ranlagen entstanden in Europa seit 1880, in Krefeld ging das Kl\u00e4rwerk 1909 in Betrieb. Heute werden in Deutschland \u00fcber 90% des Schmutzwassers in Kl\u00e4ranlagen gereinigt.<\/p>\n\n\n\n<p>Diese Kl\u00e4ranlagen \u00fcbernehmen f\u00fcr uns die Aufgabe, die zuvor in das Wasser gemischten Schmutzstoffe am Ende der Kanalisation zu trennen. <\/p>\n\n\n\n<p>Dabei verbrauchen kommunalen Kl\u00e4ranlagen \u00fcbrigens enorme Mengen an Energie. In Deutschland ca. 3,8 Milliarden Kilowattstunden, das ist ein Anteil von 0,7 Prozent am deutschen Gesamtstromverbrauch. Die Kl\u00e4ranlagen der Industrie sind hierbei noch gar nicht ber\u00fccksichtigt, denn deren Daten liegen nicht vor. <\/p>\n\n\n\n<h2 class=\"wp-block-heading\" id=\"restliches-abwasser\">Was geschieht mit dem restlichen Abwasser? <\/h2>\n\n\n\n<p>Auch hier in Europa gelangt die Kanalisation bei Starkregen an ihre Grenzen, dann fangen Becken und R\u00fcckhaltebereiche dieses Wasser auf, dass nach und nach zur Kl\u00e4ranlage geleitet wird. Aber bei extremem Regen sind auch diese Becken heute nicht ausreichend und das Abwasser, zwar nun stark verd\u00fcnnt, wird in Fl\u00fcsse und Seen abgeleitet. Der Fachbegriff daf\u00fcr lautet &#8220;Mischwasserentlastung&#8221;.&nbsp;Im Klimawandel kommt diese Situation immer h\u00e4ufiger vor. <\/p>\n\n\n\n<p>Die Zielvorgabe der Europ\u00e4ischen Union in der Wasserrahmenrichtlinie sagt, das bis zum Jahr 2027 alle Gew\u00e4sser in der EU in gutem \u00f6kologischen und ebenso chemischen Zustand sein sollen. Die Messungen heute ergeben allerdings, dass \u00f6kologisch dies nur f\u00fcr rund jedes zehnte Flie\u00dfgew\u00e4sser bisher so ist. <\/p>\n\n\n\n<p>Und unsere St\u00e4dte wachsen immer weiter, immer mehr Fl\u00e4chen werden versiegelt, der Klimawandel f\u00fchrt zu noch heftigeren Starkregen- Ereignissen und die Verschmutzungen nehmen weiter zu.&nbsp;<\/p>\n\n\n\n<h2 class=\"wp-block-heading\" id=\"kanalisation\">Wie funktioniert eine Kanalisation?<\/h2>\n\n\n\n<p>Unsere moderne Kanalisation ist gar nicht so alt. Erst 1842 entstand auf dem europ\u00e4ischen Festland erstmals eine moderne Kanalisation: In Hamburg brannte die gesamte Innenstadt bei einem Gro\u00dfbrand ab und der englische in Hamburg lebende Ingenieur <a href=\"https:\/\/vfhg.de\/2-uncategorised\/146-gig-17.html\">Sir Willian Lindley<\/a> half die Stadt neu zu bebauen und dabei die erste geregelte Kanalisation anzulegen. <\/p>\n\n\n\n<p>Das Vorbild Hamburg machte danach auf der ganzen Welt Schule, Lindley und seine S\u00f6hne erbauten die ersten Kanalisationen. So unter anderem in Frankfurt, Prag, Budapest, Wien, Warschau, St. Petersburg, Sidney. Auch in Krefeld entwarf Lindley die Kanalisation. <\/p>\n\n\n\n<p>Um 1909 wurde nicht nur das erste Kl\u00e4rwerk in Krefeld erbaut, sondern neue Haupt-Abwasersammler aus der Stadt hin zum Kl\u00e4rwerk, danach weiter zum Rhein in Uerdingen.<\/p>\n\n\n\n<figure class=\"wp-block-image size-large\"><a href=\"https:\/\/www.klaerwerk-krefeld.org\/wp-content\/uploads\/2022\/04\/situation_1909.png\"><img loading=\"lazy\" decoding=\"async\" width=\"1024\" height=\"668\" src=\"https:\/\/www.klaerwerk-krefeld.org\/wp-content\/uploads\/2022\/04\/situation_1909-1024x668.png\" alt=\"\" class=\"wp-image-6434\" srcset=\"https:\/\/www.klaerwerk-krefeld.org\/wp-content\/uploads\/2022\/04\/situation_1909-1024x668.png 1024w, https:\/\/www.klaerwerk-krefeld.org\/wp-content\/uploads\/2022\/04\/situation_1909-300x196.png 300w, https:\/\/www.klaerwerk-krefeld.org\/wp-content\/uploads\/2022\/04\/situation_1909-768x501.png 768w, https:\/\/www.klaerwerk-krefeld.org\/wp-content\/uploads\/2022\/04\/situation_1909-1536x1002.png 1536w, https:\/\/www.klaerwerk-krefeld.org\/wp-content\/uploads\/2022\/04\/situation_1909-150x98.png 150w, https:\/\/www.klaerwerk-krefeld.org\/wp-content\/uploads\/2022\/04\/situation_1909.png 1800w\" sizes=\"auto, (max-width: 767px) 89vw, (max-width: 1000px) 54vw, (max-width: 1071px) 543px, 580px\" \/><\/a><figcaption class=\"wp-element-caption\">Situation um 1909, rote Linien: Haupt-Abwasser-Sammler, roter Kreis: Kl\u00e4rwerk<\/figcaption><\/figure>\n\n\n\n<hr class=\"wp-block-separator has-alpha-channel-opacity\"\/>\n\n\n\n<h2 class=\"wp-block-heading\">Welche Arten von Kanalisation gibt es?<\/h2>\n\n\n\n<p>Eine der herausragenden und umstrittenen Fragen zu dieser Zeit war die Art der Abwasser Ableitung. Sollte nur das Schmutzwasser, getrennt vom Regenwasser, oder aber alles Wasser zusammen und gemischt in den Kan\u00e4len aufgenommen werden? <\/p>\n\n\n\n<p>In Deutschland ist dieses &#8220;Mischsystem&#8221; bei etwas weniger als der H\u00e4lfte der etwa&nbsp;600.0000&nbsp;Kilometer Kanalisationskan\u00e4le zutreffend. In Nordrhein Westfalen durchschnittlich 61%* und auch in Krefeld wird ann\u00e4hernd alles Abwasser im Mischsystem abgeleitet. *Quelle: H. Brombach, J. Dettmar: KA 5\/2019<\/p>\n\n\n\n<p>Das hat Vorteile, denn das Mischsystem ist bedeutend kosteng\u00fcnstiger zu bauen als das Trennsystem. Im Trennsystem m\u00fcssen die Kan\u00e4le und Rohre doppelt verlegt werden. Der gr\u00f6\u00dfte Nachteil des Mischsystems ist die Entlastung bei Starkregen. Es landet zwar nur ein sehr kleiner Teil ungereinigt in den Gew\u00e4ssern, aber dennoch kommen so jedes Jahr einige Millionen Kubikmeter starke Verschmutzung zusammen. In Nordrhein-Westfalen messen seit kurzem Sensoren, wann und wie viel Wasser ungereinigt in Gew\u00e4sser abgegeben werden, 2018 waren es 201 Millionen Kubikmeter.<\/p>\n\n\n\n<h2 class=\"wp-block-heading\">Misch- oder lieber das Trennsystem beim Abwasser?<\/h2>\n\n\n\n<p>Beim Mischsystem wird das gesamte gebrauchte Wasser zusammen in die Kanalisation geleitet und in der Kl\u00e4ranlage gereinigt, auch das Regenwasser. Denn auch das Regenwasser in St\u00e4dten ist oft stark belastet, der Reifenabrieb von den Stra\u00dfen ist  <a href=\"https:\/\/www.klaerwerk-krefeld.org\/index.php\/mikroplastik\/\" data-type=\"page\" data-id=\"4632\">Mikroplastik<\/a>.<\/p>\n\n\n\n<p>Andererseits m\u00fcssen wertvolle Stoffe aus unseren menschlichen Ausscheidungen gesammelt werden. Insbesondere Phosphor ist im Urin enthalten und ein so wichtiger Stoff, den wir unbedingt als D\u00fcnger weltweit in der Landwirtschaft ben\u00f6tigen. Bisher wird Phosphor noch weitaus zu wenig aus dem Abwasser r\u00fcckgewonnen. Verfahren sind aufw\u00e4ndig und teuer. Was w\u00e4re, wenn unsere Toiletten Urin getrennt auffangen w\u00fcrden? Oder gar die Toiletten nicht mehr an die Kanalisation angeschlossen sind? <\/p>\n\n\n\n<h2 class=\"wp-block-heading\">Mikroschadstoffe werden kaum gefiltert<\/h2>\n\n\n\n<p>Ohne eine sogenannte 4. Reinigungsstufe gelangen unsichtbare Schadstoffe auch durch die Kl\u00e4ranlagen hindurch in die Umwelt. Beispiel daf\u00fcr sind R\u00fcckst\u00e4nde aus Arzneimitteln, antibiotikaresistente Bakterien, Haushalts- und Industriechemikalien, Ewigkeitschemikalien (PFAS), Mikroplastik.<\/p>\n\n\n\n<figure data-wp-context=\"{&quot;imageId&quot;:&quot;69f0fd9f2bc19&quot;}\" data-wp-interactive=\"core\/image\" data-wp-key=\"69f0fd9f2bc19\" class=\"wp-block-image size-large wp-lightbox-container\"><img loading=\"lazy\" decoding=\"async\" width=\"1024\" height=\"429\" data-wp-class--hide=\"state.isContentHidden\" data-wp-class--show=\"state.isContentVisible\" data-wp-init=\"callbacks.setButtonStyles\" data-wp-on--click=\"actions.showLightbox\" data-wp-on--load=\"callbacks.setButtonStyles\" data-wp-on-window--resize=\"callbacks.setButtonStyles\" src=\"https:\/\/www.klaerwerk-krefeld.org\/wp-content\/uploads\/2024\/11\/mikroschadstoffe-1024x429.png\" alt=\"\" class=\"wp-image-7657\" srcset=\"https:\/\/www.klaerwerk-krefeld.org\/wp-content\/uploads\/2024\/11\/mikroschadstoffe-1024x429.png 1024w, https:\/\/www.klaerwerk-krefeld.org\/wp-content\/uploads\/2024\/11\/mikroschadstoffe-300x126.png 300w, https:\/\/www.klaerwerk-krefeld.org\/wp-content\/uploads\/2024\/11\/mikroschadstoffe-768x322.png 768w, https:\/\/www.klaerwerk-krefeld.org\/wp-content\/uploads\/2024\/11\/mikroschadstoffe-1536x644.png 1536w, https:\/\/www.klaerwerk-krefeld.org\/wp-content\/uploads\/2024\/11\/mikroschadstoffe-2048x859.png 2048w, https:\/\/www.klaerwerk-krefeld.org\/wp-content\/uploads\/2024\/11\/mikroschadstoffe-1920x805.png 1920w\" sizes=\"auto, (max-width: 767px) 89vw, (max-width: 1000px) 54vw, (max-width: 1071px) 543px, 580px\" \/><button\n\t\t\tclass=\"lightbox-trigger\"\n\t\t\ttype=\"button\"\n\t\t\taria-haspopup=\"dialog\"\n\t\t\taria-label=\"Vergr\u00f6\u00dfern\"\n\t\t\tdata-wp-init=\"callbacks.initTriggerButton\"\n\t\t\tdata-wp-on--click=\"actions.showLightbox\"\n\t\t\tdata-wp-style--right=\"state.imageButtonRight\"\n\t\t\tdata-wp-style--top=\"state.imageButtonTop\"\n\t\t>\n\t\t\t<svg xmlns=\"http:\/\/www.w3.org\/2000\/svg\" width=\"12\" height=\"12\" fill=\"none\" viewBox=\"0 0 12 12\">\n\t\t\t\t<path fill=\"#fff\" d=\"M2 0a2 2 0 0 0-2 2v2h1.5V2a.5.5 0 0 1 .5-.5h2V0H2Zm2 10.5H2a.5.5 0 0 1-.5-.5V8H0v2a2 2 0 0 0 2 2h2v-1.5ZM8 12v-1.5h2a.5.5 0 0 0 .5-.5V8H12v2a2 2 0 0 1-2 2H8Zm2-12a2 2 0 0 1 2 2v2h-1.5V2a.5.5 0 0 0-.5-.5H8V0h2Z\" \/>\n\t\t\t<\/svg>\n\t\t<\/button><\/figure>\n\n\n\n<h2 class=\"wp-block-heading\">St\u00e4dte m\u00fcssen sich wandeln<\/h2>\n\n\n\n<p>Weniger Asphalt, weniger Fl\u00e4chenversiegelung, weniger Neubaugebiete, weniger neue Industriefl\u00e4chen, mehr Gr\u00fcn, auf D\u00e4chern, Fassaden, B\u00fcrgersteigen, Stra\u00dfe. <\/p>\n","protected":false},"excerpt":{"rendered":"<p>Eine der Folgen der Industrialisierung ist das anwachsen von kleinen Ortschaften zu gr\u00f6\u00dferen St\u00e4dten, immer mehr Menschen leben seit dem auf engem Raum zusammen. Der Bau von Kanalisationen (auf dem europ\u00e4ischen Festland um 1850 beginnend) und von Kl\u00e4rwerken (seit 1880 beginnend) erm\u00f6glichte erst ein gesundes und nicht durch bakteriell \u00fcbertragene Krankheiten wie Cholera und Typhus &hellip; <\/p>\n<p class=\"link-more\"><a href=\"https:\/\/www.klaerwerk-krefeld.org\/index.php\/wird-alles-abwasser-geklaert-nein\/\" class=\"more-link\"><span class=\"screen-reader-text\">\u201eWird alles Abwasser gekl\u00e4rt? Nein!\u201c <\/span>weiterlesen<\/a><\/p>\n","protected":false},"author":1,"featured_media":0,"parent":0,"menu_order":0,"comment_status":"closed","ping_status":"closed","template":"","meta":{"footnotes":""},"class_list":["post-4929","page","type-page","status-publish","hentry"],"_links":{"self":[{"href":"https:\/\/www.klaerwerk-krefeld.org\/index.php\/wp-json\/wp\/v2\/pages\/4929","targetHints":{"allow":["GET"]}}],"collection":[{"href":"https:\/\/www.klaerwerk-krefeld.org\/index.php\/wp-json\/wp\/v2\/pages"}],"about":[{"href":"https:\/\/www.klaerwerk-krefeld.org\/index.php\/wp-json\/wp\/v2\/types\/page"}],"author":[{"embeddable":true,"href":"https:\/\/www.klaerwerk-krefeld.org\/index.php\/wp-json\/wp\/v2\/users\/1"}],"replies":[{"embeddable":true,"href":"https:\/\/www.klaerwerk-krefeld.org\/index.php\/wp-json\/wp\/v2\/comments?post=4929"}],"version-history":[{"count":14,"href":"https:\/\/www.klaerwerk-krefeld.org\/index.php\/wp-json\/wp\/v2\/pages\/4929\/revisions"}],"predecessor-version":[{"id":7659,"href":"https:\/\/www.klaerwerk-krefeld.org\/index.php\/wp-json\/wp\/v2\/pages\/4929\/revisions\/7659"}],"wp:attachment":[{"href":"https:\/\/www.klaerwerk-krefeld.org\/index.php\/wp-json\/wp\/v2\/media?parent=4929"}],"curies":[{"name":"wp","href":"https:\/\/api.w.org\/{rel}","templated":true}]}}