{"id":4481,"date":"2020-09-26T21:22:13","date_gmt":"2020-09-26T19:22:13","guid":{"rendered":"https:\/\/www.klaerwerk-krefeld.org\/?page_id=4481"},"modified":"2020-09-28T08:38:14","modified_gmt":"2020-09-28T06:38:14","slug":"film-ab","status":"publish","type":"page","link":"https:\/\/www.klaerwerk-krefeld.org\/index.php\/film-ab\/","title":{"rendered":"Film ab:"},"content":{"rendered":"\n<p>Hier zeigen wir Dokumentarfilme \u00fcber <span style=\"font-family: 'Glass Antiqua', sans-serif,helvetica;font-weight: bold;\">DasKl\u00e4rwerk<\/span>, die Kanalisation der Stadt Krefeld, den Rheinhafen, Linn, Bockum und Uerdingen.  <\/p>\n\n\n\n<p><strong>Teil1: <\/strong><a href=\"https:\/\/www.youtube.com\/watch?v=uQCem9FqvjI&amp;list=PLC9oZhxkvAU5HUhGUbY_oXGYqeCtYJbpy&amp;index=1&amp;t=3s\">die Kanalisation einer Textilstadt: Krefeld<\/a><br><strong>Teil2<\/strong>: <a href=\"https:\/\/www.youtube.com\/watch?v=lMCeXtv2PmQ&amp;list=PLC9oZhxkvAU5HUhGUbY_oXGYqeCtYJbpy&amp;index=2\">Toiletten f\u00fcr die Stadt<\/a><br><strong>Teil3<\/strong>: <a href=\"https:\/\/www.youtube.com\/watch?v=niYcO2Ocinc&amp;list=PLC9oZhxkvAU5HUhGUbY_oXGYqeCtYJbpy&amp;index=3\">Linn, Bockum, Uerdingen und der Krefelder Rheinhafen<\/a><br><strong>Teil4<\/strong>: <a href=\"https:\/\/www.youtube.com\/watch?v=zDNmUJ0eOWg&amp;list=PLC9oZhxkvAU5HUhGUbY_oXGYqeCtYJbpy&amp;index=4\">Der Rhein Mass Schelde Kanal und das Kl\u00e4rwerk<\/a><br><strong>Teil5<\/strong>: <a href=\"https:\/\/www.youtube.com\/watch?v=7DXVAggejyw&amp;list=PLC9oZhxkvAU5HUhGUbY_oXGYqeCtYJbpy&amp;index=5&amp;t=485s\">Talk im Kanal, \u00fcber Denkmalpflege, live aus dem Untergrund<\/a><\/p>\n\n\n\n<div class=\"wp-block-buttons is-layout-flex wp-block-buttons-is-layout-flex\">\n<div class=\"wp-block-button is-style-outline is-style-outline--1\"><a class=\"wp-block-button__link has-white-color has-text-color has-background\" href=\"https:\/\/www.youtube.com\/playlist?list=PLC9oZhxkvAU5HUhGUbY_oXGYqeCtYJbpy\" style=\"border-radius:7px;background:linear-gradient(135deg,rgba(255,105,0,1) 0%,rgb(207,46,46) 66%)\">youtube PLAYLIST<\/a><\/div>\n<\/div>\n","protected":false},"excerpt":{"rendered":"<p>Hier zeigen wir Dokumentarfilme \u00fcber DasKl\u00e4rwerk, die Kanalisation der Stadt Krefeld, den Rheinhafen, Linn, Bockum und Uerdingen. Teil1: die Kanalisation einer Textilstadt: KrefeldTeil2: Toiletten f\u00fcr die StadtTeil3: Linn, Bockum, Uerdingen und der Krefelder RheinhafenTeil4: Der Rhein Mass Schelde Kanal und das Kl\u00e4rwerkTeil5: Talk im Kanal, \u00fcber Denkmalpflege, live aus dem Untergrund<\/p>\n","protected":false},"author":1,"featured_media":0,"parent":0,"menu_order":0,"comment_status":"closed","ping_status":"closed","template":"","meta":{"footnotes":""},"class_list":["post-4481","page","type-page","status-publish","hentry"],"_links":{"self":[{"href":"https:\/\/www.klaerwerk-krefeld.org\/index.php\/wp-json\/wp\/v2\/pages\/4481","targetHints":{"allow":["GET"]}}],"collection":[{"href":"https:\/\/www.klaerwerk-krefeld.org\/index.php\/wp-json\/wp\/v2\/pages"}],"about":[{"href":"https:\/\/www.klaerwerk-krefeld.org\/index.php\/wp-json\/wp\/v2\/types\/page"}],"author":[{"embeddable":true,"href":"https:\/\/www.klaerwerk-krefeld.org\/index.php\/wp-json\/wp\/v2\/users\/1"}],"replies":[{"embeddable":true,"href":"https:\/\/www.klaerwerk-krefeld.org\/index.php\/wp-json\/wp\/v2\/comments?post=4481"}],"version-history":[{"count":5,"href":"https:\/\/www.klaerwerk-krefeld.org\/index.php\/wp-json\/wp\/v2\/pages\/4481\/revisions"}],"predecessor-version":[{"id":5466,"href":"https:\/\/www.klaerwerk-krefeld.org\/index.php\/wp-json\/wp\/v2\/pages\/4481\/revisions\/5466"}],"wp:attachment":[{"href":"https:\/\/www.klaerwerk-krefeld.org\/index.php\/wp-json\/wp\/v2\/media?parent=4481"}],"curies":[{"name":"wp","href":"https:\/\/api.w.org\/{rel}","templated":true}]}}