{"id":4399,"date":"2020-09-25T13:52:09","date_gmt":"2020-09-25T11:52:09","guid":{"rendered":"https:\/\/www.klaerwerk-krefeld.org\/?page_id=4399"},"modified":"2020-10-02T07:20:26","modified_gmt":"2020-10-02T05:20:26","slug":"17-ziele-fuer-nachhaltige-entwicklung","status":"publish","type":"page","link":"https:\/\/www.klaerwerk-krefeld.org\/index.php\/agenda-2030\/17-ziele-fuer-nachhaltige-entwicklung\/","title":{"rendered":"17 Ziele f\u00fcr nachhaltige Entwicklung"},"content":{"rendered":"\n<figure class=\"wp-block-image size-large is-style-default\"><img loading=\"lazy\" decoding=\"async\" width=\"1024\" height=\"130\" src=\"https:\/\/www.klaerwerk-krefeld.org\/wp-content\/uploads\/2020\/09\/SDG_logo_DE_No-UN-Emblem_WEB_Transparent-01-1024x130.png\" alt=\"\" class=\"wp-image-4404\" srcset=\"https:\/\/www.klaerwerk-krefeld.org\/wp-content\/uploads\/2020\/09\/SDG_logo_DE_No-UN-Emblem_WEB_Transparent-01-1024x130.png 1024w, https:\/\/www.klaerwerk-krefeld.org\/wp-content\/uploads\/2020\/09\/SDG_logo_DE_No-UN-Emblem_WEB_Transparent-01-300x38.png 300w, https:\/\/www.klaerwerk-krefeld.org\/wp-content\/uploads\/2020\/09\/SDG_logo_DE_No-UN-Emblem_WEB_Transparent-01-768x97.png 768w, https:\/\/www.klaerwerk-krefeld.org\/wp-content\/uploads\/2020\/09\/SDG_logo_DE_No-UN-Emblem_WEB_Transparent-01-1536x195.png 1536w, https:\/\/www.klaerwerk-krefeld.org\/wp-content\/uploads\/2020\/09\/SDG_logo_DE_No-UN-Emblem_WEB_Transparent-01-2048x260.png 2048w, https:\/\/www.klaerwerk-krefeld.org\/wp-content\/uploads\/2020\/09\/SDG_logo_DE_No-UN-Emblem_WEB_Transparent-01-1920x243.png 1920w, https:\/\/www.klaerwerk-krefeld.org\/wp-content\/uploads\/2020\/09\/SDG_logo_DE_No-UN-Emblem_WEB_Transparent-01-150x19.png 150w\" sizes=\"auto, (max-width: 767px) 89vw, (max-width: 1000px) 54vw, (max-width: 1071px) 543px, 580px\" \/><figcaption>\u00dcber die Entstehung der 17 Ziele und die UN-Agenda 2030 <a href=\"https:\/\/www.klaerwerk-krefeld.org\/index.php\/agenda-2030\/\">hier weiter lesen<\/a>.<\/figcaption><\/figure>\n\n\n\n<div class=\"wp-block-group\"><div class=\"wp-block-group__inner-container is-layout-flow wp-block-group-is-layout-flow\">\n<div class=\"wp-block-columns is-layout-flex wp-container-core-columns-is-layout-9d6595d7 wp-block-columns-is-layout-flex\">\n<div class=\"wp-block-column is-layout-flow wp-block-column-is-layout-flow\" style=\"flex-basis:33.33%\">\n<h2 class=\"wp-block-heading\">Die 17 Ziele, enthalten f\u00fcnf Kernbotschaften:<\/h2>\n<\/div>\n\n\n\n<div class=\"wp-block-column is-layout-flow wp-block-column-is-layout-flow\" style=\"flex-basis:66.66%\">\n<ul class=\"wp-block-list\" id=\"block-46dbae41-24e0-44ba-9ac3-988d26a776e8\"><li><strong>People <\/strong>(Menschen)<strong>,<\/strong><\/li><li><strong>Planet,<\/strong><\/li><li><strong>Prosperity<\/strong> (Wohlstand)<strong>,<\/strong><\/li><li><strong>Peace,<\/strong><\/li><li><strong>Partnership<\/strong> (Partnerschaft)<\/li><\/ul>\n<\/div>\n<\/div>\n<\/div><\/div>\n\n\n\n<h2 class=\"wp-block-heading\">Hier die einzelnen 17 Ziele:<\/h2>\n\n\n\n<figure class=\"wp-block-table is-style-stripes\"><table class=\"has-fixed-layout\"><tbody><tr><td class=\"has-text-align-center\" data-align=\"center\"><img decoding=\"async\" src=\"https:\/\/www.klaerwerk-krefeld.org\/wp-content\/uploads\/2020\/09\/SDG_icons_DE-01-1024x1024.png\" alt=\"\"><\/td><td>Armut in jeder Form und \u00fcberall beenden<br><\/td><td>800 Millionen Menschen leben in extremer Armut, davon sind&nbsp;ungef\u00e4hr 70% Frauen. Diese existenzielle Armut  ist aber nicht vergleichbar mit der Situation von Menschen mit niedrigem Einkommen in Deutschland. Beide Formen der Armut m\u00fcssen jedoch bek\u00e4mpft werden. Damit Menschen, die der Armut entfliehen konnten, nicht in die Armut zur\u00fcckfallen,&nbsp;braucht es auch&nbsp;Massnahmen zur St\u00e4rkung&nbsp;ihrer Widerstandsf\u00e4higkeit&nbsp;und den Aufbau von sozialen Sicherungssystemen.<\/td><\/tr><tr><td class=\"has-text-align-center\" data-align=\"center\"><img decoding=\"async\" src=\"https:\/\/www.klaerwerk-krefeld.org\/wp-content\/uploads\/2020\/09\/SDG_icons_DE-02-1024x1024.png\" alt=\"\"><\/td><td>Den Hunger beenden, Ern\u00e4hrungssicherheit und eine bessere Ern\u00e4hrung erreichen und eine nachhaltige Landwirtschaft f\u00f6rdern<\/td><td>Mangelern\u00e4hrung ist die  eigentliche Ursache von \u00fcber 45% aller F\u00e4lle von Kindersterblichkeit. Fast 800 Millionen Menschen leiden an Hunger oder Mangelern\u00e4hrung. Es geht also darum, den Hunger durch Ern\u00e4hrungssicherheit zu beenden, aber gleichzeitig eine nachhaltige Landwirtschaft vor Ort zu f\u00f6rdern und zu betreiben. <\/td><\/tr><tr><td class=\"has-text-align-center\" data-align=\"center\"><img decoding=\"async\" src=\"https:\/\/www.klaerwerk-krefeld.org\/wp-content\/uploads\/2020\/09\/SDG_icons_DE-03-1024x1024.png\" alt=\"\"><\/td><td>Ziel 3: Ein gesundes Leben f\u00fcr alle Menschen jeden Alters gew\u00e4hrleisten und ihr Wohlergehen f\u00f6rdern<\/td><td>Der Kampf gegen Krankheiten wie AIDS, Tuberkulose und Malaria, aber auch gegen Pandemien wie <a href=\"https:\/\/www.klaerwerk-krefeld.org\/index.php\/cholera\/\" data-type=\"page\" data-id=\"3546\">Cholera<\/a>, Covid-19 lehrt, dass Gesundheitsprobleme nicht einzeln, sondern global und gesamthaft betrachtet werden sollten. Aber auch Kinder- und M\u00fcttersterblichkeit, Bek\u00e4mpfung von nicht-\u00fcbertragbaren Krankheiten wie Diabetes und die Pr\u00e4vention von Verkehrsunf\u00e4llen und Suchtmittelmissbrauch geh\u00f6rt dazu. Alle Menschen sollen Zugang zu hochwertigen Gesundheitsdiensten und zu Arzneimitteln haben und gegen finanzielle Risiken abgesichert sein.&nbsp;<\/td><\/tr><tr><td class=\"has-text-align-center\" data-align=\"center\"><img decoding=\"async\" src=\"https:\/\/www.klaerwerk-krefeld.org\/wp-content\/uploads\/2020\/09\/SDG_icons_DE-04-1024x1024.png\" alt=\"\"><\/td><td>Ziel 4: F\u00fcr alle Menschen inklusive, chancengerechte und hochwertige Bildung sowie M\u00f6glichkeiten zum lebenslangen Lernen sicherstellen<\/td><td>Bildung stattet Lernende aller Altersgruppen mit den notwendigen F\u00e4higkeiten und Werten aus, um verantwortliche Weltb\u00fcrger zu sein. Dazu z\u00e4hlen die Achtung der Menschenrechte, der Gleichberechtigung der Geschlechter und der \u00f6kologischen Nachhaltigkeit. Investitionen in Bildung und die St\u00e4rkung des Bildungssektors sind der Schl\u00fcssel zur Entwicklung eines Landes und seiner Menschen. Ziel 4 fordert, dass alle,&nbsp;Kinder, Jugendliche, Erwachsene und&nbsp;vor allem die \u00c4rmsten und am meisten Benachteiligten, Zugang zu einer hochwertigen Grund- und Berufsbildung erhalten.&nbsp;<\/td><\/tr><tr><td class=\"has-text-align-center\" data-align=\"center\"><img decoding=\"async\" src=\"https:\/\/www.klaerwerk-krefeld.org\/wp-content\/uploads\/2020\/09\/SDG_icons_DE-05-1024x1024.png\" alt=\"\"><\/td><td>Ziel 5: Geschlechtergerechtigkeit und Selbstbestimmung f\u00fcr alle Frauen und M\u00e4dchen erreichen<\/td><td>Bildung kann M\u00e4dchen und Frauen bef\u00e4higen, Diskriminierung zu \u00fcberwinden und ihre Rechte durchzusetzen. Bildung erm\u00f6glicht es ihnen zu Hause, in Gemeinden, in Betrieben und in Institutionen, ihr volles Potenzial zu entfalten. Die Absolvierung eines zus\u00e4tzlichen Schuljahres kann das Einkommen einer Frau um bis zu 20% erh\u00f6hen. Die Ungleichheit zwischen den Geschlechtern ist eines der gr\u00f6ssten Hindernisse f\u00fcr nachhaltige Entwicklung, \u00f6konomisches Wachstum und Armutsreduktion.<br><\/td><\/tr><tr><td class=\"has-text-align-center\" data-align=\"center\"><img decoding=\"async\" src=\"https:\/\/www.klaerwerk-krefeld.org\/wp-content\/uploads\/2020\/09\/SDG_icons_DE-06-1024x1024.png\" alt=\"\"><\/td><td>Ziel 6: Verf\u00fcgbarkeit und nachhaltige Bewirtschaftung von Wasser und Sanit\u00e4rversorgung f\u00fcr alle gew\u00e4hrleisten<\/td><td>Zugang zu Trinkwasser, zu Sanit\u00e4rversorgung und Hygiene ist ein Menschenrecht und zusammen mit der Ressource Wasser ein entscheidender Faktor f\u00fcr alle Aspekte der sozialen, wirtschaftlichen und \u00f6kologischen Entwicklung.\u00a0Dar\u00fcber hinaus ist der Schutz und der Wiederherstellung von wasserverbundenen \u00d6kosystemen (darunter Berge, W\u00e4lder, Feuchtgebiete, Fl\u00fcsse und Seen) erforderlich. Die Wasserqualit\u00e4t soll verbessert und die Verschmutzung von Wasser verringert werden. Wasserressourcen\u00a0sind durch eine transparente und auf allen Ebenen funktionierende Bewirtschaftung zu sch\u00fctzen.<br><a href=\"https:\/\/www.klaerwerk-krefeld.org\/index.php\/sauberes-wasser-und-sanitaere-einrichtungen\/\" data-type=\"page\" data-id=\"3867\"><strong>Mehr zu SDG6 hier lesen<\/strong><\/a><\/td><\/tr><tr><td class=\"has-text-align-center\" data-align=\"center\"><img decoding=\"async\" src=\"https:\/\/www.klaerwerk-krefeld.org\/wp-content\/uploads\/2020\/09\/SDG_icons_DE-07-1024x1024.png\" alt=\"\"><\/td><td>Ziel 7: Zugang zu bezahlbarer, verl\u00e4sslicher, nachhaltiger und zeitgem\u00e4\u00dfer Energie f\u00fcr alle sichern<\/td><td>Saubere, bezahlbare und f\u00fcr alle zug\u00e4ngliche Energie ein wesentlicher Baustein der sozialen, wirtschaftlichen und \u00f6kologischen Entwicklung eines Landes. 1,6 Milliarden Menschen haben keinen Zugang zu Elektrizit\u00e4t. 2,5 Milliarden Menschen h\u00e4ngen von fossilen Energietr\u00e4gern als Energiequelle ab. Der Anteil erneuerbarer Energien soll deutlich erh\u00f6ht, die  Energieeffizienz soll verdoppelt werden. <\/td><\/tr><tr><td class=\"has-text-align-center\" data-align=\"center\"><img decoding=\"async\" src=\"https:\/\/www.klaerwerk-krefeld.org\/wp-content\/uploads\/2020\/09\/SDG_icons_DE-08-1024x1024.png\" alt=\"\"><\/td><td>Ziel 8: Dauerhaftes, inklusives und nachhaltiges Wirtschaftswachstum, produktive Vollbesch\u00e4ftigung und menschenw\u00fcrdige Arbeit f\u00fcr alle f\u00f6rdern<\/td><td>\u00dcber 200 Millionen Menschen sind erwerbslos, darunter insbesondere junge Menschen. Arbeit und Wirtschaftswachstum tragen massgeblich zur Bek\u00e4mpfung von Armut bei. Zwangsarbeit soll bek\u00e4mpft und moderne Sklaverei und Menschenhandel bis 2030 beendet werden. Ein nachhaltiges Wirtschaftswachstum darf nicht auf Kosten der Umwelt gehen. Deswegen muss in Konsum und Produktion die Ressourceneffizienz verbessert werden und  Umweltzerst\u00f6rung durch Wirtschaftswachstum verhindert werden.<\/td><\/tr><tr><td class=\"has-text-align-center\" data-align=\"center\"><img decoding=\"async\" src=\"https:\/\/www.klaerwerk-krefeld.org\/wp-content\/uploads\/2020\/09\/SDG_icons_DE-09-1024x1024.png\" alt=\"\"><\/td><td>Ziel 9: Eine belastbare Infrastruktur aufbauen, inklusive und nachhaltige Industrialisierung f\u00f6rdern und Innovationen unterst\u00fctzen<\/td><td>Investitionen in eine nachhaltige Infrastruktur und in wissenschaftliche und technologische Forschung steigern das Wirtschaftswachstum, schaffen Arbeitspl\u00e4tze und f\u00f6rdern Wohlstand.&nbsp;Um Infrastrukturen und Industrien nachhaltig zu machen, sollen bis 2030 Ressourcen effizienter eingesetzt und saubere, umweltvertr\u00e4gliche Technologien und Industrieprozesse gef\u00f6rdert werden, einschliesslich des Zugangs zu bezahlbaren Krediten f\u00fcr kleine Wirtschaftsunternehmen und die Einbindung dieser in Wertsch\u00f6pfungsketten und M\u00e4rkte.&nbsp;<\/td><\/tr><tr><td class=\"has-text-align-center\" data-align=\"center\"><img decoding=\"async\" src=\"https:\/\/www.klaerwerk-krefeld.org\/wp-content\/uploads\/2020\/09\/SDG_icons_DE-10-1024x1024.png\" alt=\"\"><\/td><td>Ziel 10: Ungleichheit innerhalb von und zwischen Staaten verringern<\/td><td>Das Einkommenswachstum f\u00fcr die \u00e4rmsten 40 Prozent der Bev\u00f6lkerung soll nachhaltig erh\u00f6ht wird. Alle Menschen sollen zu Selbstbestimmung bef\u00e4higt und ihre soziale, wirtschaftliche und politische Inklusion gef\u00f6rdert werden. Die Chancengleichheit soll durch die Abschaffung diskriminierender Gesetze, Politiken und Praktiken gew\u00e4hrleistet werden. Eine geordnete und sichere Migration und Mobilit\u00e4t von Menschen soll erleichtert werden. In internationalen Wirtschafts- und Finanzinstitutionen sollen Entwicklungsl\u00e4nder besser vertreten sein und&nbsp;verst\u00e4rkt Mitsprache bei der Entscheidungsfindung erhalten.<\/td><\/tr><tr><td class=\"has-text-align-center\" data-align=\"center\"><img decoding=\"async\" src=\"https:\/\/www.klaerwerk-krefeld.org\/wp-content\/uploads\/2020\/09\/SDG_icons_DE-11-1024x1024.png\" alt=\"\"><\/td><td>Ziel 11: St\u00e4dte und Siedlungen inklusiv, sicher, widerstandsf\u00e4hig und nachhaltig machen<\/td><td>Bereits mehr als die H\u00e4lfte der Bev\u00f6lkerung weltweit lebt in St\u00e4dten. Mehr als 80% der globalen Wirtschaftsaktivit\u00e4t konzentriert sich in St\u00e4dten, aber gleichzeitig haben St\u00e4dte einen enormen \u00f6kologischen Fussabdruck. Sie nehmen 3 Prozent der Weltoberfl\u00e4che ein, verbrauchen aber drei Viertel der globalen Ressourcen und sind f\u00fcr 75 Prozent der globalen Emissionen verantwortlich. Die von St\u00e4dten ausgehende Umweltbelastung pro Kopf muss gesenkt werden, insbesondere Luftqualit\u00e4t, Umgang mit Abwasser und Abfall muss verbessert werden. Die Stadtentwicklung soll inklusiver und nachhaltiger gestaltet werden, auch durch partizipatorische, integrierte und nachhaltige Siedlungsplanung. Die Anstrengungen zum Schutz und zur Wahrung des Weltkultur- und -naturerbes muss in St\u00e4dten ganz besonders verst\u00e4rkt werden. Der Zugang zu Gr\u00fcnfl\u00e4chen, \u00f6ffentlichen R\u00e4umen, bezahlbarem -Wohnraum und -Transportsystemen muss  sichergestellt werden.<\/td><\/tr><tr><td class=\"has-text-align-center\" data-align=\"center\"><img decoding=\"async\" src=\"https:\/\/www.klaerwerk-krefeld.org\/wp-content\/uploads\/2020\/09\/SDG_icons_DE-12-1024x1024.png\" alt=\"\"><\/td><td>Ziel 12: F\u00fcr nachhaltige Konsum- und Produktionsmuster sorgen<\/td><td>Die Weltbev\u00f6lkerung konsumiert gegenw\u00e4rtig mehr Ressourcen, als die \u00d6kosysteme bereitstellen k\u00f6nnen. Auch Nahrungsmittel werden verschwendet. Damit die soziale und wirtschaftliche Entwicklung im Rahmen der Tragf\u00e4higkeit der \u00d6kosysteme stattfinden kann, muss die Art und Weise, wie unsere Gesellschaft G\u00fcter produziert und konsumiert, grundlegend ver\u00e4ndert werden. <br>Die Freisetzung von Chemikalien und allen Abf\u00e4lle m\u00fcssen w\u00e4hrend ihres gesamten Lebenszyklus betrachtet werden und deren Freisetzung in Luft, Wasser und Boden erheblich verringert werden, um ihre nachteiligen Auswirkungen auf die menschliche Gesundheit und die Umwelt auf ein Mindestmass zu beschr\u00e4nken. Die ineffiziente Subventionierung fossiler Brennstoffe, die zu verschwenderischem Verbrauch verleitet, muss gestoppt werden.<\/td><\/tr><tr><td class=\"has-text-align-center\" data-align=\"center\"><img decoding=\"async\" src=\"https:\/\/www.klaerwerk-krefeld.org\/wp-content\/uploads\/2020\/09\/SDG_icons_DE-13-1024x1024.png\" alt=\"\"><\/td><td>Ziel 13: Umgehend Ma\u00dfnahmen zur Bek\u00e4mpfung des Klimawandels und seiner Auswirkungen ergreifen<\/td><td>Der Klimawandel stellt eine zentrale Herausforderung f\u00fcr nachhaltige Entwicklung dar. Die Erw\u00e4rmung der Erdatmosph\u00e4re l\u00f6st Ver\u00e4nderungen im globalen Klimasystem aus.&nbsp;Durch Ver\u00e4nderungen der Niederschlags- und Temperaturzyklen sind zudem \u00d6kosysteme, wie z.B. W\u00e4lder, landwirtschaftliche Kulturfl\u00e4chen, Berggebiete und Ozeane sowie die darin lebenden Pflanzen, Tiere und Menschen betroffen.&nbsp;Klimaschutzmassnahmen m\u00fcssen immer dringender  in kommunale, regionale, nationale Politik in nun sehr hohem Ma\u00dfe einbezogen werden.&nbsp;Die weitere Klimaerw\u00e4rmung muss unmittelbar gestoppt werden. Siehe auch: <a href=\"https:\/\/www.klaerwerk-krefeld.org\/index.php\/klimawandel\/\" data-type=\"page\" data-id=\"3572\">Klimawandel<\/a> <\/td><\/tr><tr><td class=\"has-text-align-center\" data-align=\"center\"><img decoding=\"async\" src=\"https:\/\/www.klaerwerk-krefeld.org\/wp-content\/uploads\/2020\/09\/SDG_icons_DE-14-1024x1024.png\" alt=\"\"><\/td><td>Ziel 14: Ozeane, Meere und Meeresressourcen im Sinne einer nachhaltigen Entwicklung erhalten und nachhaltig nutzen<\/td><td>Verschmutzung und \u00dcbernutzung der Ozeane bedeuten eine akute Gef\u00e4hrdung der Artenvielfalt, die Versauerung der Meere. Wurden in den 1950er Jahren knapp 1,5 Millionen Tonnen Plastik pro Jahr produziert sind es heute fast 400 Millionen Tonnen. Und ein viel zu gro\u00dfer Teil davon landet im Meer. Etwa 75 Prozent des gesamten Meeresm\u00fclls besteht aus Kunststoffen. Der j\u00e4hrliche Eintrag von Kunststoff betr\u00e4gt wahrscheinlich \u00fcber 10  Millionen Tonnen. Auch durch industriellen Fischerei und der industriellen Nutzung von Meeresressourcen wird der Klimawandel beschleunigt und die \u00d6kosysteme immer mehr unter Druck gesetzt. Alle Arten der Meeresverschmutzung m\u00fcssen erheblich verringert und die Versauerung der Ozeane auf ein Mindestmass reduziert werden. Meeres- und K\u00fcsten\u00f6kosysteme sollen nachhaltig bewirtschaftet und gesch\u00fctzt werden, illegale und unregulierte Fischerei sowie zerst\u00f6rerische Fangpraktiken beendet werden. <\/td><\/tr><tr><td class=\"has-text-align-center\" data-align=\"center\"><img decoding=\"async\" src=\"https:\/\/www.klaerwerk-krefeld.org\/wp-content\/uploads\/2020\/09\/SDG_icons_DE-15-1024x1024.png\" alt=\"\"><\/td><td>Ziel 15: Land\u00f6kosysteme sch\u00fctzen, wiederherstellen und ihre nachhaltige Nutzung f\u00f6rdern, W\u00e4lder nachhaltig bewirtschaften, W\u00fcstenbildung bek\u00e4mpfen, Bodenverschlechterung stoppen und umkehren und den Biodiversit\u00e4tsverlust stoppen<\/td><td>Der Erhalt und die nachhaltige Nutzung der Biodiversit\u00e4t sind f\u00fcr die soziale und wirtschaftliche Entwicklung sowie f\u00fcr das \u00dcberleben der Menschen entscheidend. Statistiken zeigen jedoch einen konstanten R\u00fcckgang von Biodiversit\u00e4t und Verlust von Wald. Biodiversit\u00e4t und W\u00e4lder tragen zur Armutsreduktion bei, indem sie Ern\u00e4hrungssicherheit und Gesundheit erm\u00f6glichen, saubere Luft und sauberes Wasser bereitstellen und&nbsp;CO<sub>2<\/sub>&nbsp;Emissionen speichern. Biodiversit\u00e4t ist die&nbsp; Grundlage f\u00fcr \u00f6kologische Entwicklung. Erhalt, die Wiederherstellung und nachhaltige Nutzung von \u00d6kosystemen. Die Entwaldung muss daher beendet und gesch\u00e4digte W\u00e4lder wiederhergestellt werden, Wiederaufforstung weltweit betr\u00e4chtlich erh\u00f6ht werden. Die W\u00fcstenbildung soll bek\u00e4mpft und von W\u00fcstenbildung, D\u00fcrre und \u00dcberschwemmungen betroffene Fl\u00e4chen saniert &nbsp;werden.&nbsp;<\/td><\/tr><tr><td class=\"has-text-align-center\" data-align=\"center\"><img decoding=\"async\" src=\"https:\/\/www.klaerwerk-krefeld.org\/wp-content\/uploads\/2020\/09\/SDG_icons_DE-16-1024x1024.png\" alt=\"\"><\/td><td>Ziel 16: Friedliche und inklusive Gesellschaften im Sinne einer nachhaltigen Entwicklung f\u00f6rdern, allen Menschen Zugang zur Justiz erm\u00f6glichen und effektive, rechenschaftspflichtige und inklusive Institutionen auf allen Ebenen aufbauen<\/td><td>Ohne friedliche und inklusive Gesellschaften und gute Regierungsf\u00fchrung ist Entwicklung nachgewiesenermassen nicht nachhaltig. <br>Alle Formen von Gewalt m\u00fcssen verringert werden, die Beendung von Folter und die Bek\u00e4mpfung aller Formen organisierter Kriminalit\u00e4t ist Ziel.&nbsp; Korruption und Bestechung sowie illegale Waffen- und Finanzstr\u00f6me wollen deutlich verringert werden.&nbsp;Rechtstaatlichkeit und partizipative Institutionen sollen gef\u00f6rdert und der gleichberechtige Zugang zur Justiz gew\u00e4hrleistet werden, damit friedliche und inklusive Gesellschaften entstehen k\u00f6nnen.<\/td><\/tr><tr><td class=\"has-text-align-center\" data-align=\"center\"><img decoding=\"async\" src=\"https:\/\/www.klaerwerk-krefeld.org\/wp-content\/uploads\/2020\/09\/SDG_icons_DE-17-1024x1024.png\" alt=\"\"><\/td><td>Ziel 17: Umsetzungsmittel st\u00e4rken und die globale Partnerschaft f\u00fcr nachhaltige Entwicklung wiederbeleben<\/td><td>Um die 17 Ziele zu erreichen, ist eine umfassende Finanzierungsbasis, welche \u00fcber die Gelder der \u00f6ffentlichen Entwicklungshilfe hinausgehen, notwendig. Neben \u00f6ffentlichen und privaten Mitteln soll auch die Politik einen gr\u00f6sseren Beitrag zum Erreichen der Ziele leisten. Die entwickelten L\u00e4nder erneuern in Ziel 17 die Zusage, 0.7 Prozent ihres Bruttonationaleinkommens f\u00fcr \u00f6ffentliche Entwicklungshilfe aufzuwenden. Um die Abh\u00e4ngigkeit von ausl\u00e4ndischer Unterst\u00fctzung zu senken, soll die Mobilisierung einheimischer Ressourcen gest\u00e4rkt werden. Die internationale Zusammenarbeit im Bereich Wissenschaft, Technologie und Innovation soll verst\u00e4rkt sowie ein gerechtes multilaterales Handelssystem gef\u00f6rdert werden. <\/td><\/tr><\/tbody><\/table><\/figure>\n\n\n\n<p><\/p>\n","protected":false},"excerpt":{"rendered":"<p>Die 17 Ziele, enthalten f\u00fcnf Kernbotschaften: People (Menschen), Planet, Prosperity (Wohlstand), Peace, Partnership (Partnerschaft) Hier die einzelnen 17 Ziele: Armut in jeder Form und \u00fcberall beenden 800 Millionen Menschen leben in extremer Armut, davon sind&nbsp;ungef\u00e4hr 70% Frauen. Diese existenzielle Armut ist aber nicht vergleichbar mit der Situation von Menschen mit niedrigem Einkommen in Deutschland. Beide &hellip; <\/p>\n<p class=\"link-more\"><a href=\"https:\/\/www.klaerwerk-krefeld.org\/index.php\/agenda-2030\/17-ziele-fuer-nachhaltige-entwicklung\/\" class=\"more-link\"><span class=\"screen-reader-text\">\u201e17 Ziele f\u00fcr nachhaltige Entwicklung\u201c <\/span>weiterlesen<\/a><\/p>\n","protected":false},"author":1,"featured_media":0,"parent":4395,"menu_order":0,"comment_status":"closed","ping_status":"closed","template":"","meta":{"footnotes":""},"class_list":["post-4399","page","type-page","status-publish","hentry"],"_links":{"self":[{"href":"https:\/\/www.klaerwerk-krefeld.org\/index.php\/wp-json\/wp\/v2\/pages\/4399","targetHints":{"allow":["GET"]}}],"collection":[{"href":"https:\/\/www.klaerwerk-krefeld.org\/index.php\/wp-json\/wp\/v2\/pages"}],"about":[{"href":"https:\/\/www.klaerwerk-krefeld.org\/index.php\/wp-json\/wp\/v2\/types\/page"}],"author":[{"embeddable":true,"href":"https:\/\/www.klaerwerk-krefeld.org\/index.php\/wp-json\/wp\/v2\/users\/1"}],"replies":[{"embeddable":true,"href":"https:\/\/www.klaerwerk-krefeld.org\/index.php\/wp-json\/wp\/v2\/comments?post=4399"}],"version-history":[{"count":20,"href":"https:\/\/www.klaerwerk-krefeld.org\/index.php\/wp-json\/wp\/v2\/pages\/4399\/revisions"}],"predecessor-version":[{"id":6002,"href":"https:\/\/www.klaerwerk-krefeld.org\/index.php\/wp-json\/wp\/v2\/pages\/4399\/revisions\/6002"}],"up":[{"embeddable":true,"href":"https:\/\/www.klaerwerk-krefeld.org\/index.php\/wp-json\/wp\/v2\/pages\/4395"}],"wp:attachment":[{"href":"https:\/\/www.klaerwerk-krefeld.org\/index.php\/wp-json\/wp\/v2\/media?parent=4399"}],"curies":[{"name":"wp","href":"https:\/\/api.w.org\/{rel}","templated":true}]}}