{"id":4213,"date":"2020-09-01T12:25:34","date_gmt":"2020-09-01T10:25:34","guid":{"rendered":"https:\/\/www.klaerwerk-krefeld.org\/?page_id=4213"},"modified":"2021-07-28T16:03:30","modified_gmt":"2021-07-28T14:03:30","slug":"tag-des-offenen-denkmals-2020","status":"publish","type":"page","link":"https:\/\/www.klaerwerk-krefeld.org\/index.php\/tag-des-offenen-denkmals-2020\/","title":{"rendered":"Tag des offenen Denkmals"},"content":{"rendered":"\n<p class=\"has-black-color has-luminous-vivid-amber-background-color has-text-color has-background\">2021: siehe <a href=\"https:\/\/www.klaerwerk-krefeld.org\/index.php\/sonderfuehrungen\/\" data-type=\"page\" data-id=\"271\">Besuch<\/a><\/p>\n\n\n\n<p>2020: Digital: f\u00fcnfteilige Dokumentation \u00fcber Lindley, Vagedes, Krefeld, Uerdingen, Kanalisation, den Rheinhafen und das Kl\u00e4rwerk. <\/p>\n\n\n\n<p><strong>Teil1: <\/strong>die Kanalisation einer Textilstadt: Krefeld<br><strong>Teil2<\/strong>: Toiletten f\u00fcr die Stadt<br><strong>Teil3<\/strong>: Linn, Uerdingen und der Krefelder Rheinhafen<br><strong>Teil4<\/strong>: Der Rhein Mass Schelde Kanal und das Kl\u00e4rwerk<br><strong>Teil5<\/strong>: Talk im Kanal, \u00fcber Denkmalpflege, live aus dem Untergrund<\/p>\n\n\n\n<figure class=\"wp-block-embed is-type-video is-provider-youtube wp-block-embed-youtube wp-embed-aspect-16-9 wp-has-aspect-ratio\"><div class=\"wp-block-embed__wrapper\">\n<iframe loading=\"lazy\" title=\"DasKl\u00e4rwerk\" width=\"525\" height=\"295\" src=\"https:\/\/www.youtube.com\/embed\/videoseries?list=PLC9oZhxkvAU5HUhGUbY_oXGYqeCtYJbpy\" frameborder=\"0\" allow=\"accelerometer; autoplay; clipboard-write; encrypted-media; gyroscope; picture-in-picture; web-share\" referrerpolicy=\"strict-origin-when-cross-origin\" allowfullscreen><\/iframe>\n<\/div><\/figure>\n","protected":false},"excerpt":{"rendered":"<p>2021: siehe Besuch 2020: Digital: f\u00fcnfteilige Dokumentation \u00fcber Lindley, Vagedes, Krefeld, Uerdingen, Kanalisation, den Rheinhafen und das Kl\u00e4rwerk. Teil1: die Kanalisation einer Textilstadt: KrefeldTeil2: Toiletten f\u00fcr die StadtTeil3: Linn, Uerdingen und der Krefelder RheinhafenTeil4: Der Rhein Mass Schelde Kanal und das Kl\u00e4rwerkTeil5: Talk im Kanal, \u00fcber Denkmalpflege, live aus dem Untergrund<\/p>\n","protected":false},"author":1,"featured_media":4302,"parent":0,"menu_order":0,"comment_status":"closed","ping_status":"closed","template":"","meta":{"footnotes":""},"class_list":["post-4213","page","type-page","status-publish","has-post-thumbnail","hentry"],"_links":{"self":[{"href":"https:\/\/www.klaerwerk-krefeld.org\/index.php\/wp-json\/wp\/v2\/pages\/4213","targetHints":{"allow":["GET"]}}],"collection":[{"href":"https:\/\/www.klaerwerk-krefeld.org\/index.php\/wp-json\/wp\/v2\/pages"}],"about":[{"href":"https:\/\/www.klaerwerk-krefeld.org\/index.php\/wp-json\/wp\/v2\/types\/page"}],"author":[{"embeddable":true,"href":"https:\/\/www.klaerwerk-krefeld.org\/index.php\/wp-json\/wp\/v2\/users\/1"}],"replies":[{"embeddable":true,"href":"https:\/\/www.klaerwerk-krefeld.org\/index.php\/wp-json\/wp\/v2\/comments?post=4213"}],"version-history":[{"count":18,"href":"https:\/\/www.klaerwerk-krefeld.org\/index.php\/wp-json\/wp\/v2\/pages\/4213\/revisions"}],"predecessor-version":[{"id":5813,"href":"https:\/\/www.klaerwerk-krefeld.org\/index.php\/wp-json\/wp\/v2\/pages\/4213\/revisions\/5813"}],"wp:featuredmedia":[{"embeddable":true,"href":"https:\/\/www.klaerwerk-krefeld.org\/index.php\/wp-json\/wp\/v2\/media\/4302"}],"wp:attachment":[{"href":"https:\/\/www.klaerwerk-krefeld.org\/index.php\/wp-json\/wp\/v2\/media?parent=4213"}],"curies":[{"name":"wp","href":"https:\/\/api.w.org\/{rel}","templated":true}]}}