{"id":3206,"date":"2020-03-18T19:24:59","date_gmt":"2020-03-18T18:24:59","guid":{"rendered":"https:\/\/www.klaerwerk-krefeld.org\/?page_id=3206"},"modified":"2021-01-26T16:18:49","modified_gmt":"2021-01-26T15:18:49","slug":"industriekultur","status":"publish","type":"page","link":"https:\/\/www.klaerwerk-krefeld.org\/index.php\/industriekultur\/","title":{"rendered":"Industriekultur"},"content":{"rendered":"\n<figure class=\"wp-block-table is-style-stripes\"><table><tbody><tr><td>Siehe auch: <br><a href=\"https:\/\/www.industriekultur-krefeld.org\">Website zum Thema <\/a><br><a href=\"https:\/\/www.industriekultur-krefeld.org\">Industriekultur in Krefeld<\/a><br>Darin: <a href=\"https:\/\/www.industriekultur-krefeld.org\/index.php\/klaerwerk-der-stadt-krefeld\/\">Das Kl\u00e4rwerk<\/a><\/td><td class=\"has-text-align-right\" data-align=\"right\"><a href=\"https:\/\/www.industriekultur-krefeld.org\"><img loading=\"lazy\" decoding=\"async\" width=\"195\" height=\"121\" src=\"https:\/\/www.klaerwerk-krefeld.org\/wp-content\/uploads\/2021\/01\/Logo_IK-KREFELD_2020-2.png\" alt=\"\">&lt;<\/a><\/td><\/tr><\/tbody><\/table><\/figure>\n\n\n\n<p>Die historische Kl\u00e4ranlage ist eines der erhaltenen Zeugnisse der Stadthygiene, aus der Zeit der brennenden&nbsp;Fragen, die sich aus dem enormen Wachstum der St\u00e4dte w\u00e4hrend der Industrialisierung Europas am Ende des 19. Jahrhunderts ergaben.&nbsp;&nbsp;<\/p>\n\n\n\n<p><span style=\"font-family: 'Glass Antiqua', sans-serif,helvetica;font-weight: bold;\">DasKl\u00e4rwerk<\/span> ist erstaunlicherweise fast ganz und unver\u00e4ndert erhalten und kann spannende Geschichten aus den vergangenen <em>111 Jahren<\/em> der Stadthygiene und dar\u00fcber hinaus erz\u00e4hlen:<\/p>\n\n\n\n<ul class=\"wp-block-list\"><li>zur Industrialisierung und den Auswirkungen auf das Leben in der Stadt<\/li><li>der Wiedererfindung der Kanalisation, dem ersten Netzwerk einer Stadt<\/li><li>zu Auseinandersetzungen mit benachbarten Gemeinden um die Abw\u00e4sser Krefelds<\/li><li><a href=\"https:\/\/www.klaerwerk-krefeld.org\/index.php\/cholera\/\" data-type=\"3546\">zur Bek\u00e4mpfung von Seuchen wie Cholera und Typhus<\/a><\/li><li>zur \u201eSt\u00e4dtereinigungsfrage\u201c, dem damals hoch umstrittenen Anschluss der heute so selbstverst\u00e4ndlichen Sanit\u00e4ren-Einrichtungen an die Kan\u00e4le<\/li><li>der Suche nach L\u00f6sungen wie mit steigenden Mengen Abwasser und der Selbstreinigung der Fl\u00fcsse umzugehen sei<\/li><li><a href=\"https:\/\/www.klaerwerk-krefeld.org\/index.php\/timeline\/\" data-type=\"2188\">der Auseinandersetzung von Kommunen mit den Regierungen um die Abwasser-Reinigungsfrage<\/a><\/li><li>und (gar nicht zuletzt) vieles zu fr\u00fchen <a href=\"https:\/\/www.klaerwerk-krefeld.org\/index.php\/erklaerwerk\/\" data-type=\"3173\">Umweltschutz- Bem\u00fchungen&nbsp;<\/a><\/li><\/ul>\n\n\n\n<p><span style=\"font-family: 'Glass Antiqua', sans-serif,helvetica;font-weight: bold;\">DasKl\u00e4rwerk<\/span> ist nicht nur ein geschichtstr\u00e4chtiger Ort. Es ist auch ein brillant erdachtes und kunstvoll errichtetes Geb\u00e4ude des&nbsp;Jugendstils, mit ersten Ankl\u00e4ngen an die sachliche Moderne, recht ungew\u00f6hnlich f\u00fcr einen Ingenieurbau und erst recht f\u00fcr einen der &nbsp;Stadthygiene.<\/p>\n\n\n\n<div class=\"wp-block-image is-style-default\"><figure class=\"alignright size-large\"><img loading=\"lazy\" decoding=\"async\" width=\"104\" height=\"208\" src=\"https:\/\/www.klaerwerk-krefeld.org\/wp-content\/uploads\/2020\/02\/Logo_2_ERIH_Member_down.jpg\" alt=\"\" class=\"wp-image-3063\"\/><\/figure><\/div>\n\n\n\n<p><span style=\"font-family: 'Glass Antiqua', sans-serif,helvetica;font-weight: bold;\">DasKl\u00e4rwerk<\/span> geh\u00f6rt zu den herausragenden Stationen der Industriekultur, denn es spielte eine bedeutende Rolle bei der Entwicklung der Stadt  Krefeld, inmitten der geografischen Region Niederrhein, zu einer industriellen Kulturlandschaft. Der Begriff Industriekultur bezeichnet die Besch\u00e4ftigung mit der gesamten Kulturgeschichte des industriellen Zeitalters.<\/p>\n\n\n\n<p><span style=\"font-family: 'Glass Antiqua', sans-serif,helvetica;font-weight: bold;\">DasKl\u00e4rwerk<\/span> ist eine der Stationen der <a href=\"https:\/\/www.erih.de\">ERIH, Route of industrial Heritage<\/a> und <a href=\"https:\/\/www.rheinische-industriekultur.de\">Mitglied im F\u00f6rderverein Rheinische Industriekultur e.V.<\/a><\/p>\n\n\n\n<div class=\"wp-block-image\"><figure class=\"alignleft size-thumbnail\"><a href=\"https:\/\/www.klaerwerk-krefeld.org\/index.php\/timeline\/\"><img decoding=\"async\" src=\"https:\/\/www.klaerwerk-krefeld.org\/wp-content\/uploads\/2020\/10\/zeitleiste-150x150.jpg\" alt=\"Zeitleiste\" class=\"wp-image-4739\"\/><\/a><\/figure><\/div>\n\n\n\n<p>Die <a href=\"https:\/\/www.klaerwerk-krefeld.org\/index.php\/timeline\/\" data-type=\"page\" data-id=\"2188\"><strong>Zeitleiste<\/strong><\/a> des Kl\u00e4rwerks ordnet die Entstehung und den Betrieb der Anlage, aber auch die Folgenutzungen und historische Ereignisse die im Zusammenhang mit der Anlage stehen, in den zeitlichen Verlauf ein. <\/p>\n\n\n\n<div class=\"wp-block-buttons is-layout-flex wp-block-buttons-is-layout-flex\">\n<div class=\"wp-block-button is-style-fill\"><a class=\"wp-block-button__link has-black-color has-light-green-cyan-background-color has-text-color has-background\" href=\"https:\/\/www.klaerwerk-krefeld.org\/index.php\/timeline\/\" style=\"border-radius:4px\">Zeitleiste \u00f6ffnen<\/a><\/div>\n<\/div>\n\n\n\n<h2 class=\"wp-block-heading\">Forschungsschwerpunkte <strong>Industriekultur<\/strong> <\/h2>\n\n\n\n<p>Das kulturelle Erbe der Menschheit umfasst <strong>Industriekultur<\/strong>. <em>Warum leben wir in St\u00e4dten, was hat zu Wohlstand gef\u00fchrt, welche Innovationen und neuen Technologien wurden eingef\u00fcgt? Warum hat man das so gemacht? Welche Auswirkungen hat die Industrielle Landschaft auf die Menschen?  <\/em>Das sind einige der Fragen, die wir f\u00fcr die  Umgebung des Kl\u00e4rwerks in <strong>Uerdingen<\/strong> und in <strong>Krefeld<\/strong> erkl\u00e4ren wollen.<\/p>\n\n\n\n<p>Im Rheinland entstand zur Wende des 19 in das 20 Jahrhundert eine stark industriell gepr\u00e4gte Kulturlandschaft. Einige der Fabriken, Bahnlinien, Kraftwerke sind in der Zwischenzeit wieder verschwunden. Aber einige Unternehmen z\u00e4hlen bis heute zu den Marktf\u00fchrern. Das Industriekulturelle Erbe dient uns heute zur Orientierung, wir k\u00f6nnen unsere Herkunft und unsere Geschichte daran ablesen.<\/p>\n\n\n\n<div class=\"wp-block-image\"><figure class=\"alignleft size-thumbnail\"><a href=\"https:\/\/www.klaerwerk-krefeld.org\/via-industrialis-krefeld\/index.php\"><img decoding=\"async\" src=\"https:\/\/www.klaerwerk-krefeld.org\/wp-content\/uploads\/2020\/10\/kartografie-150x150.jpg\" alt=\"\" class=\"wp-image-4743\"\/><\/a><\/figure><\/div>\n\n\n\n<p>Einen spannenden Einblick bieten wir mit der <a href=\"https:\/\/www.klaerwerk-krefeld.org\/via-industrialis-krefeld\/\">Kartografie der Industriekultur<\/a>, die wir f\u00fcr Krefeld erforschen. <\/p>\n\n\n\n<p>Siehe dazu: <a href=\"https:\/\/www.industriekultur-krefeld.org\">Website zum Thema Industriekultur in Krefeld<\/a><\/p>\n\n\n\n<p>darin enthalten: <a href=\"https:\/\/www.industriekultur-krefeld.org\/index.php\/klaerwerk-der-stadt-krefeld\/\">Das Kl\u00e4rwerk<\/a><\/p>\n","protected":false},"excerpt":{"rendered":"<p>Siehe auch: Website zum Thema Industriekultur in KrefeldDarin: Das Kl\u00e4rwerk &lt; Die historische Kl\u00e4ranlage ist eines der erhaltenen Zeugnisse der Stadthygiene, aus der Zeit der brennenden&nbsp;Fragen, die sich aus dem enormen Wachstum der St\u00e4dte w\u00e4hrend der Industrialisierung Europas am Ende des 19. Jahrhunderts ergaben.&nbsp;&nbsp; DasKl\u00e4rwerk ist erstaunlicherweise fast ganz und unver\u00e4ndert erhalten und kann spannende &hellip; <\/p>\n<p class=\"link-more\"><a href=\"https:\/\/www.klaerwerk-krefeld.org\/index.php\/industriekultur\/\" class=\"more-link\"><span class=\"screen-reader-text\">\u201eIndustriekultur\u201c <\/span>weiterlesen<\/a><\/p>\n","protected":false},"author":1,"featured_media":0,"parent":0,"menu_order":0,"comment_status":"closed","ping_status":"closed","template":"","meta":{"footnotes":""},"class_list":["post-3206","page","type-page","status-publish","hentry"],"_links":{"self":[{"href":"https:\/\/www.klaerwerk-krefeld.org\/index.php\/wp-json\/wp\/v2\/pages\/3206","targetHints":{"allow":["GET"]}}],"collection":[{"href":"https:\/\/www.klaerwerk-krefeld.org\/index.php\/wp-json\/wp\/v2\/pages"}],"about":[{"href":"https:\/\/www.klaerwerk-krefeld.org\/index.php\/wp-json\/wp\/v2\/types\/page"}],"author":[{"embeddable":true,"href":"https:\/\/www.klaerwerk-krefeld.org\/index.php\/wp-json\/wp\/v2\/users\/1"}],"replies":[{"embeddable":true,"href":"https:\/\/www.klaerwerk-krefeld.org\/index.php\/wp-json\/wp\/v2\/comments?post=3206"}],"version-history":[{"count":33,"href":"https:\/\/www.klaerwerk-krefeld.org\/index.php\/wp-json\/wp\/v2\/pages\/3206\/revisions"}],"predecessor-version":[{"id":5472,"href":"https:\/\/www.klaerwerk-krefeld.org\/index.php\/wp-json\/wp\/v2\/pages\/3206\/revisions\/5472"}],"wp:attachment":[{"href":"https:\/\/www.klaerwerk-krefeld.org\/index.php\/wp-json\/wp\/v2\/media?parent=3206"}],"curies":[{"name":"wp","href":"https:\/\/api.w.org\/{rel}","templated":true}]}}