{"id":3034,"date":"2020-02-12T22:53:26","date_gmt":"2020-02-12T21:53:26","guid":{"rendered":"https:\/\/www.klaerwerk-krefeld.org\/?page_id=3034"},"modified":"2020-02-12T22:55:54","modified_gmt":"2020-02-12T21:55:54","slug":"urbex","status":"publish","type":"page","link":"https:\/\/www.klaerwerk-krefeld.org\/index.php\/urbex\/","title":{"rendered":"Urbex"},"content":{"rendered":"\n<p>Wir m\u00f6gen gute Fotos und gute Geschichten. Wir verstehen den Reiz. Wir sehen eine besondere Kunst in vielen Eurer Bilder. Aber wir leiden. Das Geb\u00e4ude leidet. Euer Hobby ist f\u00fcr uns oft die H\u00f6lle. Weil Eingebrochen wird. Weil Urbexer mit Stativen im Kamerabild zu sehen, auf dem Gel\u00e4nde rumlaufen, Z\u00e4une \u00fcberwinden, dann Fenster aufbrechen. <\/p>\n\n\n\n<p>Das kostet uns sehr viel Energie und Zeit und Geld, auch mal nachts. Denn das Kl\u00e4rwerk ist dann aufgebrochen und wir m\u00fcssen es verschlie\u00dfen. Der Kriminaldauerdienst der Kripo Krefeld ist auch begeistert, Eure DNA zu sichern. <\/p>\n\n\n\n<p>Wenn ihr bei uns Fotografieren wollt, kommt zu den \u00d6ffnungszeiten. Bringt bitte Geld mit, denn von Euch m\u00fcssen die Spenden nun besonders hoch sein!  <\/p>\n\n\n\n<figure class=\"wp-block-image size-large\"><img loading=\"lazy\" decoding=\"async\" width=\"1024\" height=\"826\" src=\"https:\/\/www.klaerwerk-krefeld.org\/wp-content\/uploads\/2020\/02\/image-1024x826.png\" alt=\"\" class=\"wp-image-3036\" srcset=\"https:\/\/www.klaerwerk-krefeld.org\/wp-content\/uploads\/2020\/02\/image-1024x826.png 1024w, https:\/\/www.klaerwerk-krefeld.org\/wp-content\/uploads\/2020\/02\/image-300x242.png 300w, https:\/\/www.klaerwerk-krefeld.org\/wp-content\/uploads\/2020\/02\/image-768x620.png 768w, https:\/\/www.klaerwerk-krefeld.org\/wp-content\/uploads\/2020\/02\/image-150x121.png 150w, https:\/\/www.klaerwerk-krefeld.org\/wp-content\/uploads\/2020\/02\/image.png 1150w\" sizes=\"auto, (max-width: 767px) 89vw, (max-width: 1000px) 54vw, (max-width: 1071px) 543px, 580px\" \/><\/figure>\n\n\n\n<p>Dies muss aufh\u00f6ren, denn nur so kann es f\u00fcr nachfolgende Generationen erhalten werden. \u00a0<strong>Das Geb\u00e4ude ist nun alarmgesichert und kamera\u00fcberwacht.<\/strong>\u00a0Wer sich unerlaubt Zutritt in das Geb\u00e4ude verschafft, es unbefugt betritt, begeht Hausfriedensbruch, \u00a7 123 StGB.\u00a0Dies hat mindestens empfindliche Geldstrafen zur Folge! \u00a0Bei Einbruch, also dem gewaltsamen \u00d6ffnen einer Umschlie\u00dfung, gilt \u00a7243 StGB, dies hat Freiheitsentzug zur Folge! <\/p>\n\n\n\n<p>Anyone who gains illegally access into the building, who enters it without authorization, commits a crime.&nbsp;This results in &#8211; at least &#8211; sensitive fines! In case of burglary, or the violent opening of an enclosure, the german law \u00a7243 StGB applies, this will result in imprisonment! <strong>Do not enter the building, no trespassing!&nbsp;<\/strong> By the way, we like to repeat that: The building is alarm-protected and camera-monitored!<\/p>\n\n\n\n<p>Quiconque acc\u00e8de ill\u00e9galement au b\u00e2timent, qui y p\u00e9n\u00e8tre sans autorisation, commet un d\u00e9lit. Il en r\u00e9sulte &#8211; au moins &#8211; des amendes sensibles! En cas de cambriolage, ou d&#8217;ouverture violente d&#8217;une enceinte, la loi allemande \u00a7243 StGB s&#8217;applique, cela entra\u00eenera l&#8217;emprisonnement! <strong>N&#8217;entrez pas dans le b\u00e2timent, pas d&#8217;intrusion! <\/strong>Soit dit en passant, nous aimons r\u00e9p\u00e9ter: le b\u00e2timent est prot\u00e9g\u00e9 contre les alarmes et surveill\u00e9 par cam\u00e9ra!<\/p>\n\n\n\n<p>Iedereen die illegaal toegang krijgt tot het gebouw en het zonder toestemming betreedt, pleegt een misdrijf. Dit levert &#8211; althans &#8211; gevoelige boetes op! In geval van inbraak, of het gewelddadig openen van een behuizing, is de Duitse wet \u00a7243 StGB van toepassing, dit resulteert in gevangenisstraf! <strong>Ga het gebouw niet binnen, geen verboden terrein! <\/strong>Overigens willen we dat graag herhalen: het gebouw is beveiligd tegen alarmen en camerabewaking!<\/p>\n","protected":false},"excerpt":{"rendered":"<p>Wir m\u00f6gen gute Fotos und gute Geschichten. Wir verstehen den Reiz. Wir sehen eine besondere Kunst in vielen Eurer Bilder. Aber wir leiden. Das Geb\u00e4ude leidet. Euer Hobby ist f\u00fcr uns oft die H\u00f6lle. Weil Eingebrochen wird. Weil Urbexer mit Stativen im Kamerabild zu sehen, auf dem Gel\u00e4nde rumlaufen, Z\u00e4une \u00fcberwinden, dann Fenster aufbrechen. Das &hellip; <\/p>\n<p class=\"link-more\"><a href=\"https:\/\/www.klaerwerk-krefeld.org\/index.php\/urbex\/\" class=\"more-link\"><span class=\"screen-reader-text\">\u201eUrbex\u201c <\/span>weiterlesen<\/a><\/p>\n","protected":false},"author":1,"featured_media":0,"parent":0,"menu_order":0,"comment_status":"closed","ping_status":"closed","template":"","meta":{"footnotes":""},"class_list":["post-3034","page","type-page","status-publish","hentry"],"_links":{"self":[{"href":"https:\/\/www.klaerwerk-krefeld.org\/index.php\/wp-json\/wp\/v2\/pages\/3034","targetHints":{"allow":["GET"]}}],"collection":[{"href":"https:\/\/www.klaerwerk-krefeld.org\/index.php\/wp-json\/wp\/v2\/pages"}],"about":[{"href":"https:\/\/www.klaerwerk-krefeld.org\/index.php\/wp-json\/wp\/v2\/types\/page"}],"author":[{"embeddable":true,"href":"https:\/\/www.klaerwerk-krefeld.org\/index.php\/wp-json\/wp\/v2\/users\/1"}],"replies":[{"embeddable":true,"href":"https:\/\/www.klaerwerk-krefeld.org\/index.php\/wp-json\/wp\/v2\/comments?post=3034"}],"version-history":[{"count":2,"href":"https:\/\/www.klaerwerk-krefeld.org\/index.php\/wp-json\/wp\/v2\/pages\/3034\/revisions"}],"predecessor-version":[{"id":3039,"href":"https:\/\/www.klaerwerk-krefeld.org\/index.php\/wp-json\/wp\/v2\/pages\/3034\/revisions\/3039"}],"wp:attachment":[{"href":"https:\/\/www.klaerwerk-krefeld.org\/index.php\/wp-json\/wp\/v2\/media?parent=3034"}],"curies":[{"name":"wp","href":"https:\/\/api.w.org\/{rel}","templated":true}]}}