{"id":2868,"date":"2019-09-15T15:24:15","date_gmt":"2019-09-15T13:24:15","guid":{"rendered":"https:\/\/www.klaerwerk-krefeld.org\/?page_id=2868"},"modified":"2019-09-15T15:24:16","modified_gmt":"2019-09-15T13:24:16","slug":"wissenschaft","status":"publish","type":"page","link":"https:\/\/www.klaerwerk-krefeld.org\/index.php\/wissenschaft\/","title":{"rendered":"Wissenschaft"},"content":{"rendered":"\n<p>Von dieser Seite aus sind einige wissenschaftliche Bearbeitungen in Arbeit erreichbar, die erst nach Abschluss des jeweiligen Projektes ver\u00f6ffentlicht werden<\/p>\n\n\n\n<p><a href=\"https:\/\/www.klaerwerk-krefeld.org\/index.php\/timeline\/\">Datenbank f\u00fcr eine Zeitleiste <\/a><\/p>\n\n\n\n<p><a href=\"https:\/\/www.klaerwerk-krefeld.org\/index.php\/detaillierte-beschreibung-des-gebaeudebestandes\/\">Aufsatz zum Geb\u00e4udebestand <\/a><\/p>\n","protected":false},"excerpt":{"rendered":"<p>Von dieser Seite aus sind einige wissenschaftliche Bearbeitungen in Arbeit erreichbar, die erst nach Abschluss des jeweiligen Projektes ver\u00f6ffentlicht werden Datenbank f\u00fcr eine Zeitleiste Aufsatz zum Geb\u00e4udebestand<\/p>\n","protected":false},"author":1,"featured_media":0,"parent":0,"menu_order":0,"comment_status":"closed","ping_status":"closed","template":"","meta":{"footnotes":""},"class_list":["post-2868","page","type-page","status-publish","hentry"],"_links":{"self":[{"href":"https:\/\/www.klaerwerk-krefeld.org\/index.php\/wp-json\/wp\/v2\/pages\/2868","targetHints":{"allow":["GET"]}}],"collection":[{"href":"https:\/\/www.klaerwerk-krefeld.org\/index.php\/wp-json\/wp\/v2\/pages"}],"about":[{"href":"https:\/\/www.klaerwerk-krefeld.org\/index.php\/wp-json\/wp\/v2\/types\/page"}],"author":[{"embeddable":true,"href":"https:\/\/www.klaerwerk-krefeld.org\/index.php\/wp-json\/wp\/v2\/users\/1"}],"replies":[{"embeddable":true,"href":"https:\/\/www.klaerwerk-krefeld.org\/index.php\/wp-json\/wp\/v2\/comments?post=2868"}],"version-history":[{"count":1,"href":"https:\/\/www.klaerwerk-krefeld.org\/index.php\/wp-json\/wp\/v2\/pages\/2868\/revisions"}],"predecessor-version":[{"id":2869,"href":"https:\/\/www.klaerwerk-krefeld.org\/index.php\/wp-json\/wp\/v2\/pages\/2868\/revisions\/2869"}],"wp:attachment":[{"href":"https:\/\/www.klaerwerk-krefeld.org\/index.php\/wp-json\/wp\/v2\/media?parent=2868"}],"curies":[{"name":"wp","href":"https:\/\/api.w.org\/{rel}","templated":true}]}}