{"id":2786,"date":"2019-09-13T12:49:20","date_gmt":"2019-09-13T10:49:20","guid":{"rendered":"https:\/\/www.klaerwerk-krefeld.org\/?page_id=2786"},"modified":"2020-09-26T21:39:00","modified_gmt":"2020-09-26T19:39:00","slug":"ziele","status":"publish","type":"page","link":"https:\/\/www.klaerwerk-krefeld.org\/index.php\/ziele\/","title":{"rendered":"Ziele"},"content":{"rendered":"\n<p>Foto: Pia Kobylecky, w\u00e4hrend der <a href=\"https:\/\/www.mhkbg.nrw\/themen\/heimat\/heimat-tour\/heimat-tour-2019\">Heimattour des MHKBG NRW mit Ministerin Ina Scharrenbach<\/a> <\/p>\n\n\n\n<h2 class=\"wp-block-heading\">Wir werden oft gefragt&#8230; <\/h2>\n\n\n\n<h2 class=\"wp-block-heading\">&#8230; was es werden soll, wann es denn fertig ist, warum man so etwas macht&#8230; was das alles kostet&#8230; ob man uns helfen kann:<\/h2>\n\n\n\n<h3 class=\"wp-block-heading\">Warum?<\/h3>\n\n\n\n<p>Weil Kulturdenkm\u00e4ler f\u00fcr uns Menschen wichtig sind. <span style=\"font-family: 'Glass Antiqua', sans-serif,helvetica;font-weight: bold;\">DasKl\u00e4rwerk<\/span> ist ein Zeugnis unserer Kultur, es entspricht daher einer allgemeinen Definition des Begriffs Denkmal.  <\/p>\n\n\n\n<p>Bei einem &#8220;Kulturdenkmal&#8221; kommt hinzu, dass dem Objekt ein besonderer \u201ehistorischer Wert\u201c zuerkannt wurde, auch ein k\u00fcnstlerischer Wert. Die Zuerkennung eines solchen Denkmalwerts sowie \u00f6ffentliches Interesse f\u00fchrten schon vor Jahrzehnten dazu, dass <span style=\"font-family: 'Glass Antiqua', sans-serif,helvetica;font-weight: bold;\">DasKl\u00e4rwerk<\/span>  auch amtlich unter Denkmalschutz gestellt wurde. <\/p>\n\n\n<p>Aber&nbsp;<span style=\"font-family: 'Glass Antiqua', sans-serif,helvetica; font-weight: bold;\">DasKl\u00e4rwerk<\/span> ist auch dar\u00fcber hinaus ein ganz ausserordentliches Denkmal. Es ist eine der wenigen letzten erhaltenen Kl\u00e4ranlagen der ersten Generation, es ist auch eine bautechnische &nbsp;Rarit\u00e4t . Daher hat es einen herausragenden und besonderen Wert, ist aber auch noch schutzbed\u00fcrftiger. &nbsp;<\/p>\n\n\n<h3 class=\"wp-block-heading\">Was das kostet?<\/h3>\n\n\n\n<p>Schwer zu sagen, denn was kostet der Erhalt des Eifelturms, des Brandenburger Tors oder eines der vielen Schl\u00f6sser, der Kirchen, der Zeche Zollverein? <\/p>\n\n\n\n<blockquote class=\"wp-block-quote is-style-default is-layout-flow wp-block-quote-is-layout-flow\"><p><strong>Kulturdenkmale m\u00fcssen von uns nicht besch\u00fctzt werden, es ist umgekehrt, sie besch\u00fctzen uns. Unsere Kultur.<\/strong><\/p><\/blockquote>\n\n\n\n<h3 class=\"wp-block-heading\">Was soll es mal werden? <\/h3>\n\n\n\n<p>Das zu beantworten, ist nicht mit einem Satz getan. Klar aber ist: <span style=\"font-family: 'Glass Antiqua', sans-serif,helvetica;font-weight: bold;\">DasKl\u00e4rwerk<\/span> wird nie wieder seine urspr\u00fcngliche Funktion ausf\u00fchren k\u00f6nnen. Die Abwasserreinigung findet heute in moderneren Anlagen satt. <\/p>\n\n\n\n<p>Die Eigent\u00fcmer, vier Freunde, stellen wesentliche Teile des Kl\u00e4rwerks dem Verein zum Erhalt der historischen Kl\u00e4ranlage in Krefeld Uerdingen e.V. zur Verf\u00fcgung. Und sie organisieren die <a href=\"https:\/\/www.klaerwerk-krefeld.org\/index.php\/bauarbeiten\/\" data-type=\"page\" data-id=\"3757\">Reparatur<\/a>. Denn <span style=\"font-family: 'Glass Antiqua', sans-serif,helvetica;font-weight: bold;\">DasKl\u00e4rwerk<\/span> wird neu gedacht: es steht jetzt schon einer breiten Gruppe von Menschen offen. Und dies wird in den n\u00e4chsten Jahren immer mehr ausgeweitet: <br>Siehe  <a href=\"https:\/\/www.klaerwerk-krefeld.org\/index.php\/nutzung-des-denkmals\/\" data-type=\"page\" data-id=\"3176\"><strong>Themen<\/strong><\/a><\/p>\n\n\n\n<h3 class=\"wp-block-heading\">Wie kann man uns helfen?<\/h3>\n\n\n\n<p><a href=\"https:\/\/www.klaerwerk-krefeld.org\/index.php\/spenden\/\" data-type=\"page\" data-id=\"2745\">Spenden<\/a>. <a href=\"https:\/\/www.klaerwerk-krefeld.org\/index.php\/kontakt\/\" data-type=\"page\" data-id=\"10\">Mitmachen<\/a>. <a href=\"https:\/\/www.klaerwerk-krefeld.org\/index.php\/sonderfuehrungen\/\" data-type=\"page\" data-id=\"271\">Besuchen<\/a>.<\/p>\n","protected":false},"excerpt":{"rendered":"<p>Foto: Pia Kobylecky, w\u00e4hrend der Heimattour des MHKBG NRW mit Ministerin Ina Scharrenbach Wir werden oft gefragt&#8230; &#8230; was es werden soll, wann es denn fertig ist, warum man so etwas macht&#8230; was das alles kostet&#8230; ob man uns helfen kann: Warum? Weil Kulturdenkm\u00e4ler f\u00fcr uns Menschen wichtig sind. DasKl\u00e4rwerk ist ein Zeugnis unserer Kultur, &hellip; <\/p>\n<p class=\"link-more\"><a href=\"https:\/\/www.klaerwerk-krefeld.org\/index.php\/ziele\/\" class=\"more-link\"><span class=\"screen-reader-text\">\u201eZiele\u201c <\/span>weiterlesen<\/a><\/p>\n","protected":false},"author":1,"featured_media":2723,"parent":0,"menu_order":0,"comment_status":"closed","ping_status":"closed","template":"","meta":{"footnotes":""},"class_list":["post-2786","page","type-page","status-publish","has-post-thumbnail","hentry"],"_links":{"self":[{"href":"https:\/\/www.klaerwerk-krefeld.org\/index.php\/wp-json\/wp\/v2\/pages\/2786","targetHints":{"allow":["GET"]}}],"collection":[{"href":"https:\/\/www.klaerwerk-krefeld.org\/index.php\/wp-json\/wp\/v2\/pages"}],"about":[{"href":"https:\/\/www.klaerwerk-krefeld.org\/index.php\/wp-json\/wp\/v2\/types\/page"}],"author":[{"embeddable":true,"href":"https:\/\/www.klaerwerk-krefeld.org\/index.php\/wp-json\/wp\/v2\/users\/1"}],"replies":[{"embeddable":true,"href":"https:\/\/www.klaerwerk-krefeld.org\/index.php\/wp-json\/wp\/v2\/comments?post=2786"}],"version-history":[{"count":25,"href":"https:\/\/www.klaerwerk-krefeld.org\/index.php\/wp-json\/wp\/v2\/pages\/2786\/revisions"}],"predecessor-version":[{"id":4497,"href":"https:\/\/www.klaerwerk-krefeld.org\/index.php\/wp-json\/wp\/v2\/pages\/2786\/revisions\/4497"}],"wp:featuredmedia":[{"embeddable":true,"href":"https:\/\/www.klaerwerk-krefeld.org\/index.php\/wp-json\/wp\/v2\/media\/2723"}],"wp:attachment":[{"href":"https:\/\/www.klaerwerk-krefeld.org\/index.php\/wp-json\/wp\/v2\/media?parent=2786"}],"curies":[{"name":"wp","href":"https:\/\/api.w.org\/{rel}","templated":true}]}}