{"id":2745,"date":"2019-09-09T11:28:11","date_gmt":"2019-09-09T09:28:11","guid":{"rendered":"https:\/\/klaerwerk.querfeldeins.org\/?page_id=2745"},"modified":"2025-04-11T20:44:35","modified_gmt":"2025-04-11T18:44:35","slug":"spenden","status":"publish","type":"page","link":"https:\/\/www.klaerwerk-krefeld.org\/index.php\/spenden\/","title":{"rendered":"\u00dcber uns und ihre Hilfe beim Erhalt des Kl\u00e4rwerks"},"content":{"rendered":"\n<h3 class=\"wp-block-heading has-medium-font-size\">Wir sind der <strong>Verein zum Erhalt des historischen Kl\u00e4rwerks<\/strong> <strong>in Krefeld Uerdingen e.V<\/strong>, der sich um den gemeinn\u00fctzigen Teil des Betriebs des alten Kl\u00e4rwerks, die wissenschaftliche Erforschung, Bildungsangebote und F\u00fchrungen durch das Industriedenkmal engagiert. <\/h3>\n\n\n\n<p class=\"has-medium-font-size\">Das Kl\u00e4rwerk ist nicht institutionell gef\u00f6rdert, ist nicht mehr im Besitz der Stadt Krefeld, sondern von vier Freunden von der Stadt nach gut 20 Jahren als lost-place \u00fcbernommen worden.\u00a0<\/p>\n\n\n\n<p class=\"has-medium-font-size\">Unser Hauptziel ist ist der langfristige Erhalt einer der \u00e4ltesten \u00fcberlieferten Kl\u00e4ranlagen der Welt. Der eingetragene Verein ist als gemeinn\u00fctzig vom Finanzamt anerkannt.<\/p>\n\n\n\n<h2 class=\"wp-block-heading\">Wenn Sie F\u00f6rdermitglied werden m\u00f6chten:<\/h2>\n\n\n\n<p class=\"has-medium-font-size\">hier bitte einen <a href=\"mailto:email@klaerwerk-krefeld.org\">Email an den Vorstand senden<\/a>. F\u00f6rdermitglieder helfen mit ihrem Jahresbeitrag die Vereinsarbeit und den Satzungszweck zu erf\u00fcllen. F\u00f6rdermitglieder k\u00f6nnen mit ehrenamtlicher Arbeit gerne das Team in Kl\u00e4rwerk bei \u00f6ffentlichen Veranstaltungen und Ausstellungen unterst\u00fctzen. Die Eigent\u00fcmer erm\u00f6glichen es unserem F\u00f6rderverein eigene Veranstaltungen im Kl\u00e4rwerk durchzuf\u00fchren. Wenn Sie Ideen haben, sich beteiligen m\u00f6chten, gerne: <a href=\"mailto:email@klaerwerk-krefeld.org\">Email an den Vorstand senden<\/a><\/p>\n\n\n\n<h2 class=\"wp-block-heading\">Wenn Sie spenden m\u00f6chten: <\/h2>\n\n\n\n<p class=\"has-medium-font-size\">freuen wir uns nat\u00fcrlich sehr. Ihre Spende ist steuerlich absetzbar. F\u00fcr Spenden bis 300 Euro erkennt das Finanzamt Ihren Kontoauszug als vereinfachten Nachweis an. Wir verschicken Anfang Februar des Folgejahres die Spendenbescheinigung. Auf Wunsch senden wir Ihnen diese auch sofort zu. Mehr Informationen zur steuerlichen Auswirkung von Spenden und Stiftung finden Sie <a href=\"https:\/\/www.stifter-fuer-stifter.de\/inhalt\/uploads\/2018\/01\/SFS-Steuerliche-Aspekte-beim-Stiften-und-Spenden-2014.pdf\">hier<\/a><\/p>\n\n\n\n<p class=\"has-medium-font-size\">Wir sicheren ihnen eine sinnvolle Verwendung f\u00fcr den Erhalt des Geb\u00e4udes, f\u00fcr wissenschaftliche Arbeit, Bildung und Forschung zu.<\/p>\n\n\n\n<hr class=\"wp-block-separator has-css-opacity\"\/>\n\n\n\n<div class=\"wp-block-columns is-layout-flex wp-container-core-columns-is-layout-9d6595d7 wp-block-columns-is-layout-flex\">\n<div class=\"wp-block-column is-layout-flow wp-block-column-is-layout-flow\">\n<p><strong>Spende \u00fcber Paypal<\/strong><br><strong>oder Kreditkarte:<\/strong><\/p>\n\n\n\n<div class=\"wp-block-buttons is-layout-flex wp-block-buttons-is-layout-flex\">\n<div class=\"wp-block-button is-style-fill\"><a class=\"wp-block-button__link has-black-color has-luminous-vivid-amber-background-color has-text-color has-background wp-element-button\" href=\"https:\/\/www.paypal.com\/donate\/?hosted_button_id=A8KEKJDFZB5EL\">Paypal Spende<\/a><\/div>\n<\/div>\n\n\n<div class=\"wp-block-image\">\n<figure class=\"alignleft size-full\"><img loading=\"lazy\" decoding=\"async\" width=\"256\" height=\"256\" src=\"https:\/\/www.klaerwerk-krefeld.org\/wp-content\/uploads\/2022\/04\/0FE77589-92F5-4AF7-A179-3692AFD3FF1B.png\" alt=\"\" class=\"wp-image-6391\" srcset=\"https:\/\/www.klaerwerk-krefeld.org\/wp-content\/uploads\/2022\/04\/0FE77589-92F5-4AF7-A179-3692AFD3FF1B.png 256w, https:\/\/www.klaerwerk-krefeld.org\/wp-content\/uploads\/2022\/04\/0FE77589-92F5-4AF7-A179-3692AFD3FF1B-150x150.png 150w, https:\/\/www.klaerwerk-krefeld.org\/wp-content\/uploads\/2022\/04\/0FE77589-92F5-4AF7-A179-3692AFD3FF1B-100x100.png 100w, https:\/\/www.klaerwerk-krefeld.org\/wp-content\/uploads\/2022\/04\/0FE77589-92F5-4AF7-A179-3692AFD3FF1B-96x96.png 96w\" sizes=\"auto, (max-width: 256px) 100vw, 256px\" \/><figcaption class=\"wp-element-caption\">Paypal Spende<\/figcaption><\/figure>\n<\/div><\/div>\n\n\n\n<div class=\"wp-block-column is-layout-flow wp-block-column-is-layout-flow\">\n<p class=\"has-text-align-right\"><strong>Spende als \u00dcberweisung:<\/strong><\/p>\n\n\n\n<p class=\"has-text-align-right\">IBAN: DE89 3205 0000 0003 2767 55<a href=\"https:\/\/querfeldeins.slack.com\/archives\/CD5CRHTKR\/p1568020661002000\"><\/a><br>BIC SPKRDE33XXX<br>Sparkasse Krefeld<\/p>\n\n\n<div class=\"wp-block-image is-resized\">\n<figure class=\"alignright size-full\"><img loading=\"lazy\" decoding=\"async\" width=\"300\" height=\"300\" src=\"https:\/\/www.klaerwerk-krefeld.org\/wp-content\/uploads\/2022\/03\/Spende_uerberweisung.png\" alt=\"\" class=\"wp-image-6367\" srcset=\"https:\/\/www.klaerwerk-krefeld.org\/wp-content\/uploads\/2022\/03\/Spende_uerberweisung.png 300w, https:\/\/www.klaerwerk-krefeld.org\/wp-content\/uploads\/2022\/03\/Spende_uerberweisung-150x150.png 150w, https:\/\/www.klaerwerk-krefeld.org\/wp-content\/uploads\/2022\/03\/Spende_uerberweisung-100x100.png 100w, https:\/\/www.klaerwerk-krefeld.org\/wp-content\/uploads\/2022\/03\/Spende_uerberweisung-96x96.png 96w\" sizes=\"auto, (max-width: 300px) 100vw, 300px\" \/><figcaption class=\"wp-element-caption\">          \u00dcberweisung QR-Code<\/figcaption><\/figure>\n<\/div><\/div>\n<\/div>\n\n\n\n<p><\/p>\n","protected":false},"excerpt":{"rendered":"<p>Wir sind der Verein zum Erhalt des historischen Kl\u00e4rwerks in Krefeld Uerdingen e.V, der sich um den gemeinn\u00fctzigen Teil des Betriebs des alten Kl\u00e4rwerks, die wissenschaftliche Erforschung, Bildungsangebote und F\u00fchrungen durch das Industriedenkmal engagiert. Das Kl\u00e4rwerk ist nicht institutionell gef\u00f6rdert, ist nicht mehr im Besitz der Stadt Krefeld, sondern von vier Freunden von der Stadt &hellip; <\/p>\n<p class=\"link-more\"><a href=\"https:\/\/www.klaerwerk-krefeld.org\/index.php\/spenden\/\" class=\"more-link\"><span class=\"screen-reader-text\">\u201e\u00dcber uns und ihre Hilfe beim Erhalt des Kl\u00e4rwerks\u201c <\/span>weiterlesen<\/a><\/p>\n","protected":false},"author":1,"featured_media":0,"parent":0,"menu_order":0,"comment_status":"closed","ping_status":"closed","template":"","meta":{"footnotes":""},"class_list":["post-2745","page","type-page","status-publish","hentry"],"_links":{"self":[{"href":"https:\/\/www.klaerwerk-krefeld.org\/index.php\/wp-json\/wp\/v2\/pages\/2745","targetHints":{"allow":["GET"]}}],"collection":[{"href":"https:\/\/www.klaerwerk-krefeld.org\/index.php\/wp-json\/wp\/v2\/pages"}],"about":[{"href":"https:\/\/www.klaerwerk-krefeld.org\/index.php\/wp-json\/wp\/v2\/types\/page"}],"author":[{"embeddable":true,"href":"https:\/\/www.klaerwerk-krefeld.org\/index.php\/wp-json\/wp\/v2\/users\/1"}],"replies":[{"embeddable":true,"href":"https:\/\/www.klaerwerk-krefeld.org\/index.php\/wp-json\/wp\/v2\/comments?post=2745"}],"version-history":[{"count":22,"href":"https:\/\/www.klaerwerk-krefeld.org\/index.php\/wp-json\/wp\/v2\/pages\/2745\/revisions"}],"predecessor-version":[{"id":7741,"href":"https:\/\/www.klaerwerk-krefeld.org\/index.php\/wp-json\/wp\/v2\/pages\/2745\/revisions\/7741"}],"wp:attachment":[{"href":"https:\/\/www.klaerwerk-krefeld.org\/index.php\/wp-json\/wp\/v2\/media?parent=2745"}],"curies":[{"name":"wp","href":"https:\/\/api.w.org\/{rel}","templated":true}]}}