{"id":10,"date":"2018-09-10T19:19:03","date_gmt":"2018-09-10T17:19:03","guid":{"rendered":"http:\/\/klaerwerk.querfeldeins.org\/?page_id=10"},"modified":"2023-12-09T22:44:39","modified_gmt":"2023-12-09T21:44:39","slug":"kontakt","status":"publish","type":"page","link":"https:\/\/www.klaerwerk-krefeld.org\/index.php\/kontakt\/","title":{"rendered":"Kontakt"},"content":{"rendered":"\n<p>Verein zum Erhalt des historische Kl\u00e4rwerks in Krefeld Uerdingen e.V. <br>Rundweg 20-22, 47829 Krefeld<\/p>\n\n\n\n<ul class=\"wp-block-list\">\n<li>Wenn Sie eine F\u00fchrung planen: <br>lesen Sie bitte unsere <a href=\"https:\/\/www.klaerwerk-krefeld.org\/index.php\/sonderfuehrungen\/\">Seite zu F\u00fchrungen<\/a> <\/li>\n\n\n\n<li>Wenn Sie das Kl\u00e4rwerk  <strong>fotografieren<\/strong> m\u00f6chten, gibt es hier <a href=\"https:\/\/location.klaerwerk-krefeld.org\/index.php\/foto-und-film\/\"><strong>Hinweise<\/strong><\/a><\/li>\n\n\n\n<li><span style=\"font-size: 1rem;\">Telefonisch k\u00f6nnen Sie uns im Kl\u00e4rwerk unter <span style=\"font-size: 1rem;\">Tel: 02151-9718738<\/span><\/span> erreichen<span style=\"font-size: 1rem;\">, <\/span><br><span style=\"font-size: 1rem;\">Email:\u00a0<a href=\"mailto:info@klaerwerk-krefeld.org\">info@klaerwerk-krefeld.org<\/a><\/span><\/li>\n<\/ul>\n\n\n\n<p><span style=\"font-size: 1rem;\"><br><\/span><\/p>\n\n\n\n<!--more-->\n\n\n\n<p>Im \/ am Kl\u00e4rwerk <strong>Mitmachen? Gern! <\/strong>Wir arbeiten am Geb\u00e4ude, am Inventar, haben eine unglaublich gute Datenbank und digitale Sammlung zu allen Themen rund ums Kl\u00e4rwerk, die Konstruktion, die Entstehungsgeschichte und vieles mehr. Wir f\u00fchren Besucher an Wochenenden durchs Haus und arbeiten immer \u00f6fter auch mit Schulklassen. <br><span style=\"font-size: 1rem;\">Email:\u00a0<a href=\"mailto:info@klaerwerk-krefeld.org\">info@klaerwerk-krefeld.org<\/a><\/span><\/p>\n","protected":false},"excerpt":{"rendered":"<p>Verein zum Erhalt des historische Kl\u00e4rwerks in Krefeld Uerdingen e.V. Rundweg 20-22, 47829 Krefeld<\/p>\n","protected":false},"author":1,"featured_media":28,"parent":0,"menu_order":0,"comment_status":"closed","ping_status":"closed","template":"","meta":{"footnotes":""},"class_list":["post-10","page","type-page","status-publish","has-post-thumbnail","hentry"],"_links":{"self":[{"href":"https:\/\/www.klaerwerk-krefeld.org\/index.php\/wp-json\/wp\/v2\/pages\/10","targetHints":{"allow":["GET"]}}],"collection":[{"href":"https:\/\/www.klaerwerk-krefeld.org\/index.php\/wp-json\/wp\/v2\/pages"}],"about":[{"href":"https:\/\/www.klaerwerk-krefeld.org\/index.php\/wp-json\/wp\/v2\/types\/page"}],"author":[{"embeddable":true,"href":"https:\/\/www.klaerwerk-krefeld.org\/index.php\/wp-json\/wp\/v2\/users\/1"}],"replies":[{"embeddable":true,"href":"https:\/\/www.klaerwerk-krefeld.org\/index.php\/wp-json\/wp\/v2\/comments?post=10"}],"version-history":[{"count":16,"href":"https:\/\/www.klaerwerk-krefeld.org\/index.php\/wp-json\/wp\/v2\/pages\/10\/revisions"}],"predecessor-version":[{"id":7466,"href":"https:\/\/www.klaerwerk-krefeld.org\/index.php\/wp-json\/wp\/v2\/pages\/10\/revisions\/7466"}],"wp:featuredmedia":[{"embeddable":true,"href":"https:\/\/www.klaerwerk-krefeld.org\/index.php\/wp-json\/wp\/v2\/media\/28"}],"wp:attachment":[{"href":"https:\/\/www.klaerwerk-krefeld.org\/index.php\/wp-json\/wp\/v2\/media?parent=10"}],"curies":[{"name":"wp","href":"https:\/\/api.w.org\/{rel}","templated":true}]}}